{"id":18477,"date":"2023-11-19T13:39:48","date_gmt":"2023-11-19T12:39:48","guid":{"rendered":"https:\/\/diabet.fr\/centra\/"},"modified":"2024-12-24T17:26:18","modified_gmt":"2024-12-24T16:26:18","slug":"centra","status":"publish","type":"page","link":"https:\/\/diabet.fr\/sv\/centra\/","title":{"rendered":"Centra"},"content":{"rendered":"\t\t<div data-elementor-type=\"wp-page\" data-elementor-id=\"18477\" class=\"elementor elementor-18477 elementor-153\" data-elementor-post-type=\"page\">\n\t\t\t\t<section class=\"elementor-element elementor-element-be4ace6 e-con-full e-flex e-con e-parent\" data-id=\"be4ace6\" data-element_type=\"container\" data-e-type=\"container\">\n\t\t<div class=\"elementor-element elementor-element-f9ace1b e-con-full e-flex e-con e-child\" data-id=\"f9ace1b\" data-element_type=\"container\" data-e-type=\"container\" data-settings=\"{&quot;background_background&quot;:&quot;classic&quot;}\">\n\t\t\t\t<div class=\"elementor-element elementor-element-df4764d elementor-align-left elementor-widget elementor-widget-breadcrumbs\" data-id=\"df4764d\" data-element_type=\"widget\" data-e-type=\"widget\" data-widget_type=\"breadcrumbs.default\">\n\t\t\t\t<div class=\"elementor-widget-container\">\n\t\t\t\t\t<nav aria-label=\"breadcrumbs\" class=\"rank-math-breadcrumb\"><p><span class=\"last\">Diabet&#039;<\/span><\/p><\/nav>\t\t\t\t<\/div>\n\t\t\t\t<\/div>\n\t\t\t\t<div class=\"elementor-element elementor-element-cab1fe2 elementor-widget elementor-widget-heading\" data-id=\"cab1fe2\" data-element_type=\"widget\" data-e-type=\"widget\" data-widget_type=\"heading.default\">\n\t\t\t\t\t<h1 class=\"elementor-heading-title elementor-size-default\"><span class=\"color-mauve\">V\u00e5r plan mot <\/span> diabetes<\/h1>\t\t\t\t<\/div>\n\t\t\t\t<\/div>\n\t\t<div class=\"elementor-element elementor-element-71e2a0e e-con-full e-flex e-con e-child\" data-id=\"71e2a0e\" data-element_type=\"container\" data-e-type=\"container\" data-no-lazy=\"\">\n\t\t\t\t<div class=\"elementor-element elementor-element-f9ce955 elementor-widget elementor-widget-image\" data-id=\"f9ce955\" data-element_type=\"widget\" data-e-type=\"widget\" data-widget_type=\"image.default\">\n\t\t\t\t\t\t\t\t\t\t\t\t\t\t\t<img fetchpriority=\"high\" decoding=\"async\" width=\"800\" height=\"533\" src=\"https:\/\/diabet.fr\/wp-content\/uploads\/nurse-injecting-insulin-in-diabetic-girl-belly-abdomen-close-up-of-young-girl-with-type-1-diabetes.webp\" class=\"attachment-large size-large wp-image-18437\" alt=\"centres diab\u00e9tologie\" srcset=\"https:\/\/diabet.fr\/wp-content\/uploads\/nurse-injecting-insulin-in-diabetic-girl-belly-abdomen-close-up-of-young-girl-with-type-1-diabetes.webp 2000w, https:\/\/diabet.fr\/wp-content\/uploads\/nurse-injecting-insulin-in-diabetic-girl-belly-abdomen-close-up-of-young-girl-with-type-1-diabetes-300x200.webp 300w, https:\/\/diabet.fr\/wp-content\/uploads\/nurse-injecting-insulin-in-diabetic-girl-belly-abdomen-close-up-of-young-girl-with-type-1-diabetes-768x512.webp 768w, https:\/\/diabet.fr\/wp-content\/uploads\/nurse-injecting-insulin-in-diabetic-girl-belly-abdomen-close-up-of-young-girl-with-type-1-diabetes-1536x1024.webp 1536w\" sizes=\"(max-width: 800px) 100vw, 800px\" title=\"\">\t\t\t\t\t\t\t\t\t\t\t\t\t\t\t<\/div>\n\t\t\t\t<\/div>\n\t\t\t\t<\/section>\n\t\t<div class=\"elementor-element elementor-element-ffbf8bc e-flex e-con-boxed e-con e-parent\" data-id=\"ffbf8bc\" data-element_type=\"container\" data-e-type=\"container\">\n\t\t\t\t\t<div class=\"e-con-inner\">\n\t\t<div class=\"elementor-element elementor-element-86cae45 e-flex e-con-boxed e-con e-child\" data-id=\"86cae45\" data-element_type=\"container\" data-e-type=\"container\">\n\t\t\t\t\t<div class=\"e-con-inner\">\n\t\t<div class=\"elementor-element elementor-element-430aa0d e-flex e-con-boxed e-con e-child\" data-id=\"430aa0d\" data-element_type=\"container\" data-e-type=\"container\">\n\t\t\t\t\t<div class=\"e-con-inner\">\n\t\t\t\t<div class=\"elementor-element elementor-element-071698c elementor-invisible elementor-widget elementor-widget-heading\" data-id=\"071698c\" data-element_type=\"widget\" data-e-type=\"widget\" data-settings=\"{&quot;_animation&quot;:&quot;fadeInUp&quot;}\" data-widget_type=\"heading.default\">\n\t\t\t\t\t<h2 class=\"elementor-heading-title elementor-size-default\">V\u00e5rt <span class=\"color-violet\">medicinska projekt<\/span><\/h2>\t\t\t\t<\/div>\n\t\t\t\t\t<\/div>\n\t\t\t\t<\/div>\n\t\t<div class=\"elementor-element elementor-element-d609c63 e-flex e-con-boxed e-con e-child\" data-id=\"d609c63\" data-element_type=\"container\" data-e-type=\"container\">\n\t\t\t\t\t<div class=\"e-con-inner\">\n\t\t\t\t<div class=\"elementor-element elementor-element-b52a923 elementor-widget elementor-widget-text-editor\" data-id=\"b52a923\" data-element_type=\"widget\" data-e-type=\"widget\" data-widget_type=\"text-editor.default\">\n\t\t\t\t\t\t\t\t\t<p>Ett tv\u00e4rvetenskapligt team dedikerat till din v\u00e5rd och f\u00f6rb\u00e4ttringen av din livskvalitet.<\/p>\n\t\t\t\t\t\t\t\t<\/div>\n\t\t\t\t\t<\/div>\n\t\t\t\t<\/div>\n\t\t\t\t\t<\/div>\n\t\t\t\t<\/div>\n\t\t<div class=\"elementor-element elementor-element-b74754d e-con-full e-flex e-con e-child\" data-id=\"b74754d\" data-element_type=\"container\" data-e-type=\"container\">\n\t\t<div class=\"elementor-element elementor-element-2c54f80 e-con-full e-flex e-con e-child\" data-id=\"2c54f80\" data-element_type=\"container\" data-e-type=\"container\" data-settings=\"{&quot;background_background&quot;:&quot;classic&quot;}\">\n\t\t\t\t<\/div>\n\t\t<div class=\"elementor-element elementor-element-fbd909d e-con-full e-flex e-con e-child\" data-id=\"fbd909d\" data-element_type=\"container\" data-e-type=\"container\">\n\t\t<div class=\"elementor-element elementor-element-d6ecf3a e-con-full e-flex e-con e-child\" data-id=\"d6ecf3a\" data-element_type=\"container\" data-e-type=\"container\">\n\t\t<div class=\"elementor-element elementor-element-c78cca1 e-con-full e-flex e-con e-child\" data-id=\"c78cca1\" data-element_type=\"container\" data-e-type=\"container\" data-settings=\"{&quot;background_background&quot;:&quot;classic&quot;}\">\n\t\t\t\t<div class=\"elementor-element elementor-element-56da045 elementor-widget elementor-widget-heading\" data-id=\"56da045\" data-element_type=\"widget\" data-e-type=\"widget\" data-widget_type=\"heading.default\">\n\t\t\t\t\t<h3 class=\"elementor-heading-title elementor-size-default\">F\u00f6rebyggande<\/h3>\t\t\t\t<\/div>\n\t\t\t\t<div class=\"elementor-element elementor-element-5e2e723 elementor-widget elementor-widget-text-editor\" data-id=\"5e2e723\" data-element_type=\"widget\" data-e-type=\"widget\" data-widget_type=\"text-editor.default\">\n\t\t\t\t\t\t\t\t\t<p>Undvik att sjukdomen f\u00f6rv\u00e4rras och fr\u00e4mja ett positivt f\u00f6rh\u00e5llningss\u00e4tt genom dedikerade konsultationer och samordning av de olika specialister som \u00e4r involverade i din v\u00e5rd.<\/p>\n\t\t\t\t\t\t\t\t<\/div>\n\t\t\t\t<\/div>\n\t\t\t\t<div class=\"elementor-element elementor-element-909148e elementor-widget elementor-widget-image\" data-id=\"909148e\" data-element_type=\"widget\" data-e-type=\"widget\" data-widget_type=\"image.default\">\n\t\t\t\t\t\t\t\t\t\t\t\t\t\t\t<img decoding=\"async\" width=\"800\" height=\"533\" src=\"https:\/\/diabet.fr\/wp-content\/uploads\/female-doctor-talking-to-senior-patient-during-medical-exam-at-the-clinic-.webp\" class=\"attachment-large size-large wp-image-15122 not-transparent\" alt=\"pr\u00e9vention en centre de diab\u00e9tologie\" srcset=\"https:\/\/diabet.fr\/wp-content\/uploads\/female-doctor-talking-to-senior-patient-during-medical-exam-at-the-clinic-.webp 2000w, https:\/\/diabet.fr\/wp-content\/uploads\/female-doctor-talking-to-senior-patient-during-medical-exam-at-the-clinic--300x200.webp 300w, https:\/\/diabet.fr\/wp-content\/uploads\/female-doctor-talking-to-senior-patient-during-medical-exam-at-the-clinic--768x512.webp 768w, https:\/\/diabet.fr\/wp-content\/uploads\/female-doctor-talking-to-senior-patient-during-medical-exam-at-the-clinic--1536x1024.webp 1536w\" sizes=\"(max-width: 800px) 100vw, 800px\" data-has-transparency=\"false\" data-dominant-color=\"a6aca8\" style=\"--dominant-color: #a6aca8\" title=\"\">\t\t\t\t\t\t\t\t\t\t\t\t\t\t\t<\/div>\n\t\t\t\t<\/div>\n\t\t\t\t<\/div>\n\t\t\t\t<\/div>\n\t\t<div class=\"elementor-element elementor-element-abd443d e-con-full e-flex e-con e-child\" data-id=\"abd443d\" data-element_type=\"container\" data-e-type=\"container\">\n\t\t<div class=\"elementor-element elementor-element-bd164e2 e-con-full e-flex e-con e-child\" data-id=\"bd164e2\" data-element_type=\"container\" data-e-type=\"container\">\n\t\t<div class=\"elementor-element elementor-element-2628609 e-con-full e-flex e-con e-child\" data-id=\"2628609\" data-element_type=\"container\" data-e-type=\"container\">\n\t\t<div class=\"elementor-element elementor-element-fc440d8 e-con-full e-flex e-con e-child\" data-id=\"fc440d8\" data-element_type=\"container\" data-e-type=\"container\" data-settings=\"{&quot;background_background&quot;:&quot;classic&quot;}\">\n\t\t\t\t<div class=\"elementor-element elementor-element-b2fddf3 elementor-widget elementor-widget-heading\" data-id=\"b2fddf3\" data-element_type=\"widget\" data-e-type=\"widget\" data-widget_type=\"heading.default\">\n\t\t\t\t\t<h3 class=\"elementor-heading-title elementor-size-default\">Utbildning<\/h3>\t\t\t\t<\/div>\n\t\t\t\t<div class=\"elementor-element elementor-element-325b44b elementor-widget elementor-widget-text-editor\" data-id=\"325b44b\" data-element_type=\"widget\" data-e-type=\"widget\" data-widget_type=\"text-editor.default\">\n\t\t\t\t\t\t\t\t\t<p>Utveckla f\u00e4rdigheter specifika f\u00f6r dina sjukdomsbehov genom terapeutiska utbildningssessioner som \u00e4r anpassade efter dina komplikationer och personliga f\u00f6ruts\u00e4ttningar.<\/p>\n\t\t\t\t\t\t\t\t<\/div>\n\t\t\t\t<\/div>\n\t\t\t\t<div class=\"elementor-element elementor-element-58e809d elementor-widget elementor-widget-image\" data-id=\"58e809d\" data-element_type=\"widget\" data-e-type=\"widget\" data-widget_type=\"image.default\">\n\t\t\t\t\t\t\t\t\t\t\t\t\t\t\t<img decoding=\"async\" width=\"800\" height=\"533\" src=\"https:\/\/diabet.fr\/wp-content\/uploads\/doctors-explaining-symptoms-and-treatment-to-patients-.webp\" class=\"attachment-large size-large wp-image-15123 not-transparent\" alt=\"\u00e9ducation du patient diab\u00e9tique\" srcset=\"https:\/\/diabet.fr\/wp-content\/uploads\/doctors-explaining-symptoms-and-treatment-to-patients-.webp 2000w, https:\/\/diabet.fr\/wp-content\/uploads\/doctors-explaining-symptoms-and-treatment-to-patients--300x200.webp 300w, https:\/\/diabet.fr\/wp-content\/uploads\/doctors-explaining-symptoms-and-treatment-to-patients--768x512.webp 768w, https:\/\/diabet.fr\/wp-content\/uploads\/doctors-explaining-symptoms-and-treatment-to-patients--1536x1024.webp 1536w\" sizes=\"(max-width: 800px) 100vw, 800px\" data-has-transparency=\"false\" data-dominant-color=\"6f6e6c\" style=\"--dominant-color: #6f6e6c\" title=\"\">\t\t\t\t\t\t\t\t\t\t\t\t\t\t\t<\/div>\n\t\t\t\t<\/div>\n\t\t\t\t<\/div>\n\t\t<div class=\"elementor-element elementor-element-0240316 e-con-full elementor-hidden-mobile e-flex e-con e-child\" data-id=\"0240316\" data-element_type=\"container\" data-e-type=\"container\" data-settings=\"{&quot;background_background&quot;:&quot;classic&quot;}\">\n\t\t\t\t<\/div>\n\t\t\t\t<\/div>\n\t\t<div class=\"elementor-element elementor-element-431f91a e-con-full e-flex e-con e-child\" data-id=\"431f91a\" data-element_type=\"container\" data-e-type=\"container\">\n\t\t<div class=\"elementor-element elementor-element-6bd78b0 e-con-full elementor-hidden-mobile e-flex e-con e-child\" data-id=\"6bd78b0\" data-element_type=\"container\" data-e-type=\"container\" data-settings=\"{&quot;background_background&quot;:&quot;classic&quot;}\">\n\t\t\t\t<\/div>\n\t\t<div class=\"elementor-element elementor-element-8b481e3 e-con-full e-flex e-con e-child\" data-id=\"8b481e3\" data-element_type=\"container\" data-e-type=\"container\">\n\t\t<div class=\"elementor-element elementor-element-939a8cf e-con-full e-flex e-con e-child\" data-id=\"939a8cf\" data-element_type=\"container\" data-e-type=\"container\">\n\t\t<div class=\"elementor-element elementor-element-4082b52 e-con-full e-flex e-con e-child\" data-id=\"4082b52\" data-element_type=\"container\" data-e-type=\"container\" data-settings=\"{&quot;background_background&quot;:&quot;classic&quot;}\">\n\t\t\t\t<div class=\"elementor-element elementor-element-c7348c1 elementor-widget elementor-widget-heading\" data-id=\"c7348c1\" data-element_type=\"widget\" data-e-type=\"widget\" data-widget_type=\"heading.default\">\n\t\t\t\t\t<h3 class=\"elementor-heading-title elementor-size-default\">\u00d6vervakning<\/h3>\t\t\t\t<\/div>\n\t\t\t\t<div class=\"elementor-element elementor-element-ed5eb85 elementor-widget elementor-widget-text-editor\" data-id=\"ed5eb85\" data-element_type=\"widget\" data-e-type=\"widget\" data-widget_type=\"text-editor.default\">\n\t\t\t\t\t\t\t\t\t<p>Undvik \u00e5terfall, f\u00f6rebygg obalanser och komplikationer genom anv\u00e4ndning av fj\u00e4rr\u00f6vervakning och tillg\u00e4ngligheten av v\u00e5ra team.<\/p>\n\t\t\t\t\t\t\t\t<\/div>\n\t\t\t\t<\/div>\n\t\t\t\t<div class=\"elementor-element elementor-element-1b5e786 elementor-widget elementor-widget-image\" data-id=\"1b5e786\" data-element_type=\"widget\" data-e-type=\"widget\" data-widget_type=\"image.default\">\n\t\t\t\t\t\t\t\t\t\t\t\t\t\t\t<img loading=\"lazy\" decoding=\"async\" width=\"800\" height=\"533\" src=\"https:\/\/diabet.fr\/wp-content\/uploads\/female-doctor-working-on-computer-in-the-hospital-.webp\" class=\"attachment-large size-large wp-image-15125 not-transparent\" alt=\"telesurveillance du diab\u00e8te\" srcset=\"https:\/\/diabet.fr\/wp-content\/uploads\/female-doctor-working-on-computer-in-the-hospital-.webp 2000w, https:\/\/diabet.fr\/wp-content\/uploads\/female-doctor-working-on-computer-in-the-hospital--300x200.webp 300w, https:\/\/diabet.fr\/wp-content\/uploads\/female-doctor-working-on-computer-in-the-hospital--768x512.webp 768w, https:\/\/diabet.fr\/wp-content\/uploads\/female-doctor-working-on-computer-in-the-hospital--1536x1024.webp 1536w\" sizes=\"(max-width: 800px) 100vw, 800px\" data-has-transparency=\"false\" data-dominant-color=\"807d7d\" style=\"--dominant-color: #807d7d\" title=\"\">\t\t\t\t\t\t\t\t\t\t\t\t\t\t\t<\/div>\n\t\t\t\t<\/div>\n\t\t\t\t<\/div>\n\t\t\t\t<\/div>\n\t\t<div class=\"elementor-element elementor-element-95a6ae7 e-con-full e-flex e-con e-child\" data-id=\"95a6ae7\" data-element_type=\"container\" data-e-type=\"container\">\n\t\t<div class=\"elementor-element elementor-element-097b025 e-flex e-con-boxed e-con e-child\" data-id=\"097b025\" data-element_type=\"container\" data-e-type=\"container\">\n\t\t\t\t\t<div class=\"e-con-inner\">\n\t\t\t\t<div class=\"elementor-element elementor-element-0711933 elementor-invisible elementor-widget elementor-widget-heading\" data-id=\"0711933\" data-element_type=\"widget\" data-e-type=\"widget\" data-settings=\"{&quot;_animation&quot;:&quot;fadeInUp&quot;}\" data-widget_type=\"heading.default\">\n\t\t\t\t\t<h2 class=\"elementor-heading-title elementor-size-default\">V\u00e5r <span class=\"color-violet\">vision<\/span> f\u00f6r din v\u00e5rd<\/h2>\t\t\t\t<\/div>\n\t\t\t\t\t<\/div>\n\t\t\t\t<\/div>\n\t\t\t\t<\/div>\n\t\t<div class=\"elementor-element elementor-element-5302b83 e-con-full e-flex e-con e-child\" data-id=\"5302b83\" data-element_type=\"container\" data-e-type=\"container\">\n\t\t<div class=\"elementor-element elementor-element-293be45 e-con-full e-flex e-con e-child\" data-id=\"293be45\" data-element_type=\"container\" data-e-type=\"container\">\n\t\t<div class=\"elementor-element elementor-element-40c77a6 e-con-full e-flex e-con e-child\" data-id=\"40c77a6\" data-element_type=\"container\" data-e-type=\"container\">\n\t\t<div class=\"elementor-element elementor-element-6e02749 e-con-full e-flex e-con e-child\" data-id=\"6e02749\" data-element_type=\"container\" data-e-type=\"container\" data-settings=\"{&quot;background_background&quot;:&quot;classic&quot;}\">\n\t\t\t\t<div class=\"elementor-element elementor-element-acf7afa elementor-widget elementor-widget-heading\" data-id=\"acf7afa\" data-element_type=\"widget\" data-e-type=\"widget\" data-widget_type=\"heading.default\">\n\t\t\t\t\t<h3 class=\"elementor-heading-title elementor-size-default\">Expertis<\/h3>\t\t\t\t<\/div>\n\t\t\t\t<div class=\"elementor-element elementor-element-08c8496 elementor-widget elementor-widget-text-editor\" data-id=\"08c8496\" data-element_type=\"widget\" data-e-type=\"widget\" data-widget_type=\"text-editor.default\">\n\t\t\t\t\t\t\t\t\t<p>V\u00e5ra v\u00e5rdpersonal ger dig h\u00f6gkvalitativ v\u00e5rd som du beh\u00f6ver. Vi erbjuder varje medarbetare en berikande milj\u00f6 och uppmuntrar till erfarenhetsutbyte. <\/p>\n\t\t\t\t\t\t\t\t<\/div>\n\t\t\t\t<\/div>\n\t\t<div class=\"elementor-element elementor-element-d41dbb6 e-con-full e-flex e-con e-child\" data-id=\"d41dbb6\" data-element_type=\"container\" data-e-type=\"container\" data-settings=\"{&quot;background_background&quot;:&quot;classic&quot;}\">\n\t\t\t\t<div class=\"elementor-element elementor-element-4e6c169 elementor-widget elementor-widget-heading\" data-id=\"4e6c169\" data-element_type=\"widget\" data-e-type=\"widget\" data-widget_type=\"heading.default\">\n\t\t\t\t\t<h3 class=\"elementor-heading-title elementor-size-default\">F\u00f6rtroende<\/h3>\t\t\t\t<\/div>\n\t\t\t\t<div class=\"elementor-element elementor-element-8fc4f1e elementor-widget elementor-widget-text-editor\" data-id=\"8fc4f1e\" data-element_type=\"widget\" data-e-type=\"widget\" data-widget_type=\"text-editor.default\">\n\t\t\t\t\t\t\t\t\t<p>H\u00e4lsa \u00e4r k\u00e4rnan i v\u00e5ra liv, b\u00e5de personliga och intima. Vi erbjuder alla s\u00e4kerheten och tryggheten av en etisk v\u00e5rdupplevelse, anpassad efter deras behov och m\u00e5l. <\/p>\n\t\t\t\t\t\t\t\t<\/div>\n\t\t\t\t<\/div>\n\t\t\t\t<\/div>\n\t\t\t\t<\/div>\n\t\t<div class=\"elementor-element elementor-element-284cc77 e-con-full e-flex e-con e-child\" data-id=\"284cc77\" data-element_type=\"container\" data-e-type=\"container\" data-settings=\"{&quot;background_background&quot;:&quot;classic&quot;}\">\n\t\t\t\t<\/div>\n\t\t\t\t<\/div>\n\t\t<div class=\"elementor-element elementor-element-eb9bbe5 e-con-full e-flex e-con e-child\" data-id=\"eb9bbe5\" data-element_type=\"container\" data-e-type=\"container\">\n\t\t<div class=\"elementor-element elementor-element-809b749 e-con-full e-flex e-con e-child\" data-id=\"809b749\" data-element_type=\"container\" data-e-type=\"container\" data-settings=\"{&quot;background_background&quot;:&quot;classic&quot;}\">\n\t\t\t\t<\/div>\n\t\t<div class=\"elementor-element elementor-element-4491eac e-con-full e-flex e-con e-child\" data-id=\"4491eac\" data-element_type=\"container\" data-e-type=\"container\">\n\t\t<div class=\"elementor-element elementor-element-22ad280 e-con-full e-flex e-con e-child\" data-id=\"22ad280\" data-element_type=\"container\" data-e-type=\"container\">\n\t\t<div class=\"elementor-element elementor-element-702c06f e-con-full e-flex e-con e-child\" data-id=\"702c06f\" data-element_type=\"container\" data-e-type=\"container\" data-settings=\"{&quot;background_background&quot;:&quot;classic&quot;}\">\n\t\t\t\t<div class=\"elementor-element elementor-element-4931b61 elementor-widget elementor-widget-heading\" data-id=\"4931b61\" data-element_type=\"widget\" data-e-type=\"widget\" data-widget_type=\"heading.default\">\n\t\t\t\t\t<h3 class=\"elementor-heading-title elementor-size-default\">St\u00f6d<\/h3>\t\t\t\t<\/div>\n\t\t\t\t<div class=\"elementor-element elementor-element-61996aa elementor-widget elementor-widget-text-editor\" data-id=\"61996aa\" data-element_type=\"widget\" data-e-type=\"widget\" data-widget_type=\"text-editor.default\">\n\t\t\t\t\t\t\t\t\t<p>Vi v\u00e4rdes\u00e4tter en h\u00e4lsa i r\u00f6relse, proaktiv och st\u00e4ndigt i utveckling. Vi finns med i varje steg av v\u00e5rdprocessen och tillhandah\u00e5ller n\u00f6dv\u00e4ndiga resurser f\u00f6r varje individs utveckling. <\/p>\n\t\t\t\t\t\t\t\t<\/div>\n\t\t\t\t<\/div>\n\t\t<div class=\"elementor-element elementor-element-7ae2d82 e-con-full e-flex e-con e-child\" data-id=\"7ae2d82\" data-element_type=\"container\" data-e-type=\"container\" data-settings=\"{&quot;background_background&quot;:&quot;classic&quot;}\">\n\t\t\t\t<div class=\"elementor-element elementor-element-4e26e4b elementor-widget elementor-widget-heading\" data-id=\"4e26e4b\" data-element_type=\"widget\" data-e-type=\"widget\" data-widget_type=\"heading.default\">\n\t\t\t\t\t<h3 class=\"elementor-heading-title elementor-size-default\">Innovation<\/h3>\t\t\t\t<\/div>\n\t\t\t\t<div class=\"elementor-element elementor-element-52bf114 elementor-widget elementor-widget-text-editor\" data-id=\"52bf114\" data-element_type=\"widget\" data-e-type=\"widget\" data-widget_type=\"text-editor.default\">\n\t\t\t\t\t\t\t\t\t<p>Vi utvecklar effektiva verktyg och innovativa st\u00f6d f\u00f6r att underl\u00e4tta tillg\u00e5ngen till och kvaliteten p\u00e5 v\u00e5rden.<br \/>V\u00e5ra verktyg \u00e4r till f\u00f6r v\u00e5ra patienter och v\u00e5rdgivare, och f\u00f6rb\u00e4ttrar den m\u00e4nskliga upplevelsen av v\u00e5rden.<\/p>\n\t\t\t\t\t\t\t\t<\/div>\n\t\t\t\t<\/div>\n\t\t\t\t<\/div>\n\t\t\t\t<\/div>\n\t\t\t\t<\/div>\n\t\t\t\t\t<\/div>\n\t\t\t\t<\/div>\n\t\t<section class=\"elementor-element elementor-element-d8c9d9d e-flex e-con-boxed e-con e-parent\" data-id=\"d8c9d9d\" data-element_type=\"container\" data-e-type=\"container\">\n\t\t\t\t\t<div class=\"e-con-inner\">\n\t\t<div class=\"elementor-element elementor-element-c38b0f2 e-con-full e-flex e-con e-child\" data-id=\"c38b0f2\" data-element_type=\"container\" data-e-type=\"container\">\n\t\t\t\t<div class=\"elementor-element elementor-element-8c9b09e elementor-widget elementor-widget-heading\" data-id=\"8c9b09e\" data-element_type=\"widget\" data-e-type=\"widget\" data-widget_type=\"heading.default\">\n\t\t\t\t\t<h2 class=\"elementor-heading-title elementor-size-default\">Dina <span class=\"color-violet\">fr\u00e5gor<\/span><\/h2>\t\t\t\t<\/div>\n\t\t\t\t<\/div>\n\t\t<div class=\"elementor-element elementor-element-316394b e-con-full e-flex e-con e-child\" data-id=\"316394b\" data-element_type=\"container\" data-e-type=\"container\">\n\t\t\t\t<div class=\"elementor-element elementor-element-b5dc529 elementor-widget elementor-widget-n-accordion\" data-id=\"b5dc529\" data-element_type=\"widget\" data-e-type=\"widget\" data-settings=\"{&quot;default_state&quot;:&quot;expanded&quot;,&quot;max_items_expended&quot;:&quot;one&quot;,&quot;n_accordion_animation_duration&quot;:{&quot;unit&quot;:&quot;ms&quot;,&quot;size&quot;:400,&quot;sizes&quot;:[]}}\" data-widget_type=\"nested-accordion.default\">\n\t\t\t\t\t\t\t<div class=\"e-n-accordion\" aria-label=\"Accordion. Open links with Enter or Space, close with Escape, and navigate with Arrow Keys\">\n\t\t\t\t\t\t<details id=\"e-n-accordion-item-1900\" class=\"e-n-accordion-item\" open>\n\t\t\t\t<summary class=\"e-n-accordion-item-title\" data-accordion-index=\"1\" tabindex=\"0\" aria-expanded=\"true\" aria-controls=\"e-n-accordion-item-1900\" >\n\t\t\t\t\t<span class='e-n-accordion-item-title-header'><h3 class=\"e-n-accordion-item-title-text\"> Hur bokar man en tid hos Diabet'? <\/h3><\/span>\n\t\t\t\t\t\t\t<span class='e-n-accordion-item-title-icon'>\n\t\t\t<span class='e-opened' ><svg aria-hidden=\"true\" class=\"e-font-icon-svg e-fas-angle-up\" viewBox=\"0 0 320 512\" xmlns=\"http:\/\/www.w3.org\/2000\/svg\"><path d=\"M177 159.7l136 136c9.4 9.4 9.4 24.6 0 33.9l-22.6 22.6c-9.4 9.4-24.6 9.4-33.9 0L160 255.9l-96.4 96.4c-9.4 9.4-24.6 9.4-33.9 0L7 329.7c-9.4-9.4-9.4-24.6 0-33.9l136-136c9.4-9.5 24.6-9.5 34-.1z\"><\/path><\/svg><\/span>\n\t\t\t<span class='e-closed'><svg aria-hidden=\"true\" class=\"e-font-icon-svg e-fas-angle-down\" viewBox=\"0 0 320 512\" xmlns=\"http:\/\/www.w3.org\/2000\/svg\"><path d=\"M143 352.3L7 216.3c-9.4-9.4-9.4-24.6 0-33.9l22.6-22.6c9.4-9.4 24.6-9.4 33.9 0l96.4 96.4 96.4-96.4c9.4-9.4 24.6-9.4 33.9 0l22.6 22.6c9.4 9.4 9.4 24.6 0 33.9l-136 136c-9.2 9.4-24.4 9.4-33.8 0z\"><\/path><\/svg><\/span>\n\t\t<\/span>\n\n\t\t\t\t\t\t<\/summary>\n\t\t\t\t<div role=\"region\" aria-labelledby=\"e-n-accordion-item-1900\" class=\"elementor-element elementor-element-66230fb e-flex e-con-boxed e-con e-child\" data-id=\"66230fb\" data-element_type=\"container\" data-e-type=\"container\">\n\t\t\t\t\t<div class=\"e-con-inner\">\n\t\t\t\t<div class=\"elementor-element elementor-element-dd81ff6 elementor-widget elementor-widget-text-editor\" data-id=\"dd81ff6\" data-element_type=\"widget\" data-e-type=\"widget\" data-widget_type=\"text-editor.default\">\n\t\t\t\t\t\t\t\t\t<p>Tidsbokning \u00e4r \u00e4nnu inte tillg\u00e4nglig.<\/p>\n\t\t\t\t\t\t\t\t<\/div>\n\t\t\t\t\t<\/div>\n\t\t\t\t<\/div>\n\t\t\t\t\t<\/details>\n\t\t\t\t\t<\/div>\n\t\t\t\t\t<script type=\"application\/ld+json\">{\"@context\":\"https:\\\/\\\/schema.org\",\"@type\":\"FAQPage\",\"mainEntity\":[{\"@type\":\"Question\",\"name\":\"Hur bokar man en tid hos Diabet'?\",\"acceptedAnswer\":{\"@type\":\"Answer\",\"text\":\"Tidsbokning \\u00e4r \\u00e4nnu inte tillg\\u00e4nglig.\"}}]}<\/script>\n\t\t\t\t\t\t\t<\/div>\n\t\t\t\t<\/div>\n\t\t\t\t\t<\/div>\n\t\t\t\t<\/section>\n\t\t\t\t<\/div>\n\t\t","protected":false},"excerpt":{"rendered":"<p>Diabet&#039; V\u00e5r plan mot diabetes V\u00e5rt medicinska projekt Ett tv\u00e4rvetenskapligt team dedikerat till din v\u00e5rd och f\u00f6rb\u00e4ttringen av din livskvalitet. F\u00f6rebyggande Undvik att sjukdomen f\u00f6rv\u00e4rras och fr\u00e4mja ett positivt f\u00f6rh\u00e5llningss\u00e4tt genom dedikerade konsultationer och samordning av de olika specialister som \u00e4r involverade i din v\u00e5rd. Utbildning Utveckla f\u00e4rdigheter specifika f\u00f6r dina sjukdomsbehov genom terapeutiska utbildningssessioner [&hellip;]<\/p>\n","protected":false},"author":1,"featured_media":18479,"parent":0,"menu_order":78,"comment_status":"closed","ping_status":"closed","template":"","meta":{"_acf_changed":false,"_lmt_disableupdate":"","_lmt_disable":"","footnotes":""},"tags":[10],"folder":[102],"class_list":["post-18477","page","type-page","status-publish","has-post-thumbnail","hentry","tag-global-cabinet"],"acf":[],"_links":{"self":[{"href":"https:\/\/diabet.fr\/sv\/wp-json\/wp\/v2\/pages\/18477","targetHints":{"allow":["GET"]}}],"collection":[{"href":"https:\/\/diabet.fr\/sv\/wp-json\/wp\/v2\/pages"}],"about":[{"href":"https:\/\/diabet.fr\/sv\/wp-json\/wp\/v2\/types\/page"}],"author":[{"embeddable":true,"href":"https:\/\/diabet.fr\/sv\/wp-json\/wp\/v2\/users\/1"}],"replies":[{"embeddable":true,"href":"https:\/\/diabet.fr\/sv\/wp-json\/wp\/v2\/comments?post=18477"}],"version-history":[{"count":0,"href":"https:\/\/diabet.fr\/sv\/wp-json\/wp\/v2\/pages\/18477\/revisions"}],"wp:featuredmedia":[{"embeddable":true,"href":"https:\/\/diabet.fr\/sv\/wp-json\/wp\/v2\/media\/18479"}],"wp:attachment":[{"href":"https:\/\/diabet.fr\/sv\/wp-json\/wp\/v2\/media?parent=18477"}],"wp:term":[{"taxonomy":"post_tag","embeddable":true,"href":"https:\/\/diabet.fr\/sv\/wp-json\/wp\/v2\/tags?post=18477"},{"taxonomy":"folder","embeddable":true,"href":"https:\/\/diabet.fr\/sv\/wp-json\/wp\/v2\/folder?post=18477"}],"curies":[{"name":"wp","href":"https:\/\/api.w.org\/{rel}","templated":true}]}}