{"id":18338,"date":"2023-11-19T13:42:19","date_gmt":"2023-11-19T12:42:19","guid":{"rendered":"https:\/\/diabet.fr\/cookiepolicy\/"},"modified":"2024-12-24T00:42:23","modified_gmt":"2024-12-23T23:42:23","slug":"cookiepolicy","status":"publish","type":"page","link":"https:\/\/diabet.fr\/sv\/cookiepolicy\/","title":{"rendered":"Cookiepolicy"},"content":{"rendered":"\t\t<div data-elementor-type=\"wp-page\" data-elementor-id=\"18338\" class=\"elementor elementor-18338 elementor-159\" data-elementor-post-type=\"page\">\n\t\t\t\t<section class=\"elementor-element elementor-element-638cbcc e-con-full e-flex e-con e-parent\" data-id=\"638cbcc\" data-element_type=\"container\" data-e-type=\"container\">\n\t\t<div class=\"elementor-element elementor-element-5f41e02 e-con-full e-flex e-con e-child\" data-id=\"5f41e02\" data-element_type=\"container\" data-e-type=\"container\" data-settings=\"{&quot;background_background&quot;:&quot;classic&quot;}\">\n\t\t\t\t<div class=\"elementor-element elementor-element-7fd30e0 elementor-align-center elementor-widget elementor-widget-breadcrumbs\" data-id=\"7fd30e0\" data-element_type=\"widget\" data-e-type=\"widget\" data-widget_type=\"breadcrumbs.default\">\n\t\t\t\t<div class=\"elementor-widget-container\">\n\t\t\t\t\t<nav aria-label=\"breadcrumbs\" class=\"rank-math-breadcrumb\"><p><span class=\"last\">Diabet&#039;<\/span><\/p><\/nav>\t\t\t\t<\/div>\n\t\t\t\t<\/div>\n\t\t\t\t<div class=\"elementor-element elementor-element-7454ace elementor-widget elementor-widget-heading\" data-id=\"7454ace\" data-element_type=\"widget\" data-e-type=\"widget\" data-widget_type=\"heading.default\">\n\t\t\t\t\t<h1 class=\"elementor-heading-title elementor-size-default\"><span class=\"color-mauve\">Cookiespolicy f\u00f6r <\/span>cookies<\/h1>\t\t\t\t<\/div>\n\t\t\t\t<\/div>\n\t\t\t\t<\/section>\n\t\t<main class=\"elementor-element elementor-element-6c84584 e-flex e-con-boxed e-con e-parent\" data-id=\"6c84584\" data-element_type=\"container\" data-e-type=\"container\">\n\t\t\t\t\t<div class=\"e-con-inner\">\n\t\t\t\t<div class=\"elementor-element elementor-element-f50c015 elementor-widget elementor-widget-text-editor\" data-id=\"f50c015\" data-element_type=\"widget\" data-e-type=\"widget\" data-widget_type=\"text-editor.default\">\n\t\t\t\t\t\t\t\t\t<h2>Vad \u00e4r syftet med denna policy?<\/h2>\n<p><b>Diabet\u2019, som hanterar webbplatsen diabet.fr, f\u00e4ster stor vikt vid sekretessen f\u00f6r dina uppgifter, vilket f\u00f6r oss \u00e4r ett tecken p\u00e5 seri\u00f6sitet och f\u00f6rtroende, oavsett om det handlar om cookies eller personuppgifter.<\/b> Policyn <b>cookies<\/b> syftar till att f\u00f6rklara varf\u00f6r vi anv\u00e4nder cookies samt alla andra typer av <b>sp\u00e5rningsverktyg<\/b> n\u00e4r du surfar p\u00e5 v\u00e5r webbplats diabet.fr. \u00c5 andra sidan r\u00f6r denna cookie-policy endast behandlingarna relaterade till <b>lagring av cookies och sp\u00e5rningsverktyg<\/b>. F\u00f6r andra behandlingar som vi utf\u00f6r, v\u00e4nligen se v\u00e5r <b>policy f\u00f6r dataskydd<\/b>, <b>tillg\u00e4nglig n\u00e4r som helst<\/b> p\u00e5 v\u00e5r webbplats diabet.fr.  <\/p>\n<h2>Vad \u00e4r en cookie och vad \u00e4r dess syfte?<\/h2>\n<p>Cookies och andra sp\u00e5rare \u00e4r <b>sm\u00e5 &#8221;textfiler&#8221;<\/b> som placeras och lagras av en server p\u00e5 din <b>smartphone, surfplatta eller dator<\/b> n\u00e4r du bes\u00f6ker en webbplats. Cookies <b>m\u00f6jligg\u00f6r inte att du identifieras personligen<\/b> men identifierar din enhet (ex: smartphone, surfplatta, etc.) via din IP-adress, samt olika information relaterad till din webbl\u00e4sning (ex: surfningstid, bes\u00f6kta sidor, etc.) f\u00f6r att: <\/p>\n<ul>\n<li>Kom ih\u00e5g ditt anv\u00e4ndarnamn s\u00e5 att du kan k\u00e4nnas igen n\u00e4r du loggar in igen p\u00e5 en webbplats och beh\u00e5lla ditt val (t.ex. spr\u00e5k, avvisa cookies, beh\u00e5lla din kundvagn, etc.).<\/li>\n<li>Sp\u00e5ra och analysera hur du anv\u00e4nder en webbplats f\u00f6r statistiska \u00e4ndam\u00e5l f\u00f6r att f\u00f6rb\u00e4ttra din upplevelse och ge dig en tj\u00e4nst anpassad efter dina behov.<\/li>\n<li>Till\u00e5ta att navigera och anv\u00e4nda en webbplats under optimala f\u00f6rh\u00e5llanden.<\/li>\n<li>Analysera hur du anv\u00e4nder en webbplats f\u00f6r att ge dig annonser som \u00e4r anpassade efter dina behov antingen p\u00e5 denna webbplats eller p\u00e5 andra webbplatser.<\/li>\n<\/ul>\n<p>F\u00f6r mer information om detta \u00e4mne kan du bes\u00f6ka f\u00f6ljande webbplatser: www.cnil.fr, www.allaboutcookies.org och www.youronlinechoices.eu.<\/p>\n<h2>Varf\u00f6r anv\u00e4nder vi \u201ccookies\u201d och hur l\u00e4nge?<\/h2>\n<p>N\u00e4r du loggar in p\u00e5 v\u00e5r webbplats diabet.fr, m\u00e5ste vi lagra cookies p\u00e5 din enhet <b>endast<\/b> f\u00f6r <b>f\u00f6ljande sk\u00e4l och grunder<\/b>:<\/p>\n<ul>\n<li><b>Tekniska cookies<\/b> som g\u00f6r att du kan anv\u00e4nda v\u00e5r webbplats diabet.fr p\u00e5 ett s\u00e4kert s\u00e4tt baserat p\u00e5 v\u00e5rt legitima intresse att erbjuda en kvalitetswebbplats.<\/li>\n<li><b>Tekniska cookies<\/b> som g\u00f6r det m\u00f6jligt att spela upp videor p\u00e5 v\u00e5r webbplats diabet.fr, baserat p\u00e5 ditt f\u00f6reg\u00e5ende samtycke. <\/li>\n<li><b>Statistiska cookies<\/b> som g\u00f6r det m\u00f6jligt att k\u00e4nna till hur du anv\u00e4nder v\u00e5r webbplats (t.ex. hur l\u00e4nge du tittar p\u00e5 en sida, bes\u00f6kta sidor, etc.) baserat p\u00e5 ditt f\u00f6reg\u00e5ende samtycke, f\u00f6r att kunna ge dig en anpassad och kvalitetsservice.<\/li>\n<li><b>Statistikcookies<\/b> erk\u00e4nda av <b>CNIL som helt f\u00f6renliga med GDPR<\/b> och som d\u00e4rf\u00f6r \u00e4r <b>undantagna fr\u00e5n samtycke<\/b>. Dessa statistikcookies g\u00f6r det m\u00f6jligt f\u00f6r oss att k\u00e4nna till hur du anv\u00e4nder v\u00e5r webbplats diabet.fr (t.ex. visningstid f\u00f6r en sida, bes\u00f6kta sidor, etc.), baserat p\u00e5 v\u00e5rt ber\u00e4ttigade intresse av att erbjuda dig en anpassad och kvalitetsservice. <\/li>\n<\/ul>\n<p>I alla fall \u00e4r de cookies som lagras, oavsett typ, kvar i <b>maximalt 13 m\u00e5nader<\/b> fr\u00e5n och med deras installation och f\u00f6rnyas endast vid en ny inloggning p\u00e5 v\u00e5r webbplats efter att denna tidsperiod har g\u00e5tt ut. Om du vill ha mer information om anv\u00e4ndningstiderna f\u00f6r v\u00e5ra cookies, tveka inte att kontakta oss p\u00e5 adressen webmaster@diabet.fr. <\/p>\n<h2>Vilken kontroll har du \u00f6ver dessa &#8221;cookies&#8221;?<\/h2>\n<p>Du kan inte <b>mots\u00e4tta dig till att lagra tekniska cookies<\/b> eftersom de \u00e4r n\u00f6dv\u00e4ndiga f\u00f6r att v\u00e5r webbplats ska fungera korrekt, annars skulle den potentiellt vara oanv\u00e4ndbar. Som tidigare n\u00e4mnts g\u00e4ller detta undantag inte f\u00f6r tekniska cookies som lagras p\u00e5 din enhet f\u00f6r att f\u00e5 <b>videor<\/b> att fungera. I detta specifika fall \u00e4r lagring av cookies endast m\u00f6jligt om du har <b>gett ditt samtycke i f\u00f6rv\u00e4g<\/b>. Dessutom, som tidigare f\u00f6rklarats, anv\u00e4nder vi ocks\u00e5 statistiska cookies som <b>CNIL<\/b> anser vara <b>tillr\u00e4ckligt skyddande<\/b> f\u00f6r att vi inte beh\u00f6ver samla in ditt f\u00f6reg\u00e5ende samtycke f\u00f6r att kunna anv\u00e4nda dem lagligt. F\u00f6r mer information om detta kan du bes\u00f6ka CNIL:s dedikerade sida som \u00e4r tillg\u00e4nglig <a href=\"https:\/\/www.cnil.fr\/fr\/cookies-et-autres-traceurs\/regles\/cookies-solutions-pour-les-outils-de-mesure-daudience\" target=\"_blank\" rel=\"noopener\"><b>h\u00e4r<\/b><\/a>. Men f\u00f6rutom de r\u00e4ttigheter som beskrivs i v\u00e5r sekretesspolicy har du naturligtvis r\u00e4tt att <b>v\u00e4gra eller \u00e5terkalla ditt samtycke<\/b> till att alla andra typer av cookies installeras p\u00e5 din enhet. R\u00e4tten att v\u00e4gra cookies kan ut\u00f6vas n\u00e4r som helst med hj\u00e4lp av v\u00e5r cookie-banner.       I den hypotetiska d\u00e4r banner cookies inte l\u00e4ngre visas, kan du ocks\u00e5 st\u00e4lla in cookies direkt p\u00e5 din webbl\u00e4sare genom att f\u00f6lja f\u00f6ljande instruktioner: <a href=\"https:\/\/support.google.com\/chrome\/answer\/95647?hl=fr&amp;hlrm=en%20%22Chrome%22\" target=\"_blank\" rel=\"noopener\"><b>Chrome<\/b><\/a>, <a href=\"https:\/\/support.google.com\/chrome\/answer\/95647?hl=fr&amp;hlrm=en%20%22Chrome%22\" target=\"_blank\" rel=\"noopener\"><b>Microsoft Edge<\/b><\/a>, <a href=\"https:\/\/support.google.com\/chrome\/answer\/95647?hl=fr&amp;hlrm=en%20%22Chrome%22\" target=\"_blank\" rel=\"noopener\"><b>Safari<\/b><\/a>, <a href=\"https:\/\/support.google.com\/chrome\/answer\/95647?hl=fr&amp;hlrm=en%20%22Chrome%22\" target=\"_blank\" rel=\"noopener\"><b>Firefox<\/b><\/a> och <a href=\"https:\/\/support.google.com\/chrome\/answer\/95647?hl=fr&amp;hlrm=en%20%22Chrome%22\" target=\"_blank\" rel=\"noopener\"><b>Opera<\/b><\/a>.<\/p>\n<h2>Vem kan du kontakta f\u00f6r att f\u00e5 mer information?<\/h2>\n<p>Du kan n\u00e4r som helst och kostnadsfritt kontakta v\u00e5r webmaster p\u00e5 adressen webmaster@diabet.fr f\u00f6r att f\u00e5 mer information eller detaljer om hur vi behandlar dina uppgifter.<\/p>\n<h2>Hur kan du kontakta CNIL?<\/h2>\n<p>Du kan n\u00e4r som helst kontakta <b>&#8221;Nationella kommissionen f\u00f6r dataskydd och frihet&#8221;<\/b> eller <b>&#8221;CNIL&#8221;<\/b> p\u00e5 f\u00f6ljande adresser: CNIL:s klagom\u00e5lsservice, 3 place de Fontenoy &#8211; TSA 80751, 75334 Paris Cedex 07 eller via telefon p\u00e5 01.53.73.22.22.<\/p>\n<h2>Kan politiken \u00e4ndras ?<\/h2>\n<p>Vi \u00e4r ben\u00e4gna att \u00e4ndra v\u00e5r cookiepolicy n\u00e4r som helst f\u00f6r att anpassa den till nya krav enligt lagar samt nya behandlingar som vi skulle kunna inf\u00f6ra i framtiden. Ni kommer sj\u00e4lvklart att informeras om alla \u00e4ndringar av denna policy. <\/p>\n\t\t\t\t\t\t\t\t<\/div>\n\t\t\t\t\t<\/div>\n\t\t\t\t<\/main>\n\t\t\t\t<\/div>\n\t\t","protected":false},"excerpt":{"rendered":"<p>Diabet&#039; Cookiespolicy f\u00f6r cookies Vad \u00e4r syftet med denna policy? Diabet\u2019, som hanterar webbplatsen diabet.fr, f\u00e4ster stor vikt vid sekretessen f\u00f6r dina uppgifter, vilket f\u00f6r oss \u00e4r ett tecken p\u00e5 seri\u00f6sitet och f\u00f6rtroende, oavsett om det handlar om cookies eller personuppgifter. Policyn cookies syftar till att f\u00f6rklara varf\u00f6r vi anv\u00e4nder cookies samt alla andra typer [&hellip;]<\/p>\n","protected":false},"author":1,"featured_media":0,"parent":0,"menu_order":85,"comment_status":"closed","ping_status":"closed","template":"","meta":{"_acf_changed":false,"_lmt_disableupdate":"","_lmt_disable":"","footnotes":""},"tags":[4],"folder":[101],"class_list":["post-18338","page","type-page","status-publish","hentry","tag-legal"],"acf":[],"_links":{"self":[{"href":"https:\/\/diabet.fr\/sv\/wp-json\/wp\/v2\/pages\/18338","targetHints":{"allow":["GET"]}}],"collection":[{"href":"https:\/\/diabet.fr\/sv\/wp-json\/wp\/v2\/pages"}],"about":[{"href":"https:\/\/diabet.fr\/sv\/wp-json\/wp\/v2\/types\/page"}],"author":[{"embeddable":true,"href":"https:\/\/diabet.fr\/sv\/wp-json\/wp\/v2\/users\/1"}],"replies":[{"embeddable":true,"href":"https:\/\/diabet.fr\/sv\/wp-json\/wp\/v2\/comments?post=18338"}],"version-history":[{"count":0,"href":"https:\/\/diabet.fr\/sv\/wp-json\/wp\/v2\/pages\/18338\/revisions"}],"wp:attachment":[{"href":"https:\/\/diabet.fr\/sv\/wp-json\/wp\/v2\/media?parent=18338"}],"wp:term":[{"taxonomy":"post_tag","embeddable":true,"href":"https:\/\/diabet.fr\/sv\/wp-json\/wp\/v2\/tags?post=18338"},{"taxonomy":"folder","embeddable":true,"href":"https:\/\/diabet.fr\/sv\/wp-json\/wp\/v2\/folder?post=18338"}],"curies":[{"name":"wp","href":"https:\/\/api.w.org\/{rel}","templated":true}]}}