{"id":18317,"date":"2023-11-19T13:43:17","date_gmt":"2023-11-19T12:43:17","guid":{"rendered":"https:\/\/diabet.fr\/integritetspolicy\/"},"modified":"2024-12-24T00:24:41","modified_gmt":"2024-12-23T23:24:41","slug":"integritetspolicy","status":"publish","type":"page","link":"https:\/\/diabet.fr\/sv\/integritetspolicy\/","title":{"rendered":"Integritetspolicy"},"content":{"rendered":"\t\t<div data-elementor-type=\"wp-page\" data-elementor-id=\"18317\" class=\"elementor elementor-18317 elementor-161\" data-elementor-post-type=\"page\">\n\t\t\t\t<section class=\"elementor-element elementor-element-039c70d e-con-full e-flex e-con e-parent\" data-id=\"039c70d\" data-element_type=\"container\" data-e-type=\"container\">\n\t\t<div class=\"elementor-element elementor-element-e8938e1 e-con-full e-flex e-con e-child\" data-id=\"e8938e1\" data-element_type=\"container\" data-e-type=\"container\" data-settings=\"{&quot;background_background&quot;:&quot;classic&quot;}\">\n\t\t\t\t<div class=\"elementor-element elementor-element-dc07cd4 elementor-align-center elementor-widget elementor-widget-breadcrumbs\" data-id=\"dc07cd4\" data-element_type=\"widget\" data-e-type=\"widget\" data-widget_type=\"breadcrumbs.default\">\n\t\t\t\t<div class=\"elementor-widget-container\">\n\t\t\t\t\t<nav aria-label=\"breadcrumbs\" class=\"rank-math-breadcrumb\"><p><span class=\"last\">Diabet&#039;<\/span><\/p><\/nav>\t\t\t\t<\/div>\n\t\t\t\t<\/div>\n\t\t\t\t<div class=\"elementor-element elementor-element-6098723 elementor-widget elementor-widget-heading\" data-id=\"6098723\" data-element_type=\"widget\" data-e-type=\"widget\" data-widget_type=\"heading.default\">\n\t\t\t\t\t<h1 class=\"elementor-heading-title elementor-size-default\"><span class=\"color-mauve\">Integritetspolicy<\/span><\/h1>\t\t\t\t<\/div>\n\t\t\t\t<\/div>\n\t\t\t\t<\/section>\n\t\t<main class=\"elementor-element elementor-element-f16171a e-flex e-con-boxed e-con e-parent\" data-id=\"f16171a\" data-element_type=\"container\" data-e-type=\"container\">\n\t\t\t\t\t<div class=\"e-con-inner\">\n\t\t\t\t<div class=\"elementor-element elementor-element-d0fbb4d elementor-widget elementor-widget-text-editor\" data-id=\"d0fbb4d\" data-element_type=\"widget\" data-e-type=\"widget\" data-widget_type=\"text-editor.default\">\n\t\t\t\t\t\t\t\t\t<h2>Vad \u00e4r syftet med denna policy?<\/h2>\n<p><b>Diabet&#8217;, som driver webbplatsen diabet.fr, l\u00e4gger stor vikt vid skyddet och sekretessen f\u00f6r dina personuppgifter, vilket f\u00f6r oss \u00e4r en symbol f\u00f6r allvar och f\u00f6rtroende.<\/b><\/p>\n<p>Dataskyddspolicyn vittnar exakt om v\u00e5r <b>vilja att uppr\u00e4tth\u00e5lla, inom Diabet\u2019, de till\u00e4mpliga reglerna f\u00f6r dataskydd<\/b> och, mer specifikt, de av Allm\u00e4nna dataskyddsf\u00f6rordningen (\u00ab GDPR \u00bb).<\/p>\n<p>S\u00e4rskilt syftar sekretesspolicyn till att informera dig om hur och varf\u00f6r vi behandlar dina uppgifter inom ramen f\u00f6r de <b>tj\u00e4nster<\/b> vi tillhandah\u00e5ller.<\/p>\n<h2>Vem riktar sig denna policy till?<\/h2>\n<p>Policyen g\u00e4ller f\u00f6r <b>dig<\/b>, oavsett var du \u00e4r bosatt, s\u00e5 l\u00e4nge du \u00e4r minst 15 \u00e5r gammal, oavsett om du \u00e4r <b>patient<\/b>, <b>s\u00f6kande till en position inom Diabet\u2019<\/b>, eller <b>bes\u00f6kare<\/b> p\u00e5 diabet.fr-webbplatsen.<\/p>\n<p>Politiken g\u00e4ller endast f\u00f6r de behandlingar vi utf\u00f6r <b>sj\u00e4lva<\/b> och inte f\u00f6r behandlingar som kan utf\u00f6ras <b>med hj\u00e4lp av v\u00e5ra tj\u00e4nstefunktioner av v\u00e5ra patienter<\/b>. Om du vill f\u00e5 information om de <b>data som behandlas av v\u00e5ra partners<\/b> med hj\u00e4lp av dessa funktioner, ber vi dig att kontakta dem direkt. <\/p>\n<p>Om du \u00e4r en <b>kandidat<\/b> f\u00f6r en befattning inom <b>Diabet\u2019<\/b>, kan du konsultera v\u00e5r <b>&#8221;kandidat&#8221; policy<\/b> som \u00e4r tillg\u00e4nglig n\u00e4r som helst p\u00e5 v\u00e5r dedikerade sida p\u00e5 diabet.fr.<\/p>\n<p>Om du \u00e4r under 15 \u00e5r har du inte r\u00e4tt att anv\u00e4nda v\u00e5ra tj\u00e4nster <b>utan f\u00f6reg\u00e5ende uttryckligt samtycke<\/b> fr\u00e5n en av dina f\u00f6r\u00e4ldrar som skall framf\u00f6ras skriftligen till webmaster@diabet.fr. Om du tror att vi kan ha information om ett av dina barn under 15 \u00e5r utan att ha f\u00e5tt deras samtycke, ber vi dig att kontakta oss. <\/p>\n<h2>Varf\u00f6r behandlar vi dina data?<\/h2>\n<p>I samband med de tj\u00e4nster som erbjuds, \u00e4r vi n\u00f6dv\u00e4ndigtvis tvungna att behandla dina personuppgifter f\u00f6r:<\/p>\n<ul>\n<li><b>Navigera p\u00e5 v\u00e5r webbplats<\/b>, <b>dra nytta av v\u00e5ra tj\u00e4nster<\/b> (ex : specialiserad s\u00f6mnr\u00e5dgivning) och f\u00f6r att vi ska kunna <b>svara p\u00e5 dina f\u00f6rfr\u00e5gningar<\/b> (ex : informationsf\u00f6rfr\u00e5gningar, reklamationer, etc.) p\u00e5 grundval av v\u00e5ra allm\u00e4nna anv\u00e4ndarvillkor och v\u00e5rt legitima intresse av att erbjuda dig b\u00e4sta m\u00f6jliga tj\u00e4nst.<\/li>\n<li><b>F\u00f6lja och kommentera v\u00e5ra inl\u00e4gg p\u00e5 sociala medier<\/b> baserat p\u00e5 v\u00e5rt legitima intresse av att ha en sida dedikerad till sociala medier.<\/li>\n<li><b>Ans\u00f6ka om en tj\u00e4nst<\/b> hos Diabet\u2019 baserat p\u00e5 de diskussioner vi har med dig under rekryteringsprocessen och v\u00e5rt legitima intresse av att rekrytera och v\u00e4lja kandidater.<\/li>\n<li><b>F\u00e5 v\u00e5ra webbplatsvideor att fungera<\/b> baserat p\u00e5 v\u00e5rt legitima intresse av att erbjuda dig inneh\u00e5ll i videoformat.<\/li>\n<li><b>Boka tid<\/b> automatiskt med v\u00e5ra team baserat p\u00e5 anv\u00e4ndarvillkoren f\u00f6r dess redakt\u00f6r och v\u00e5rt legitima intresse att tillhandah\u00e5lla ett enkelt och effektivt verktyg f\u00f6r att boka tid.<\/li>\n<li><b>Uppr\u00e4tta statistik<\/b> p\u00e5 grundval av v\u00e5rt legitima intresse f\u00f6r att tillhandah\u00e5lla dig b\u00e4sta m\u00f6jliga service.<\/li>\n<li><b>Motta v\u00e5ra tillfredsst\u00e4llelseunders\u00f6kningar <\/b>baserat p\u00e5 ditt tidigare samtycke.<\/li>\n<li><b>S\u00e4kerst\u00e4lla din s\u00e4kerhet och v\u00e5ra teams<\/b> inom v\u00e5ra lokaler genom att anv\u00e4nda \u00f6vervakningskameror baserade p\u00e5 v\u00e5rt legitima intresse.<\/li>\n<\/ul>\n<p>Dina uppgifter samlas in <b>direkt fr\u00e5n dig<\/b> n\u00e4r du anv\u00e4nder v\u00e5r webbplats och vi \u00e5tar oss att endast behandla dina uppgifter f\u00f6r de <b>sk\u00e4l som beskrivs ovan<\/b>.<\/p>\n<p>\u00c5 andra sidan, s\u00e5 snart du frivilligt publicerar inneh\u00e5ll p\u00e5 de sidor vi redigerar p\u00e5 sociala n\u00e4tverk, erk\u00e4nner du att du \u00e4r <b>helt ansvarig<\/b> f\u00f6r all personlig information som du kan \u00f6verf\u00f6ra, oavsett informationens natur och ursprung.<\/p>\n<p>F\u00f6r cookies, v\u00e4nligen konsultera v\u00e5r s\u00e4rskilda cookiepolicy som finns tillg\u00e4nglig p\u00e5 v\u00e5r webbplats.<\/p>\n<h2>Vilka data behandlar vi och hur l\u00e4nge?<\/h2>\n<p>Vi har sammanfattat de <b>kategorier av personuppgifter<\/b> som vi samlar in samt deras <b>respektive bevarandeperioder<\/b>.<\/p>\n<p>Om du vill f\u00e5 \u00e4nnu mer information om de <b>lagringstider<\/b> som g\u00e4ller f\u00f6r dina uppgifter kan du kontakta oss p\u00e5 adressen: webmaster@diabet.fr.<\/p>\n<ul>\n<li><b>F\u00f6r privatpersoner, personliga identifieringsuppgifter <\/b>(t.ex. namn, efternamn, f\u00f6delsedatum, etc.) och<b> kontaktinformation <\/b>(t.ex. e-postadress, telefonnummer, etc.) bevaras under hela tj\u00e4nstens varaktighet, till vilket de lagliga f\u00f6rvaringstiderna l\u00e4ggs till, vilka vanligtvis \u00e4r 5 \u00e5r.<\/li>\n<li><b>F\u00f6r yrkesverksamma, personliga identifieringsuppgifter<\/b> (t.ex. namn, f\u00f6rnamn, befattning, f\u00f6retag, avdelning, etc.) och <b>kontaktuppgifter<\/b> (t.ex. professionell e-postadress, yrkestelefonnummer, etc.) bevaras under hela aff\u00e4rsrelationens varaktighet till vilken de lagliga f\u00f6reskrivna perioderna l\u00e4ggs, vilka vanligtvis \u00e4r 5 \u00e5r.<\/li>\n<li><b>N\u00e4r det finns en f\u00f6rvirring mellan namnet p\u00e5 din struktur och ditt personliga namn (t.ex: enskild f\u00f6retagare, sm\u00e5f\u00f6retag, etc.), ekonomiska och finansiella uppgifter (t.ex: bankkontonummer, verifieringskod, etc.)<\/b> bevaras under den tid som beh\u00f6vs f\u00f6r transaktionen och hanteringen av fakturering och betalningar, till vilket de lagstadgade f\u00f6reskrivna perioderna l\u00e4ggs till, vilka vanligtvis \u00e4r 5 till 10 \u00e5r.<\/li>\n<li><b><\/b>Data om <b>h\u00e4lsa <\/b>(t.ex. sjukdom, funktionshinder, osv.) bevaras under hela tj\u00e4nstens varaktighet, till vilken lagstadgade f\u00f6reskrivningar l\u00e4ggs, vilka vanligtvis \u00e4r 20 \u00e5r.<\/li>\n<li><b>\u00d6vervakningsbilder<\/b> samlas in med hj\u00e4lp av v\u00e5ra \u00f6vervakningskameror och lagras i h\u00f6gst en m\u00e5nad.<\/li>\n<li><b>Uppgifter som anges i CV och ans\u00f6kningsbrev<\/b> bevaras under rekryteringsprocessen och sedan i 2 \u00e5r fr\u00e5n din ans\u00f6kan.<\/li>\n<li><b>Statistiska data relaterade till visning av v\u00e5ra videor<\/b> som \u00e4r anonymiserade och bevaras obegr\u00e4nsat.<\/li>\n<li><b>Inloggningsdata<\/b> (t.ex. loggar, IP-adress, etc.) sparade under en period av 1 \u00e5r.<\/li>\n<li><b>Cookies<\/b> som vanligtvis sparas i h\u00f6gst 13 m\u00e5nader. F\u00f6r mer information om hur vi anv\u00e4nder dina cookies, kan du l\u00e4sa v\u00e5r cookiepolicy som \u00e4r tillg\u00e4nglig n\u00e4r som helst p\u00e5 v\u00e5r webbplats. <\/li>\n<\/ul>\n<p>Vid utg\u00e5ngen av de bevarandeperioder som beskrivs ovan, \u00e4r radering av dina personuppgifter <b>o\u00e5terkallelig<\/b> och vi kommer inte l\u00e4ngre att kunna kommunicera dem till dig efter denna period. Vid b\u00e4sta h\u00f6jd kan vi endast beh\u00e5lla anonyma data f\u00f6r <b>statistiska<\/b> \u00e4ndam\u00e5l. <\/p>\n<p>Observera \u00e4ven att i h\u00e4ndelse av <b>tvist<\/b> \u00e4r vi skyldiga att beh\u00e5lla <b>all<\/b> data som r\u00f6r dig under hela behandlingstiden av \u00e4rendet, \u00e4ven efter att deras bevarandeperioder som beskrivs ovan har l\u00f6pt ut.<\/p>\n<h2>Vilka r\u00e4ttigheter har du f\u00f6r att kontrollera anv\u00e4ndningen av dina data?<\/h2>\n<p>Den till\u00e4mpliga dataskyddslagstiftningen ger dig <b>specifika r\u00e4ttigheter<\/b> som du kan ut\u00f6va, <b>n\u00e4r som helst<\/b> och <b>kostnadsfritt<\/b>, f\u00f6r att kontrollera hur vi anv\u00e4nder dina uppgifter.<\/p>\n<ul>\n<li>R\u00e4tt till <b>tillg\u00e5ng<\/b> och <b>kopia<\/b> av dina personuppgifter s\u00e5 l\u00e4nge denna beg\u00e4ran inte strider mot aff\u00e4rshemligheter, sekretess eller korrespondenssekretess.<\/li>\n<li>R\u00e4tt till <b>r\u00e4ttelse<\/b> av personuppgifter som skulle vara felaktiga, f\u00f6r\u00e5ldrade eller ofullst\u00e4ndiga.<\/li>\n<li>R\u00e4tt att <b>mots\u00e4tta dig<\/b> behandlingen av dina personuppgifter som anv\u00e4nds i syfte att utf\u00f6ra kommersiell prospektering.<\/li>\n<li>R\u00e4tt att beg\u00e4ra <b>radering<\/b> (\u201cr\u00e4tten att bli gl\u00f6md\u201d) av dina personuppgifter som inte skulle vara n\u00f6dv\u00e4ndiga f\u00f6r att v\u00e5ra tj\u00e4nster ska fungera korrekt.<\/li>\n<li>R\u00e4tt till <b>begr\u00e4nsning<\/b> av dina personuppgifter som m\u00f6jligg\u00f6r dokumentation av anv\u00e4ndning av dina uppgifter vid tvist om legitimiteten av en behandling.<\/li>\n<li>R\u00e4tt till <b>portabilitet<\/b> av dina data som g\u00f6r det m\u00f6jligt f\u00f6r dig att \u00e5terf\u00e5 en del av dina personuppgifter f\u00f6r att lagra eller \u00f6verf\u00f6ra dem enkelt fr\u00e5n ett informationssystem till ett annat.<\/li>\n<li>R\u00e4tt att ge <b>instruktioner<\/b> om vad som ska h\u00e4nda med dina data vid d\u00f6dsfall, antingen genom dig sj\u00e4lv, genom en betrodd tredje part eller genom en r\u00e4ttighetshavare.<\/li>\n<\/ul>\n<p>F\u00f6r att en f\u00f6rfr\u00e5gan ska <b>beaktas<\/b>, \u00e4r det n\u00f6dv\u00e4ndigt att den g\u00f6rs direkt av <b>dig<\/b> p\u00e5 adressen webmaster@diabet.fr. Alla f\u00f6rfr\u00e5gningar som inte g\u00f6rs p\u00e5 detta s\u00e4tt <b>kan inte behandlas<\/b>. <\/p>\n<p>F\u00f6rfr\u00e5gningar kan inte komma fr\u00e5n n\u00e5gon annan \u00e4n dig. Vi kan d\u00e4rf\u00f6r be dig om att l\u00e4mna ett <b>bevis p\u00e5 identitet<\/b> om vi \u00e4r os\u00e4kra p\u00e5 den som g\u00f6r f\u00f6rfr\u00e5gan identitet. <\/p>\n<p>Vi kommer att svara p\u00e5 din f\u00f6rfr\u00e5gan inom <b>b\u00e4sta m\u00f6jliga tid<\/b>, dock inom <b>en m\u00e5nad<\/b> fr\u00e5n dess mottagning om inte beg\u00e4ran \u00e4r komplex eller \u00e5terkommande. I s\u00e5 fall kan svarstiden vara upp till <b>tre m\u00e5nader<\/b>. <\/p>\n<p>V\u00e4nligen notera att vi alltid kan <b>v\u00e4gra<\/b> att svara p\u00e5 varje <b>\u00f6verdriven eller obefogad<\/b> beg\u00e4ran, s\u00e4rskilt med tanke p\u00e5 dess <b>upprepade<\/b> karakt\u00e4r.<\/p>\n<h2>Vem kan ha tillg\u00e5ng till dina data?<\/h2>\n<p><b>VI \u00d6VERF\u00d6R ELLER S\u00c4LJER ALDRIG DINA UPPGIFTER TILL TREDJE PART ELLER KOMMERSIELLA PARTNER. ALLA DINA PERSONUPPGIFTER ANV\u00c4NDS EXKLUSIVT AV V\u00c5RA TEAM ELLER AV V\u00c5RA IT-TJ\u00c4NSTELEVERANT\u00d6RER. <\/b><\/p>\n<p>Mera specifikt, vi delar bara dina data med personer <b>som \u00e4r beh\u00f6riga<\/b> att anv\u00e4nda dem f\u00f6r att tillhandah\u00e5lla v\u00e5r tj\u00e4nst, som v\u00e5r IT-tj\u00e4nst.<\/p>\n<p>Dina personuppgifter \u00f6verf\u00f6rs ocks\u00e5 till v\u00e5ra IT-tj\u00e4nsteleverant\u00f6rer i det enda syftet att tekniskt driva v\u00e5r tj\u00e4nst (t.ex. datahosting).<\/p>\n<p>Vi vill p\u00e5peka att vi <b>kontrollerar alla v\u00e5ra IT-leverant\u00f6rer innan vi anlitar dem<\/b> f\u00f6r att s\u00e4kerst\u00e4lla att de noggrant f\u00f6ljer reglerna som g\u00e4ller f\u00f6r skydd av personuppgifter.<\/p>\n<h2>Hur skyddar vi dina data?<\/h2>\n<p>Vi implementerar alla de <b>tekniska medel<\/b> och <b>organisatoriska krav<\/b> som kr\u00e4vs f\u00f6r att garantera <b>s\u00e4kerheten<\/b> f\u00f6r dina data varje dag och, s\u00e4rskilt, f\u00f6r att bek\u00e4mpa alla risker f\u00f6r f\u00f6rst\u00f6relse, f\u00f6rlust, \u00e4ndring eller avsl\u00f6jande av dina data som inte skulle vara till\u00e5tet (ex: utbildning, tilltr\u00e4deskontroll, l\u00f6senord, antivirus, &#8221;https&#8221;, etc.).<\/p>\n<h2>Kan dina data \u00f6verf\u00f6ras utanf\u00f6r Europeiska unionen?<\/h2>\n<p>Inom ramen f\u00f6r v\u00e5ra tj\u00e4nster kan vi komma att \u00f6verf\u00f6ra vissa av dina uppgifter.<\/p>\n<p>Sj\u00e4lvklart, vi f\u00f6rs\u00e4krar er att vi noggrant ser till att tillhandah\u00e5lla alla de <b>l\u00e4mpliga och lagliga garantier<\/b> som kr\u00e4vs f\u00f6r att s\u00e4kerst\u00e4lla sekretess och skydd av era personuppgifter under behandlingsperioder som kr\u00e4ver \u00f6verf\u00f6ring av personuppgifter utanf\u00f6r Europeiska unionen.<\/p>\n<h2>Vem kan du kontakta f\u00f6r att f\u00e5 mer information?<\/h2>\n<p>Du kan n\u00e4r som helst och utan kostnad kontakta v\u00e5r webbansvarige p\u00e5 adressen webmaster@diabet.fr f\u00f6r att f\u00e5 mer information eller detaljer om hur vi hanterar dina data.<\/p>\n<h2>Hur kan du kontakta CNIL?<\/h2>\n<p>Du kan n\u00e4r som helst kontakta <b>&#8221;Nationella kommissionen f\u00f6r dataskydd och frihet&#8221;<\/b> eller <b>&#8221;CNIL&#8221;<\/b> p\u00e5 f\u00f6ljande adresser: CNIL:s klagom\u00e5lsservice, 3 place de Fontenoy &#8211; TSA 80751, 75334 Paris Cedex 07 eller via telefon p\u00e5 01.53.73.22.22.<\/p>\n<h2>Kan policyn \u00e4ndras?<\/h2>\n<p>Vi kan komma att \u00e4ndra v\u00e5r sekretesspolicy <b>n\u00e4r som helst<\/b> f\u00f6r att anpassa den till nya <b>lagkrav<\/b> samt eventuella <b>nya behandlingar<\/b> som vi kan implementera i framtiden.<\/p>\n\t\t\t\t\t\t\t\t<\/div>\n\t\t\t\t\t<\/div>\n\t\t\t\t<\/main>\n\t\t\t\t<\/div>\n\t\t","protected":false},"excerpt":{"rendered":"<p>Diabet&#039; Integritetspolicy Vad \u00e4r syftet med denna policy? Diabet&#8217;, som driver webbplatsen diabet.fr, l\u00e4gger stor vikt vid skyddet och sekretessen f\u00f6r dina personuppgifter, vilket f\u00f6r oss \u00e4r en symbol f\u00f6r allvar och f\u00f6rtroende. Dataskyddspolicyn vittnar exakt om v\u00e5r vilja att uppr\u00e4tth\u00e5lla, inom Diabet\u2019, de till\u00e4mpliga reglerna f\u00f6r dataskydd och, mer specifikt, de av Allm\u00e4nna dataskyddsf\u00f6rordningen [&hellip;]<\/p>\n","protected":false},"author":1,"featured_media":0,"parent":0,"menu_order":84,"comment_status":"closed","ping_status":"closed","template":"","meta":{"_acf_changed":false,"_lmt_disableupdate":"","_lmt_disable":"","footnotes":""},"tags":[4],"folder":[101],"class_list":["post-18317","page","type-page","status-publish","hentry","tag-legal"],"acf":[],"_links":{"self":[{"href":"https:\/\/diabet.fr\/sv\/wp-json\/wp\/v2\/pages\/18317","targetHints":{"allow":["GET"]}}],"collection":[{"href":"https:\/\/diabet.fr\/sv\/wp-json\/wp\/v2\/pages"}],"about":[{"href":"https:\/\/diabet.fr\/sv\/wp-json\/wp\/v2\/types\/page"}],"author":[{"embeddable":true,"href":"https:\/\/diabet.fr\/sv\/wp-json\/wp\/v2\/users\/1"}],"replies":[{"embeddable":true,"href":"https:\/\/diabet.fr\/sv\/wp-json\/wp\/v2\/comments?post=18317"}],"version-history":[{"count":0,"href":"https:\/\/diabet.fr\/sv\/wp-json\/wp\/v2\/pages\/18317\/revisions"}],"wp:attachment":[{"href":"https:\/\/diabet.fr\/sv\/wp-json\/wp\/v2\/media?parent=18317"}],"wp:term":[{"taxonomy":"post_tag","embeddable":true,"href":"https:\/\/diabet.fr\/sv\/wp-json\/wp\/v2\/tags?post=18317"},{"taxonomy":"folder","embeddable":true,"href":"https:\/\/diabet.fr\/sv\/wp-json\/wp\/v2\/folder?post=18317"}],"curies":[{"name":"wp","href":"https:\/\/api.w.org\/{rel}","templated":true}]}}