{"id":18287,"date":"2023-11-19T13:41:10","date_gmt":"2023-11-19T12:41:10","guid":{"rendered":"https:\/\/diabet.fr\/rattsligt-meddelande\/"},"modified":"2024-12-23T23:32:21","modified_gmt":"2024-12-23T22:32:21","slug":"rattsligt-meddelande","status":"publish","type":"page","link":"https:\/\/diabet.fr\/sv\/rattsligt-meddelande\/","title":{"rendered":"R\u00e4ttsligt meddelande"},"content":{"rendered":"\t\t<div data-elementor-type=\"wp-page\" data-elementor-id=\"18287\" class=\"elementor elementor-18287 elementor-155\" data-elementor-post-type=\"page\">\n\t\t\t\t<section class=\"elementor-element elementor-element-8d8f79b e-con-full e-flex e-con e-parent\" data-id=\"8d8f79b\" data-element_type=\"container\" data-e-type=\"container\">\n\t\t<div class=\"elementor-element elementor-element-46da94b e-con-full e-flex e-con e-child\" data-id=\"46da94b\" data-element_type=\"container\" data-e-type=\"container\" data-settings=\"{&quot;background_background&quot;:&quot;classic&quot;}\">\n\t\t\t\t<div class=\"elementor-element elementor-element-45f76d7 elementor-align-center elementor-widget elementor-widget-breadcrumbs\" data-id=\"45f76d7\" data-element_type=\"widget\" data-e-type=\"widget\" data-widget_type=\"breadcrumbs.default\">\n\t\t\t\t<div class=\"elementor-widget-container\">\n\t\t\t\t\t<nav aria-label=\"breadcrumbs\" class=\"rank-math-breadcrumb\"><p><span class=\"last\">Diabet&#039;<\/span><\/p><\/nav>\t\t\t\t<\/div>\n\t\t\t\t<\/div>\n\t\t\t\t<div class=\"elementor-element elementor-element-7c9b887 elementor-widget elementor-widget-heading\" data-id=\"7c9b887\" data-element_type=\"widget\" data-e-type=\"widget\" data-widget_type=\"heading.default\">\n\t\t\t\t\t<h1 class=\"elementor-heading-title elementor-size-default\"><span class=\"color-mauve\">R\u00e4ttsligt<\/span> meddelande<\/h1>\t\t\t\t<\/div>\n\t\t\t\t<\/div>\n\t\t\t\t<\/section>\n\t\t<main class=\"elementor-element elementor-element-09fce87 e-flex e-con-boxed e-con e-parent\" data-id=\"09fce87\" data-element_type=\"container\" data-e-type=\"container\">\n\t\t\t\t\t<div class=\"e-con-inner\">\n\t\t\t\t<div class=\"elementor-element elementor-element-0a6a18b elementor-widget elementor-widget-text-editor\" data-id=\"0a6a18b\" data-element_type=\"widget\" data-e-type=\"widget\" data-widget_type=\"text-editor.default\">\n\t\t\t\t\t\t\t\t\t<h2>V\u00e5ra r\u00e4ttsliga meddelanden<\/h2>\n<p><b>Webbplatsens redakt\u00f6r<\/b> : Liver Holding (Diabet&#8217;)<\/p>\n<p><b>Huvudkontor<\/b> : 149 Avenue du Maine, 75014 Paris<\/p>\n<p><b>Aktiekapital<\/b> : 500 \u20ac<br \/><b>SIREN<\/b> : 934816570 R.C.S. Paris<br \/><b>Intracommunity VAT-nummer<\/b> : FR 78934816570<\/p>\n<p><b>E-post<\/b> : webmaster@diabet.fr<br \/><b>Telefonnummer<\/b> : XX XX XX XX XX<\/p>\n<p><b>Publicationschef<\/b> : Eliott Hergat<\/p>\n<p><b>Webbplatsens v\u00e4rd<\/b> : Google Cloud France<br \/><b>Huvudkontor<\/b> : 8 rue de Londres, 75009 Paris<\/p>\n<p><b>Plats f\u00f6r datalagring<\/b> : Paris, Frankrike, Europeiska Unionen<\/p>\n\t\t\t\t\t\t\t\t<\/div>\n\t\t\t\t\t<\/div>\n\t\t\t\t<\/main>\n\t\t\t\t<\/div>\n\t\t","protected":false},"excerpt":{"rendered":"<p>Diabet&#039; R\u00e4ttsligt meddelande V\u00e5ra r\u00e4ttsliga meddelanden Webbplatsens redakt\u00f6r : Liver Holding (Diabet&#8217;) Huvudkontor : 149 Avenue du Maine, 75014 Paris Aktiekapital : 500 \u20acSIREN : 934816570 R.C.S. ParisIntracommunity VAT-nummer : FR 78934816570 E-post : webmaster@diabet.frTelefonnummer : XX XX XX XX XX Publicationschef : Eliott Hergat Webbplatsens v\u00e4rd : Google Cloud FranceHuvudkontor : 8 rue de [&hellip;]<\/p>\n","protected":false},"author":1,"featured_media":0,"parent":0,"menu_order":83,"comment_status":"closed","ping_status":"closed","template":"","meta":{"_acf_changed":false,"_lmt_disableupdate":"","_lmt_disable":"","footnotes":""},"tags":[4],"folder":[101],"class_list":["post-18287","page","type-page","status-publish","hentry","tag-legal"],"acf":[],"_links":{"self":[{"href":"https:\/\/diabet.fr\/sv\/wp-json\/wp\/v2\/pages\/18287","targetHints":{"allow":["GET"]}}],"collection":[{"href":"https:\/\/diabet.fr\/sv\/wp-json\/wp\/v2\/pages"}],"about":[{"href":"https:\/\/diabet.fr\/sv\/wp-json\/wp\/v2\/types\/page"}],"author":[{"embeddable":true,"href":"https:\/\/diabet.fr\/sv\/wp-json\/wp\/v2\/users\/1"}],"replies":[{"embeddable":true,"href":"https:\/\/diabet.fr\/sv\/wp-json\/wp\/v2\/comments?post=18287"}],"version-history":[{"count":0,"href":"https:\/\/diabet.fr\/sv\/wp-json\/wp\/v2\/pages\/18287\/revisions"}],"wp:attachment":[{"href":"https:\/\/diabet.fr\/sv\/wp-json\/wp\/v2\/media?parent=18287"}],"wp:term":[{"taxonomy":"post_tag","embeddable":true,"href":"https:\/\/diabet.fr\/sv\/wp-json\/wp\/v2\/tags?post=18287"},{"taxonomy":"folder","embeddable":true,"href":"https:\/\/diabet.fr\/sv\/wp-json\/wp\/v2\/folder?post=18287"}],"curies":[{"name":"wp","href":"https:\/\/api.w.org\/{rel}","templated":true}]}}