{"id":18275,"date":"2023-11-19T13:41:47","date_gmt":"2023-11-19T12:41:47","guid":{"rendered":"https:\/\/diabet.fr\/allmanna-anvandarvillkor\/"},"modified":"2024-12-23T23:28:08","modified_gmt":"2024-12-23T22:28:08","slug":"allmanna-anvandarvillkor","status":"publish","type":"page","link":"https:\/\/diabet.fr\/sv\/allmanna-anvandarvillkor\/","title":{"rendered":"Allm\u00e4nna anv\u00e4ndarvillkor"},"content":{"rendered":"\t\t<div data-elementor-type=\"wp-page\" data-elementor-id=\"18275\" class=\"elementor elementor-18275 elementor-157\" data-elementor-post-type=\"page\">\n\t\t\t\t<section class=\"elementor-element elementor-element-cbfc4d1 e-con-full e-flex e-con e-parent\" data-id=\"cbfc4d1\" data-element_type=\"container\" data-e-type=\"container\">\n\t\t<div class=\"elementor-element elementor-element-4616f0d e-con-full e-flex e-con e-child\" data-id=\"4616f0d\" data-element_type=\"container\" data-e-type=\"container\" data-settings=\"{&quot;background_background&quot;:&quot;classic&quot;}\">\n\t\t\t\t<div class=\"elementor-element elementor-element-eaafb77 elementor-align-center elementor-widget elementor-widget-breadcrumbs\" data-id=\"eaafb77\" data-element_type=\"widget\" data-e-type=\"widget\" data-widget_type=\"breadcrumbs.default\">\n\t\t\t\t<div class=\"elementor-widget-container\">\n\t\t\t\t\t<nav aria-label=\"breadcrumbs\" class=\"rank-math-breadcrumb\"><p><span class=\"last\">Diabet&#039;<\/span><\/p><\/nav>\t\t\t\t<\/div>\n\t\t\t\t<\/div>\n\t\t\t\t<div class=\"elementor-element elementor-element-f7e5159 elementor-widget elementor-widget-highlighted-heading\" data-id=\"f7e5159\" data-element_type=\"widget\" data-e-type=\"widget\" data-widget_type=\"highlighted-heading.default\">\n\t\t\t\t<div class=\"elementor-widget-container\">\n\t\t\t\t\t<h1 class=\"silicon-elementor-highlighted-heading__title\"><span class=\"si-multipurpose-text__before\">Conditions G\u00e9n\u00e9rales d'<\/span><span class=\"silicon-elementor-highlighted-heading__highlighted-text\">Utilisation<\/span><\/h1>\t\t\t\t<\/div>\n\t\t\t\t<\/div>\n\t\t\t\t<\/div>\n\t\t\t\t<\/section>\n\t\t<div class=\"elementor-element elementor-element-4b34fad e-flex e-con-boxed e-con e-parent\" data-id=\"4b34fad\" data-element_type=\"container\" data-e-type=\"container\">\n\t\t\t\t\t<div class=\"e-con-inner\">\n\t\t\t\t<div class=\"elementor-element elementor-element-fa6ff6f elementor-widget elementor-widget-text-editor\" data-id=\"fa6ff6f\" data-element_type=\"widget\" data-e-type=\"widget\" data-widget_type=\"text-editor.default\">\n\t\t\t\t\t\t\t\t\t<p>Webbplatsen diabet.fr (den &#8221; <b>Webbplatsen<\/b> &#8221;), publicerad av f\u00f6retaget Liver Holding (Diabet&#8217;) (&#8221; <b>Diabet\u2019<\/b> &#8221; eller &#8221; <b>vi<\/b> &#8221;), presenterar aktiviteterna p\u00e5 l\u00e4karmottagningen dedikerad till diabetes Diabet\u2019.<br \/>\u00c5tkomst, konsultation, navigering och\/eller anv\u00e4ndning av webbplatsen och dess tj\u00e4nster inneb\u00e4r fullst\u00e4ndigt och helt accepterande av dessa allm\u00e4nna anv\u00e4ndarvillkor (de &#8221; <b>CGU<\/b> &#8221;) som syftar till att definiera villkoren f\u00f6r att anv\u00e4nda webbplatsen och dess tj\u00e4nster av alla som har \u00e5tkomst, konsulterar, navigerar och\/eller anv\u00e4nder hela eller delar av webbplatsen och dess tj\u00e4nster (en &#8221; <b>Anv\u00e4ndare<\/b> &#8221;).<br \/>Som ett resultat, innan anv\u00e4ndning av webbplatsen och dess tj\u00e4nster, uppmanas anv\u00e4ndaren att l\u00e4sa dessa allm\u00e4nna anv\u00e4ndarvillkor (CGU). Om anv\u00e4ndaren v\u00e4grar, helt eller delvis, n\u00e5gon av best\u00e4mmelserna i dessa CGU, ber vi dem att inte anv\u00e4nda webbplatsen och dess tj\u00e4nster. <br \/>Dessa allm\u00e4nna anv\u00e4ndarvillkor \u00e4r tillg\u00e4ngliga n\u00e4r som helst p\u00e5 webbplatsen och kommer att g\u00e4lla, om s\u00e5 kr\u00e4vs, \u00f6ver alla andra versioner eller andra mots\u00e4gande dokument.<br \/>Anv\u00e4ndaren informeras om att alla bokningar online hos Diabet&#8217; som g\u00f6rs via Doctolib-plattformen, dit webbplatsen omdirigerar, \u00e4r underkastade Doctolib-tj\u00e4nsternas anv\u00e4ndarvillkor och Doctolibs dataskyddspolicy.<br \/>Du kan st\u00e4lla alla dina fr\u00e5gor direkt till Diabet \u00bb genom att skicka ett e-postmeddelande till f\u00f6ljande adress: webmaster@diabet.fr.<\/p>\n<h2>\u00c5tkomst till webbplats och tj\u00e4nster<\/h2>\n<p>\u00c5tkomst till webbplatsen och dess tj\u00e4nster \u00e4r tekniskt m\u00f6jlig tjugofyra (24) timmar om dygnet och sju (7) dagar i veckan, med undantag f\u00f6r h\u00e4ndelser av force majeure, eventuella driftst\u00f6rningar eller underh\u00e5llsarbete som \u00e4r n\u00f6dv\u00e4ndigt f\u00f6r webbplatsens och dess tj\u00e4nsters korrekta funktion.<br \/>I vilket fall som helst erk\u00e4nner Anv\u00e4ndaren att han\/hon har den n\u00f6dv\u00e4ndiga kompetensen och resurserna f\u00f6r att f\u00e5 tillg\u00e5ng till och anv\u00e4nda webbplatsen och dess tj\u00e4nster. I detta avseende ska Anv\u00e4ndaren ha en dator, en mobiltelefon, en surfplatta eller n\u00e5gon annan enhet med internetanslutning, vars inst\u00e4llningar m\u00f6jligg\u00f6r webbplatsens och dess tj\u00e4nsters korrekta funktion. <\/p>\n<p>Generellt sett, f\u00f6rklarar Anv\u00e4ndaren att de k\u00e4nner till riskerna med att surfa p\u00e5 internetwebbplatser och att anv\u00e4nda online-tj\u00e4nster och accepterar dem. Anv\u00e4ndaren erk\u00e4nner s\u00e4rskilt att informationen som \u00f6verf\u00f6rs eller lagras d\u00e4r kan avlyssnas eller \u00e4ndras oberoende av Diabet&#8217;s vilja. <\/p>\n<p>I detta sammanhang rekommenderas Anv\u00e4ndaren starkt att vidta alla n\u00f6dv\u00e4ndiga f\u00f6rsiktighets\u00e5tg\u00e4rder f\u00f6r att skydda sig mot effekterna av eventuella dataintr\u00e5ng, s\u00e4rskilt genom att anta en s\u00e4ker och anpassad datorkonfiguration f\u00f6r sin dator, mobiltelefon, surfplatta eller n\u00e5gon annan anv\u00e4nd enhet (till exempel genom att implementera ett antivirusprogram som regelbundet uppdateras).<\/p>\n<h2>Tj\u00e4nster som erbjuds p\u00e5 webbplatsen och skydd av data<\/h2>\n<h3>Villkor f\u00f6r tillg\u00e5ng till tj\u00e4nsterna som erbjuds p\u00e5 webbplatsen<\/h3>\n<p>F\u00f6r att dra nytta av de tj\u00e4nster som erbjuds p\u00e5 webbplatsen m\u00e5ste anv\u00e4ndaren:<\/p>\n<ul>\n<li>vara myndig ;<\/li>\n<li>ha f\u00f6rm\u00e5gan och kvaliteten som kr\u00e4vs f\u00f6r att dra nytta av tj\u00e4nsterna p\u00e5 webbplatsen ;<\/li>\n<li>anv\u00e4nda Webbplatsen och dess tj\u00e4nster i enlighet med dessa Anv\u00e4ndarvillkor.<\/li>\n<\/ul>\n<p>Dessutom inneb\u00e4r tillg\u00e5ngen till tj\u00e4nsterna som erbjuds p\u00e5 webbplatsen ibland att fylla i de obligatoriska f\u00e4lten i formul\u00e4ret som \u00e4r kopplat till den \u00f6nskade tj\u00e4nsten (till exempel f\u00f6rkonsultationsformul\u00e4r, kontaktformul\u00e4r, ans\u00f6kan om en ledig tj\u00e4nst).<\/p>\n<p>Anv\u00e4ndaren garanterar sanningsenligheten och noggrannheten i den information som l\u00e4mnas i detta sammanhang. Anv\u00e4ndaren f\u00f6rbinder sig s\u00e4rskilt att inte skapa en falsk identitet som kan vilseleda Diabet&#8217; eller tredje parter och att inte anta en annan fysisk persons identitet. Om Anv\u00e4ndaren skulle ge falsk, inexakt, f\u00f6r\u00e5ldrad, ofullst\u00e4ndig, vilseledande information eller information som kan vilseleda, kan Diabet&#8217;, omedelbart utan f\u00f6rvarning eller ers\u00e4ttning, v\u00e4gra tilltr\u00e4de, tillf\u00e4lligt eller permanent, till hela eller delar av webbplatsen och dess tj\u00e4nster.  <\/p>\n<p>Anv\u00e4ndaren \u00e4r informerad och accepterar att hans data med personlig karakt\u00e4r skall kommuniceras till l\u00e4karen eller v\u00e5rdpersonalen som verkar inom Diabet&#8217;center (den &#8221; <b>H\u00e4lsoprofessionell<\/b>&#8221;) som han bokar en konsultation hos, samt till alla Diabet&#8217;tj\u00e4nsteleverant\u00f6rer inom IT, vars ingripande skulle vara n\u00f6dv\u00e4ndigt f\u00f6r att korrekt tillhandah\u00e5lla tj\u00e4nsterna.<\/p>\n<p>F\u00f6r att f\u00e5 mer information om hur Diabet&#8217; anv\u00e4nder personuppgifter och hur man ut\u00f6var sina r\u00e4ttigheter i detta avseende, uppmanas Anv\u00e4ndaren att l\u00e4sa Sekretesspolicyn.<\/p>\n<p>F\u00f6r allt som r\u00f6r cookies uppmanas anv\u00e4ndaren att konsultera <a href=\"https:\/\/diabet.fr\/cookies\/\">Cookiepolicy<\/a>.<\/p>\n<h3>Tj\u00e4nster som erbjuds p\u00e5 webbplatsen<\/h3>\n<p>Fr\u00e5n webbplatsen kan anv\u00e4ndaren :<\/p>\n<ul>\n<li>F\u00e5 tillg\u00e5ng till tillg\u00e4nglig information om Diabet&#8217; och centret ;<\/li>\n<li>Fylla i fr\u00e5geformul\u00e4r ;<\/li>\n<li>Boka tid online hos en H\u00e4lso- och Sjukv\u00e5rdspersonal via plattformen Doctolib, som webbplatsen omdirigerar till ;<\/li>\n<li>Kontakta Diabet&#8217; f\u00f6r alla informationsf\u00f6rfr\u00e5gningar ;<\/li>\n<li>Konsultera lediga jobberbjudanden inom Diabet&#8217; och ans\u00f6k vid behov.<\/li>\n<\/ul>\n<h2>Allm\u00e4nna skyldigheter f\u00f6r anv\u00e4ndaren<\/h2>\n<p>Anv\u00e4ndaren f\u00f6rbjuder s\u00e4rskilt:<\/p>\n<ul>\n<li>Att anv\u00e4nda Webbplatsen och dess tj\u00e4nster f\u00f6r kommersiella \u00e4ndam\u00e5l, prospektering, uppmaning eller reklam ;<\/li>\n<li>Allt beteende som kan skada integriteten, funktionen eller s\u00e4kerheten f\u00f6r informationssystemet som ligger till grund f\u00f6r webbplatsens och dess tj\u00e4nsters funktion ;<\/li>\n<li>Alla intr\u00e5ng eller f\u00f6rs\u00f6k till intr\u00e5ng i Diabet&#8217;s informationssystem ;<\/li>\n<li>Alla intr\u00e5ng eller f\u00f6rs\u00f6k till intr\u00e5ng p\u00e5 Webbplatsens s\u00e4kerhets\u00e5tg\u00e4rder;<\/li>\n<li>All insamling, extraktion eller anv\u00e4ndning, p\u00e5 n\u00e5got s\u00e4tt, av informationen p\u00e5 webbplatsen ;<\/li>\n<li>Och mer generellt, alla handlingar som p\u00e5 n\u00e5got s\u00e4tt kan skada r\u00e4ttigheterna och intressena hos Diabet&#8217; eller tredje part.<\/li>\n<\/ul>\n<p>Om anv\u00e4ndaren bryter mot dessa allm\u00e4nna anv\u00e4ndarvillkor eller g\u00e4llande lagstiftning, inklusive all otill\u00e5ten anv\u00e4ndning av webbplatsen och dess tj\u00e4nster som observerats av Diabet&#8217;, f\u00f6rbeh\u00e5ller sig Diabet&#8217; r\u00e4tten att avsluta detta kontraktf\u00f6rh\u00e5llande, omedelbart och utan f\u00f6rvarning eller ers\u00e4ttning, samt att blockera anv\u00e4ndarens framtida tillg\u00e5ng till hela eller delar av webbplatsen och dess tj\u00e4nster.<\/p>\n<h2>Intellektuell egendom<\/h2>\n<p>Webbplatsen och alla komponenter som utg\u00f6r den eller som st\u00e4lls till anv\u00e4ndarnas f\u00f6rfogande, inklusive f\u00f6rkonsultationsformul\u00e4ret, varum\u00e4rken, logotyper, fotografier, program, k\u00e4llkoder, objektkoder, data, databaser, animerade eller icke-animerade bilder, ljud, ritningar, grafik, videor, texter, layout, utseende, struktur, samt alla andra element som inte \u00e4r kopplade till hyperl\u00e4nkar till tredjepartssidor, \u00e4r \u00e4gda av Diabet&#8217; eller \u00e4r licensierade till dess f\u00f6rm\u00e5n av n\u00e5gon innehavare av immateriella r\u00e4ttigheter.<\/p>\n<p>Alla dessa element \u00e4r f\u00f6rem\u00e5l f\u00f6r best\u00e4mmelserna i fransk och internationell lagstiftning som g\u00e4ller f\u00f6r immateriella r\u00e4ttigheter, s\u00e4rskilt den intellektuella \u00e4gander\u00e4ttskoden, och \u00e4r d\u00e4rf\u00f6r skyddade mot all obeh\u00f6rig anv\u00e4ndning enligt lagen eller dessa allm\u00e4nna anv\u00e4ndarvillkor. Vid \u00f6vertr\u00e4delse kan r\u00e4ttsliga f\u00f6rf\u00f6ljelser vidtas.<\/p>\n<p>Diabet&#8217; ger Anv\u00e4ndaren en personlig, icke-exklusiv och kostnadsfri r\u00e4tt att konsultera och anv\u00e4nda Webbplatsen och dess tj\u00e4nster f\u00f6r eget bruk och strikt inom ramen f\u00f6r de operationer som \u00e4r till\u00e5tna enligt dessa Allm\u00e4nna Anv\u00e4ndarvillkor.<\/p>\n<p>Under f\u00f6rbeh\u00e5ll f\u00f6r de anv\u00e4ndarr\u00e4ttigheter som Diabet\u2019 beviljar, inneb\u00e4r inte anv\u00e4ndningen av webbplatsen och dess tj\u00e4nster n\u00e5gon licens, eller n\u00e5gon \u00f6verf\u00f6ring av r\u00e4ttigheter som h\u00f6r till element p\u00e5 webbplatsen till anv\u00e4ndaren. S\u00e4rskilt \u00e4r varje kopia, reproduktion, framst\u00e4llning, anpassning, \u00e4ndring, fullst\u00e4ndig eller delvis spridning av webbplatsen, liksom allt eller delar av dess inneh\u00e5ll, genom n\u00e5got f\u00f6rfarande och p\u00e5 n\u00e5got medium, olagligt utom med f\u00f6rhandstillst\u00e5nd, uttryckligt och skriftligt fr\u00e5n Diabet&#8217; eller innehavaren av immateriella r\u00e4ttigheter. <\/p>\n<p>Om dessa best\u00e4mmelser inte f\u00f6ljs, s\u00e4rskilt f\u00f6r kommersiellt utnyttjande, kan det leda till r\u00e4ttsliga \u00e5tg\u00e4rder p\u00e5 grund av varum\u00e4rkesintr\u00e5ng och\/eller konkurrensh\u00e4mmande handlingar och\/eller parasiterande beteende fr\u00e5n r\u00e4ttighetsinnehavarnas sida. Detta \u00e4r utan att skada Diabet&#8217; andra r\u00e4ttigheter, s\u00e4rskilt r\u00e4tten att kr\u00e4va ers\u00e4ttning f\u00f6r lidna skador. <\/p>\n<h2>Ansvar<\/h2>\n<p>Webbplatsen tillhandah\u00e5lls gratis f\u00f6r anv\u00e4ndaren. \u00c4ven om Diabet&#8217; str\u00e4var efter att tillhandah\u00e5lla en tillf\u00f6rlitlig webbplats, garanterar Diabet&#8217; inte att den \u00e4r fri fr\u00e5n fel, inexaktheter eller utel\u00e4mnanden, perioder av otillg\u00e4nglighet, brister eller defekter. Dessutom garanterar inte Diabet&#8217; exaktheten, kvaliteten, lagligheten eller l\u00e4mpligheten f\u00f6r ett s\u00e4rskilt \u00e4ndam\u00e5l av webbplatsen, de tj\u00e4nster som erbjuds d\u00e4r och inneh\u00e5llet som publiceras d\u00e4r. F\u00f6ljaktligen erk\u00e4nner anv\u00e4ndaren att han\/hon anv\u00e4nder webbplatsen, de tj\u00e4nster som erbjuds och inneh\u00e5llet som publiceras d\u00e4r under sitt eget ansvar.   <\/p>\n<p>I synnerhet kan Diabet\u2019 inte p\u00e5 n\u00e5got s\u00e4tt h\u00e5llas ansvarig av anv\u00e4ndaren vid fel i inmatningen av sina kontaktuppgifter, s\u00e4rskilt n\u00e4r det g\u00e4ller inmatning av sitt telefonnummer.<\/p>\n<p>Diabet\u2019 p\u00e5pekar f\u00f6r Anv\u00e4ndaren att den inte garanterar tillg\u00e4ngligheten hos H\u00e4lso- och sjukv\u00e5rdspersonalen f\u00f6r en konsultation. Diabet\u2019 agerar endast som mellanhand mellan Anv\u00e4ndaren och H\u00e4lso- och sjukv\u00e5rdspersonalen. Diabet\u2019 kan inte under n\u00e5gra omst\u00e4ndigheter h\u00e5llas ansvarigt f\u00f6r att en H\u00e4lso- och sjukv\u00e5rdspersonal inte \u00e4r tillg\u00e4nglig f\u00f6r en konsultation. Alla eventuella tvister som kan uppst\u00e5 mellan Anv\u00e4ndaren och H\u00e4lso- och sjukv\u00e5rdspersonalen ska hanteras direkt mellan sagda Anv\u00e4ndare och H\u00e4lso- och sjukv\u00e5rdspersonalen.   <\/p>\n<p>Under inga omst\u00e4ndigheter kan informationen som finns tillg\u00e4nglig p\u00e5 webbplatsen ers\u00e4tta r\u00e5d och diagnos fr\u00e5n en h\u00e4lso- och sjukv\u00e5rdspersonal, eller undvika ett l\u00e4karbes\u00f6k vid behov. Alla beslut som tas utifr\u00e5n informationen som finns tillg\u00e4nglig p\u00e5 webbplatsen kommer endast att vara dess f\u00f6rfattares ansvar, Diabet&#8217; \u00e4r d\u00e4rf\u00f6r p\u00e5 inget s\u00e4tt ansvarig f\u00f6r dessa beslut, direkt eller indirekt, eller f\u00f6r skador, direkta eller indirekta, som skulle kunna uppst\u00e5 till f\u00f6ljd av detta. <\/p>\n<p>Webbplatsen presenterar bland annat avgifterna eller avgiftsomr\u00e5dena som h\u00e4lso- och sjukv\u00e5rdspersonalen p\u00e5 l\u00e4karmottagningen till\u00e4mpar, samt den g\u00e4llande \u00e5terbetalningstaxan fr\u00e5n sjukf\u00f6rs\u00e4kringen som motsvarar de f\u00f6reslagna tj\u00e4nsterna. Anv\u00e4ndaren informeras om att det slutliga priset p\u00e5 v\u00e5rdtj\u00e4nsten kan variera beroende p\u00e5 vilken typ av konsultation som faktiskt utf\u00f6rs och att denna information d\u00e4rf\u00f6r endast ges i informativt syfte. <\/p>\n<p>Dessutom kan Diabet&#8217; inte h\u00e5llas ansvarig f\u00f6r direkta eller indirekta skador som kan uppst\u00e5:<\/p>\n<ul>\n<li>Av n\u00e5gon dysfunktion eller f\u00f6rorening av datorn, mobiltelefonen, surfplattan eller n\u00e5gon annan utrustning som Anv\u00e4ndaren anv\u00e4nder under eller efter surfning p\u00e5 Webbplatsen, of\u00f6rm\u00e5ga att f\u00e5 \u00e5tkomst eller d\u00e5liga anv\u00e4ndningsf\u00f6rh\u00e5llanden som kan tillskrivas dessa utrustningar, internetleverant\u00f6ren, internetn\u00e4tverkets \u00f6verbelastning, eller n\u00e5gon annan orsak utanf\u00f6r Diabet&#8217;;<\/li>\n<li>Kostnader f\u00f6r elektronisk eller telefonisk kommunikation som uppst\u00e5r vid anv\u00e4ndning av dessa utrustningar och som uteslutande belastar Anv\u00e4ndaren och kommer inte att b\u00e4ras av Diabet&#8217; ;<\/li>\n<li>Av alla avbrott, tillf\u00e4lliga eller permanenta, av alla eller delar av funktionerna p\u00e5 webbplatsen, s\u00e4rskilt vid underh\u00e5ll, \u00e4ndring eller uppdatering av webbplatsen, vid tekniska incidenter och, mer generellt, vid h\u00e4ndelser utanf\u00f6r Diabet&#8217;s kontroll ;<\/li>\n<li>F\u00f6r alla konsekvenser som kan uppst\u00e5 p\u00e5 grund av inneh\u00e5llet p\u00e5 tredjepartswebbplatser som hyperl\u00e4nkarna som kan finnas p\u00e5 webbplatsen kan h\u00e4nvisa till;<\/li>\n<li>Eventuella indirekta skador som anv\u00e4ndaren kan drabbas av ;<\/li>\n<li>F\u00f6r all skada som Anv\u00e4ndaren eller tredje part lider till f\u00f6ljd av att webbplatsen anv\u00e4nds p\u00e5 ett s\u00e4tt som strider mot dessa Allm\u00e4nna Anv\u00e4ndarvillkor;<\/li>\n<li>F\u00f6r alla brister i skyldigheterna som anges i dessa ANV som skulle vara eller ha sitt ursprung i ett slumpm\u00e4ssigt fall eller ett fall av st\u00f6rre kraft som definierat av artikel 1218 i civilr\u00e4tten.<\/li>\n<\/ul>\n<p>I det fall d\u00e4r Diabet&#8217; skulle h\u00e5llas ansvarig f\u00f6r en skada som inte f\u00f6rutses i denna artikel, kommer dess ansvar att begr\u00e4nsas till vissa, verkliga och direkta skador.<\/p>\n<p>I forts\u00e4ttningen kan Diabet&#8217;, dess representanter och partners under inga omst\u00e4ndigheter h\u00e5llas ansvariga f\u00f6r indirekta skador som uppst\u00e5r genom anv\u00e4ndning av webbplatsen, de tj\u00e4nster som erbjuds d\u00e4r och inneh\u00e5llet som publiceras d\u00e4r, inklusive f\u00f6rlorade inkomster, f\u00f6rlorad vinst, f\u00f6rlorade m\u00f6jligheter eller skador som uppst\u00e5r fr\u00e5n f\u00f6rlust av data p\u00e5 grund av of\u00f6rm\u00e5gan att anv\u00e4nda webbplatsen och dess tj\u00e4nster.<\/p>\n<h2>\u00c4ndring<\/h2>\n<p>De nuvarande anv\u00e4ndarvillkoren \u00e4r exakt daterade och kan \u00e4ndras och uppdateras av Diabet n\u00e4r som helst, s\u00e4rskilt vid utveckling av webbplatsen eller den till\u00e4mpliga lagstiftningen.<\/p>\n<p>De allm\u00e4nna anv\u00e4ndarvillkoren som g\u00e4ller \u00e4r de som publiceras p\u00e5 webbplatsen vid den tidpunkt d\u00e5 anv\u00e4ndaren f\u00e5r \u00e5tkomst till webbplatsen. F\u00f6ljaktligen uppmanas anv\u00e4ndaren att konsultera de allm\u00e4nna anv\u00e4ndarvillkoren vid varje nytt tilltr\u00e4de till webbplatsen. <\/p>\n<p>Den h\u00e4r versionen av anv\u00e4ndarvillkoren ers\u00e4tter alla tidigare versioner.<\/p>\n<h2>Avslutning av webbplatsen<\/h2>\n<p>Diabet\u2019 f\u00f6rbeh\u00e5ller sig r\u00e4tten att tillf\u00e4lligt eller permanent avbryta tillg\u00e5ngen till hela eller delar av Webbplatsen eller de tj\u00e4nster som erbjuds d\u00e4r, s\u00e4rskilt i h\u00e4ndelse av upph\u00f6rande av verksamheten kopplad till tillhandah\u00e5llandet av Webbplatsen eller i h\u00e4ndelse av kollektiv process.<\/p>\n<h2>\u00d6verl\u00e5telse<\/h2>\n<p>I enlighet med till\u00e4mplig lag samtycker Anv\u00e4ndaren till att dessa Allm\u00e4nna Villkor som binder honom till Diabet&#8217; kan \u00f6verl\u00e5tas, \u00f6verf\u00f6ras eller tillhandah\u00e5llas p\u00e5 n\u00e5got s\u00e4tt. I samband med \u00f6verf\u00f6ringen av f\u00f6retaget till en tredje part kommer dessa Allm\u00e4nna Villkor som binder Anv\u00e4ndaren till Diabet&#8217; automatiskt att \u00f6verf\u00f6ras till \u00f6verl\u00e5taren. <\/p>\n<h2>Hyperl\u00e4nkar<\/h2>\n<p>Webbplatsen kan inkludera hyperl\u00e4nkar till externa webbplatser eller k\u00e4llor, andra \u00e4n de som publiceras av Diabet\u2019. Eftersom Diabet\u2019 inte kan kontrollera dessa webbplatser och externa k\u00e4llor, kan Diabet\u2019 inte h\u00e5llas ansvarig f\u00f6r tillg\u00e4ngligheten till dessa webbplatser och externa k\u00e4llor, och fr\u00e5ns\u00e4ger sig d\u00e4rmed allt ansvar f\u00f6r inneh\u00e5ll, annonser, produkter, tj\u00e4nster eller annat material som finns p\u00e5 eller kommer fr\u00e5n dessa webbplatser eller externa k\u00e4llor. Dessutom \u00e4r beslutet att aktivera hyperl\u00e4nkarna uteslutande Anv\u00e4ndarens ansvar.  <\/p>\n<p>Diabet\u2019 p\u00e5minner Anv\u00e4ndaren om att webbplatser eller externa k\u00e4llor som inte \u00e4r anknutna lyder under sina egna allm\u00e4nna anv\u00e4ndarvillkor.<\/p>\n<p>Om Anv\u00e4ndaren \u00f6nskar skapa en hyperl\u00e4nk som h\u00e4nvisar till Webbplatsen, m\u00e5ste han\/hon f\u00e5 skriftligt och f\u00f6rhandsgodk\u00e4nnande fr\u00e5n Diabet&#8217; genom att skicka ett e-postmeddelande till f\u00f6ljande adress: webmaster@diabet.fr.<\/p>\n<p>Diabet\u2019 kan, efter eget gottfinnande, acceptera eller avvisa vilken beg\u00e4ran som helst som riktas till den. Diabet\u2019 har ingen skyldighet att acceptera en s\u00e5dan beg\u00e4ran, eller att ge n\u00e5gon anledning till att avvisa en s\u00e5dan beg\u00e4ran om s\u00e5 skulle vara fallet. <\/p>\n<h2>Giltighet f\u00f6r allm\u00e4nna anv\u00e4ndarvillkor<\/h2>\n<p>Varje artikel i dessa anv\u00e4ndarvillkor g\u00e4ller separat. Eventuella \u00e4ndringar av g\u00e4llande lagstiftning, eller beslut fr\u00e5n en domstol eller beh\u00f6rig myndighet som ogiltigf\u00f6rklarar en eller flera artiklar i dessa anv\u00e4ndarvillkor, kan inte p\u00e5verka giltigheten av hela anv\u00e4ndarvillkoren. En s\u00e5dan \u00e4ndring eller beslut ger under inga omst\u00e4ndigheter anv\u00e4ndaren r\u00e4tt att ignorera de giltiga best\u00e4mmelserna i dessa anv\u00e4ndarvillkor.  <\/p>\n<h2>Spr\u00e5k<\/h2>\n<p>De h\u00e4r allm\u00e4nna villkoren \u00e4r skrivna p\u00e5 franska. Om de \u00f6vers\u00e4tts till ett eller flera spr\u00e5k, \u00e4r det endast den franska texten som g\u00e4ller vid en tvist. <\/p>\n<h2>Till\u00e4mplig lag \/ Jurisdiktions tilldelning<\/h2>\n<p>Dessa anv\u00e4ndarvillkor och de \u00e5tg\u00e4rder som f\u00f6ljer d\u00e4rav regleras, tolkas och till\u00e4mpas i enlighet med fransk lag.<\/p>\n<p>I h\u00e4ndelse av tvist ang\u00e5ende tolkningen eller utf\u00f6randet, kommer Diabet&#8217; och Anv\u00e4ndaren att s\u00f6ka en v\u00e4nskaplig \u00f6verenskommelse innan n\u00e5gon r\u00e4ttslig \u00e5tg\u00e4rd vidtas, och kommer i detta syfte att kommunicera alla n\u00f6dv\u00e4ndiga informationsdelar till varandra.<\/p>\n<p>Om det inte n\u00e5s en \u00f6verenskommelse mellan Diabet&#8217; och anv\u00e4ndaren inom tv\u00e5 (2) m\u00e5nader fr\u00e5n att tvisten har meddelats till den andra parten, ges uttryckligen beh\u00f6righet till domstolarna i Paris.<\/p>\n\t\t\t\t\t\t\t\t<\/div>\n\t\t\t\t\t<\/div>\n\t\t\t\t<\/div>\n\t\t\t\t<\/div>\n\t\t","protected":false},"excerpt":{"rendered":"<p>Diabet&#039; Conditions G\u00e9n\u00e9rales d&#8217;Utilisation Webbplatsen diabet.fr (den &#8221; Webbplatsen &#8221;), publicerad av f\u00f6retaget Liver Holding (Diabet&#8217;) (&#8221; Diabet\u2019 &#8221; eller &#8221; vi &#8221;), presenterar aktiviteterna p\u00e5 l\u00e4karmottagningen dedikerad till diabetes Diabet\u2019.\u00c5tkomst, konsultation, navigering och\/eller anv\u00e4ndning av webbplatsen och dess tj\u00e4nster inneb\u00e4r fullst\u00e4ndigt och helt accepterande av dessa allm\u00e4nna anv\u00e4ndarvillkor (de &#8221; CGU &#8221;) som syftar [&hellip;]<\/p>\n","protected":false},"author":1,"featured_media":0,"parent":0,"menu_order":80,"comment_status":"closed","ping_status":"closed","template":"","meta":{"_acf_changed":false,"_lmt_disableupdate":"","_lmt_disable":"","footnotes":""},"tags":[4],"folder":[101],"class_list":["post-18275","page","type-page","status-publish","hentry","tag-legal"],"acf":[],"_links":{"self":[{"href":"https:\/\/diabet.fr\/sv\/wp-json\/wp\/v2\/pages\/18275","targetHints":{"allow":["GET"]}}],"collection":[{"href":"https:\/\/diabet.fr\/sv\/wp-json\/wp\/v2\/pages"}],"about":[{"href":"https:\/\/diabet.fr\/sv\/wp-json\/wp\/v2\/types\/page"}],"author":[{"embeddable":true,"href":"https:\/\/diabet.fr\/sv\/wp-json\/wp\/v2\/users\/1"}],"replies":[{"embeddable":true,"href":"https:\/\/diabet.fr\/sv\/wp-json\/wp\/v2\/comments?post=18275"}],"version-history":[{"count":0,"href":"https:\/\/diabet.fr\/sv\/wp-json\/wp\/v2\/pages\/18275\/revisions"}],"wp:attachment":[{"href":"https:\/\/diabet.fr\/sv\/wp-json\/wp\/v2\/media?parent=18275"}],"wp:term":[{"taxonomy":"post_tag","embeddable":true,"href":"https:\/\/diabet.fr\/sv\/wp-json\/wp\/v2\/tags?post=18275"},{"taxonomy":"folder","embeddable":true,"href":"https:\/\/diabet.fr\/sv\/wp-json\/wp\/v2\/folder?post=18275"}],"curies":[{"name":"wp","href":"https:\/\/api.w.org\/{rel}","templated":true}]}}