{"id":18335,"date":"2023-11-19T13:42:19","date_gmt":"2023-11-19T12:42:19","guid":{"rendered":"https:\/\/diabet.fr\/politica-de-cookies\/"},"modified":"2024-12-24T00:41:34","modified_gmt":"2024-12-23T23:41:34","slug":"politica-de-cookies","status":"publish","type":"page","link":"https:\/\/diabet.fr\/pt-pt\/politica-de-cookies\/","title":{"rendered":"Pol\u00edtica de cookies"},"content":{"rendered":"\t\t<div data-elementor-type=\"wp-page\" data-elementor-id=\"18335\" class=\"elementor elementor-18335 elementor-159\" data-elementor-post-type=\"page\">\n\t\t\t\t<section class=\"elementor-element elementor-element-638cbcc e-con-full e-flex e-con e-parent\" data-id=\"638cbcc\" data-element_type=\"container\" data-e-type=\"container\">\n\t\t<div class=\"elementor-element elementor-element-5f41e02 e-con-full e-flex e-con e-child\" data-id=\"5f41e02\" data-element_type=\"container\" data-e-type=\"container\" data-settings=\"{&quot;background_background&quot;:&quot;classic&quot;}\">\n\t\t\t\t<div class=\"elementor-element elementor-element-7fd30e0 elementor-align-center elementor-widget elementor-widget-breadcrumbs\" data-id=\"7fd30e0\" data-element_type=\"widget\" data-e-type=\"widget\" data-widget_type=\"breadcrumbs.default\">\n\t\t\t\t<div class=\"elementor-widget-container\">\n\t\t\t\t\t<nav aria-label=\"breadcrumbs\" class=\"rank-math-breadcrumb\"><p><span class=\"last\">Diabet&#039;<\/span><\/p><\/nav>\t\t\t\t<\/div>\n\t\t\t\t<\/div>\n\t\t\t\t<div class=\"elementor-element elementor-element-7454ace elementor-widget elementor-widget-heading\" data-id=\"7454ace\" data-element_type=\"widget\" data-e-type=\"widget\" data-widget_type=\"heading.default\">\n\t\t\t\t\t<h1 class=\"elementor-heading-title elementor-size-default\"><span class=\"color-mauve\">Pol\u00edtica de <\/span>cookies<\/h1>\t\t\t\t<\/div>\n\t\t\t\t<\/div>\n\t\t\t\t<\/section>\n\t\t<main class=\"elementor-element elementor-element-6c84584 e-flex e-con-boxed e-con e-parent\" data-id=\"6c84584\" data-element_type=\"container\" data-e-type=\"container\">\n\t\t\t\t\t<div class=\"e-con-inner\">\n\t\t\t\t<div class=\"elementor-element elementor-element-f50c015 elementor-widget elementor-widget-text-editor\" data-id=\"f50c015\" data-element_type=\"widget\" data-e-type=\"widget\" data-widget_type=\"text-editor.default\">\n\t\t\t\t\t\t\t\t\t<h2>Qual \u00e9 a utilidade desta pol\u00edtica?<\/h2>\n<p><b>Diabet\u2019, que gerencia o site diabet.fr, atribui grande import\u00e2ncia \u00e0 confidencialidade dos seus dados, que representa para n\u00f3s uma garantia de seriedade e confian\u00e7a, independentemente de se tratar de cookies ou de dados pessoais.<\/b> A pol\u00edtica <b>cookies<\/b> visa explicar por que utilizamos cookies, bem como qualquer outro tipo de <b>rastreadores<\/b> quando voc\u00ea navega em nosso site diabet.fr. No entanto, esta pol\u00edtica de cookies diz respeito apenas aos tratamentos relativos ao <b>dep\u00f3sito de cookies e rastreadores<\/b>. Para os outros tratamentos que realizamos, agradecemos que consulte nossa <b>pol\u00edtica de privacidade dos dados<\/b>, <b>acess\u00edvel a qualquer momento<\/b> em nosso site diabet.fr.  <\/p>\n<h2>O que \u00e9 um cookie e qual \u00e9 a sua utilidade?<\/h2>\n<p>Os cookies e outros rastreadores s\u00e3o <b>pequenos arquivos \u201ctexto\u201d<\/b> colocados e hospedados por um servidor em seu <b>smartphone, tablet ou computador<\/b> quando voc\u00ea visita um site. Os cookies <b>n\u00e3o permitem identific\u00e1-lo pessoalmente<\/b>, mas identificam seu terminal (ex: smartphone, tablet, etc.) atrav\u00e9s do seu endere\u00e7o IP, assim como diferentes informa\u00e7\u00f5es relacionadas \u00e0 sua navega\u00e7\u00e3o (ex: dura\u00e7\u00e3o da navega\u00e7\u00e3o, p\u00e1ginas visitadas, etc.) para: <\/p>\n<ul>\n<li>Memorize seu identificador para ser reconhecido quando voc\u00ea se conectar novamente a um site e para manter sua escolha (ex: idiomas, recusa de cookies, manter seu carrinho, etc.).<\/li>\n<li>Rastrear e analisar o uso que voc\u00ea faz de um site da internet para fins estat\u00edsticos, a fim de melhorar sua experi\u00eancia e fornecer um servi\u00e7o adequado \u00e0s suas necessidades.<\/li>\n<li>Permitir navegar e utilizar um site na melhor condi\u00e7\u00e3o poss\u00edvel.<\/li>\n<li>Analisar o uso que voc\u00ea faz de um site da internet para fornecer publicidade adequada \u00e0s suas necessidades, seja neste site da internet ou em outros sites da internet.<\/li>\n<\/ul>\n<p>Para mais informa\u00e7\u00f5es sobre este assunto, voc\u00ea pode consultar os seguintes sites: www.cnil.fr, www.allaboutcookies.org e www.youronlinechoices.eu.<\/p>\n<h2>Por que usamos \u201ccookies\u201d e por quanto tempo?<\/h2>\n<p>Quando voc\u00ea se conecta ao nosso site diabet.fr, somos levados a depositar cookies em seu dispositivo <b>apenas<\/b> pelas <b>raz\u00f5es e fundamentos a seguir<\/b>:<\/p>\n<ul>\n<li><b>Cookies t\u00e9cnicos<\/b> que permitem utilizar o nosso site diabet.fr com total seguran\u00e7a, com base no nosso interesse leg\u00edtimo em oferecer um site de internet de qualidade.<\/li>\n<li><b>Cookies t\u00e9cnicos<\/b> que permitem o funcionamento dos v\u00eddeos transmitidos em nosso site diabet.fr, com base em seu consentimento pr\u00e9vio. <\/li>\n<li><b>Cookies estat\u00edsticos<\/b> que permitem conhecer o uso que voc\u00ea faz do nosso site (ex: dura\u00e7\u00e3o de visualiza\u00e7\u00e3o de uma p\u00e1gina, p\u00e1ginas consultadas, etc.) com base no seu consentimento pr\u00e9vio, a fim de fornecer um servi\u00e7o adequado e de qualidade.<\/li>\n<li><b>Cookies estat\u00edsticos<\/b> reconhecidos pela <b>CNIL como estando perfeitamente conformes ao RGPD<\/b> e que s\u00e3o, portanto, <b>isentos de consentimento<\/b>. Esses cookies estat\u00edsticos nos permitem conhecer o uso que voc\u00ea faz do nosso site diabet.fr (ex: dura\u00e7\u00e3o de visualiza\u00e7\u00e3o de uma p\u00e1gina, p\u00e1ginas consultadas, etc.), com base em nosso interesse leg\u00edtimo em fornecer um servi\u00e7o adequado e de qualidade. <\/li>\n<\/ul>\n<p>Em todos os casos, os cookies depositados, independentemente de sua natureza, s\u00e3o mantidos por um <b>per\u00edodo m\u00e1ximo de 13 meses<\/b> a partir da sua instala\u00e7\u00e3o e s\u00f3 s\u00e3o renovados em caso de nova conex\u00e3o em nosso site na expira\u00e7\u00e3o desse prazo. Se voc\u00ea deseja mais detalhes sobre as dura\u00e7\u00f5es de utiliza\u00e7\u00e3o dos nossos cookies, n\u00e3o hesite em nos contatar pelo endere\u00e7o webmaster@diabet.fr. <\/p>\n<h2>Que controle voc\u00ea tem sobre esses \u201ccookies\u201d?<\/h2>\n<p>Voc\u00ea n\u00e3o pode se <b>opor ao dep\u00f3sito de cookies t\u00e9cnicos<\/b> uma vez que s\u00e3o necess\u00e1rios para o bom funcionamento do nosso site que, caso contr\u00e1rio, poderia se tornar potencialmente inutiliz\u00e1vel. Como mencionado anteriormente, esta exce\u00e7\u00e3o n\u00e3o se aplica aos cookies t\u00e9cnicos depositados em seu terminal para fazer funcionar <b>v\u00eddeos<\/b>. Neste caso espec\u00edfico, o dep\u00f3sito de cookies s\u00f3 \u00e9 poss\u00edvel se voc\u00ea <b>consentir previamente<\/b>. Al\u00e9m disso, como explicado anteriormente, tamb\u00e9m usamos cookies estat\u00edsticos que a <b>CNIL<\/b> considera <b>suficientemente protetores<\/b> para n\u00e3o precisar obter seu consentimento pr\u00e9vio para us\u00e1-los de forma legal. Para mais informa\u00e7\u00f5es sobre isso, voc\u00ea pode consultar a p\u00e1gina dedicada da CNIL acess\u00edvel <a href=\"https:\/\/www.cnil.fr\/fr\/cookies-et-autres-traceurs\/regles\/cookies-solutions-pour-les-outils-de-mesure-daudience\" target=\"_blank\" rel=\"noopener\"><b>aqui<\/b><\/a>. No entanto, al\u00e9m dos direitos detalhados em nossa pol\u00edtica de privacidade, voc\u00ea tem, \u00e9 claro, o direito de <b>recusar ou retirar seu consentimento<\/b> para que todos os outros tipos de cookies sejam instalados em seu terminal. O direito de recusar cookies pode ser exercido a qualquer momento com a ajuda de nosso banner de cookies.       Na hip\u00f3tese de a barra de cookies n\u00e3o aparecer mais, voc\u00ea tamb\u00e9m pode configurar os cookies diretamente no seu navegador seguindo as instru\u00e7\u00f5es a seguir: <a href=\"https:\/\/support.google.com\/chrome\/answer\/95647?hl=fr&amp;hlrm=en%20%22Chrome%22\" target=\"_blank\" rel=\"noopener\"><b>Chrome<\/b><\/a>, <a href=\"https:\/\/support.google.com\/chrome\/answer\/95647?hl=fr&amp;hlrm=en%20%22Chrome%22\" target=\"_blank\" rel=\"noopener\"><b>Microsoft Edge<\/b><\/a>, <b><a href=\"https:\/\/support.google.com\/chrome\/answer\/95647?hl=fr&amp;hlrm=en%20%22Chrome%22\" target=\"_blank\" rel=\"noopener\">Safari<\/a><\/b>, <b><a href=\"https:\/\/support.google.com\/chrome\/answer\/95647?hl=fr&amp;hlrm=en%20%22Chrome%22\" target=\"_blank\" rel=\"noopener\">Firefox<\/a><\/b> e <a href=\"https:\/\/support.google.com\/chrome\/answer\/95647?hl=fr&amp;hlrm=en%20%22Chrome%22\" target=\"_blank\" rel=\"noopener\"><b>Opera<\/b><\/a>.<\/p>\n<h2>Quem voc\u00ea pode contatar para obter mais informa\u00e7\u00f5es?<\/h2>\n<p>Voc\u00ea pode entrar em contato com nosso webmaster a qualquer momento e gratuitamente no endere\u00e7o webmaster@diabet.fr para obter mais informa\u00e7\u00f5es ou detalhes sobre como tratamos seus dados.<\/p>\n<h2>Como voc\u00ea pode entrar em contato com a CNIL?<\/h2>\n<p>Voc\u00ea pode entrar em contato com a <b>&#8220;Comiss\u00e3o Nacional de Inform\u00e1tica e Liberdades&#8221;<\/b> ou <b>&#8220;CNIL&#8221;<\/b> nos seguintes contatos: Servi\u00e7o de reclama\u00e7\u00f5es da CNIL, 3 place de Fontenoy \u2013 TSA 80751, 75334 Paris Cedex 07 ou por telefone no 01.53.73.22.22.<\/p>\n<h2>A pol\u00edtica pode ser modificada?<\/h2>\n<p>Podemos modificar nossa pol\u00edtica de cookies a qualquer momento para adequ\u00e1-la \u00e0s novas exig\u00eancias legais, bem como aos novos tratamentos que poder\u00edamos implementar no futuro. Voc\u00ea ser\u00e1 obviamente informado sobre qualquer altera\u00e7\u00e3o nesta pol\u00edtica. <\/p>\n\t\t\t\t\t\t\t\t<\/div>\n\t\t\t\t\t<\/div>\n\t\t\t\t<\/main>\n\t\t\t\t<\/div>\n\t\t","protected":false},"excerpt":{"rendered":"<p>Diabet&#039; Pol\u00edtica de cookies Qual \u00e9 a utilidade desta pol\u00edtica? Diabet\u2019, que gerencia o site diabet.fr, atribui grande import\u00e2ncia \u00e0 confidencialidade dos seus dados, que representa para n\u00f3s uma garantia de seriedade e confian\u00e7a, independentemente de se tratar de cookies ou de dados pessoais. A pol\u00edtica cookies visa explicar por que utilizamos cookies, bem como [&hellip;]<\/p>\n","protected":false},"author":1,"featured_media":0,"parent":0,"menu_order":85,"comment_status":"closed","ping_status":"closed","template":"","meta":{"_acf_changed":false,"_lmt_disableupdate":"","_lmt_disable":"","footnotes":""},"tags":[4],"folder":[101],"class_list":["post-18335","page","type-page","status-publish","hentry","tag-legal"],"acf":[],"_links":{"self":[{"href":"https:\/\/diabet.fr\/pt-pt\/wp-json\/wp\/v2\/pages\/18335","targetHints":{"allow":["GET"]}}],"collection":[{"href":"https:\/\/diabet.fr\/pt-pt\/wp-json\/wp\/v2\/pages"}],"about":[{"href":"https:\/\/diabet.fr\/pt-pt\/wp-json\/wp\/v2\/types\/page"}],"author":[{"embeddable":true,"href":"https:\/\/diabet.fr\/pt-pt\/wp-json\/wp\/v2\/users\/1"}],"replies":[{"embeddable":true,"href":"https:\/\/diabet.fr\/pt-pt\/wp-json\/wp\/v2\/comments?post=18335"}],"version-history":[{"count":0,"href":"https:\/\/diabet.fr\/pt-pt\/wp-json\/wp\/v2\/pages\/18335\/revisions"}],"wp:attachment":[{"href":"https:\/\/diabet.fr\/pt-pt\/wp-json\/wp\/v2\/media?parent=18335"}],"wp:term":[{"taxonomy":"post_tag","embeddable":true,"href":"https:\/\/diabet.fr\/pt-pt\/wp-json\/wp\/v2\/tags?post=18335"},{"taxonomy":"folder","embeddable":true,"href":"https:\/\/diabet.fr\/pt-pt\/wp-json\/wp\/v2\/folder?post=18335"}],"curies":[{"name":"wp","href":"https:\/\/api.w.org\/{rel}","templated":true}]}}