{"id":18311,"date":"2023-11-19T13:43:17","date_gmt":"2023-11-19T12:43:17","guid":{"rendered":"https:\/\/diabet.fr\/politica-de-privacidade\/"},"modified":"2024-12-24T00:14:51","modified_gmt":"2024-12-23T23:14:51","slug":"politica-de-privacidade","status":"publish","type":"page","link":"https:\/\/diabet.fr\/pt-pt\/politica-de-privacidade\/","title":{"rendered":"Pol\u00edtica de privacidade"},"content":{"rendered":"\t\t<div data-elementor-type=\"wp-page\" data-elementor-id=\"18311\" class=\"elementor elementor-18311 elementor-161\" data-elementor-post-type=\"page\">\n\t\t\t\t<section class=\"elementor-element elementor-element-039c70d e-con-full e-flex e-con e-parent\" data-id=\"039c70d\" data-element_type=\"container\" data-e-type=\"container\">\n\t\t<div class=\"elementor-element elementor-element-e8938e1 e-con-full e-flex e-con e-child\" data-id=\"e8938e1\" data-element_type=\"container\" data-e-type=\"container\" data-settings=\"{&quot;background_background&quot;:&quot;classic&quot;}\">\n\t\t\t\t<div class=\"elementor-element elementor-element-dc07cd4 elementor-align-center elementor-widget elementor-widget-breadcrumbs\" data-id=\"dc07cd4\" data-element_type=\"widget\" data-e-type=\"widget\" data-widget_type=\"breadcrumbs.default\">\n\t\t\t\t<div class=\"elementor-widget-container\">\n\t\t\t\t\t<nav aria-label=\"breadcrumbs\" class=\"rank-math-breadcrumb\"><p><span class=\"last\">Diabet&#039;<\/span><\/p><\/nav>\t\t\t\t<\/div>\n\t\t\t\t<\/div>\n\t\t\t\t<div class=\"elementor-element elementor-element-6098723 elementor-widget elementor-widget-heading\" data-id=\"6098723\" data-element_type=\"widget\" data-e-type=\"widget\" data-widget_type=\"heading.default\">\n\t\t\t\t\t<h1 class=\"elementor-heading-title elementor-size-default\"><span class=\"color-mauve\">Pol\u00edtica de <\/span>privacidade<\/h1>\t\t\t\t<\/div>\n\t\t\t\t<\/div>\n\t\t\t\t<\/section>\n\t\t<main class=\"elementor-element elementor-element-f16171a e-flex e-con-boxed e-con e-parent\" data-id=\"f16171a\" data-element_type=\"container\" data-e-type=\"container\">\n\t\t\t\t\t<div class=\"e-con-inner\">\n\t\t\t\t<div class=\"elementor-element elementor-element-d0fbb4d elementor-widget elementor-widget-text-editor\" data-id=\"d0fbb4d\" data-element_type=\"widget\" data-e-type=\"widget\" data-widget_type=\"text-editor.default\">\n\t\t\t\t\t\t\t\t\t<h2>Qual \u00e9 a utilidade desta pol\u00edtica?<\/h2>\n<p><b>Diabet\u2019, que administra o site diabet.fr, d\u00e1 grande import\u00e2ncia \u00e0 prote\u00e7\u00e3o e \u00e0 confidencialidade dos seus dados pessoais, que para n\u00f3s s\u00e3o uma garantia de seriedade e confian\u00e7a.<\/b><\/p>\n<p>A pol\u00edtica de privacidade de dados reflete precisamente a nossa <b>vontade de fazer respeitar, dentro da Diabet\u2019, as regras aplic\u00e1veis em termos de prote\u00e7\u00e3o de dados<\/b> e, mais especificamente, as do Regulamento Geral sobre a Prote\u00e7\u00e3o de Dados (\u00ab RGPD \u00bb).<\/p>\n<p>Especificamente, a pol\u00edtica de privacidade visa informar sobre a maneira e os motivos pelos quais tratamos seus dados no contexto dos <b>servi\u00e7os<\/b> que fornecemos.<\/p>\n<h2>A quem se destina esta pol\u00edtica?<\/h2>\n<p>A pol\u00edtica se aplica a <b>voc\u00ea<\/b>, independentemente do seu local de domic\u00edlio, desde que tenha pelo menos 15 anos, seja <b>paciente<\/b>, <b>candidato a uma vaga na Diabet&#8217;<\/b>, ou ainda <b>visitante<\/b> do site diabet.fr.<\/p>\n<p>A pol\u00edtica aplica-se apenas aos tratamentos que realizamos <b>n\u00f3s mesmos<\/b> e n\u00e3o aos tratamentos que possam ser realizados <b>com o aux\u00edlio das funcionalidades do nosso servi\u00e7o pelos nossos pacientes<\/b>. Se deseja obter informa\u00e7\u00f5es sobre os <b>dados processados pelos nossos parceiros<\/b> com o aux\u00edlio destas funcionalidades, aconselhamos que entre em contato com eles diretamente. <\/p>\n<p>Se voc\u00ea \u00e9 um <b>candidato<\/b> para uma posi\u00e7\u00e3o na <b>Diabet&#8217;<\/b>, voc\u00ea pode consultar a <b>pol\u00edtica &#8220;candidato&#8221;<\/b> que est\u00e1 acess\u00edvel a qualquer momento em nossa p\u00e1gina dedicada em diabet.fr.<\/p>\n<p>Se voc\u00ea tem menos de 15 anos, n\u00e3o est\u00e1 autorizado a usar nossos servi\u00e7os <b>sem o consentimento pr\u00e9vio e expl\u00edcito<\/b> de um de seus pais, que deve ser enviado por escrito para o endere\u00e7o webmaster@diabet.fr. Se voc\u00ea acha que podemos ter informa\u00e7\u00f5es sobre um de seus filhos com menos de 15 anos sem o seu consentimento, convidamos voc\u00ea a entrar em contato conosco. <\/p>\n<h2>Por que tratamos os seus dados?<\/h2>\n<p>No \u00e2mbito dos servi\u00e7os propostos, somos necessariamente levados a tratar os seus dados pessoais para:<\/p>\n<ul>\n<li><b>Navegar no nosso site<\/b>, <b>beneficiar dos nossos servi\u00e7os<\/b> (ex: consulta especializada em sono) e para que possamos <b>responder \u00e0s suas solicita\u00e7\u00f5es<\/b> (ex: pedidos de informa\u00e7\u00e3o, reclama\u00e7\u00f5es, etc.) com base nas nossas condi\u00e7\u00f5es gerais de uso e no nosso interesse leg\u00edtimo em fornecer-lhe o melhor servi\u00e7o poss\u00edvel.<\/li>\n<li><b>Seguir-nos e comentar nossas publica\u00e7\u00f5es nas redes sociais<\/b> com base em nosso interesse leg\u00edtimo em ter uma p\u00e1gina dedicada nas redes sociais.<\/li>\n<li><b>Candidatar-se a uma posi\u00e7\u00e3o<\/b> na Diabet\u2019 com base nas discuss\u00f5es que temos com voc\u00ea durante o processo de recrutamento e nosso interesse leg\u00edtimo em recrutar e selecionar candidatos.<\/li>\n<li><b>Fazer funcionar os v\u00eddeos do nosso site<\/b> com base no nosso interesse leg\u00edtimo em oferecer-lhe conte\u00fado em formato de v\u00eddeo.<\/li>\n<li><b>Marcar uma consulta<\/b> automaticamente com as nossas equipas com base nos termos e condi\u00e7\u00f5es de uso do seu editor e no nosso interesse leg\u00edtimo em fornecer-lhe uma ferramenta para marcar consultas simples e eficaz.<\/li>\n<li><b>Estabelecer as estat\u00edsticas<\/b> com base no nosso interesse leg\u00edtimo para lhe fornecer o melhor servi\u00e7o poss\u00edvel.<\/li>\n<li><b>Receber nossos question\u00e1rios de satisfa\u00e7\u00e3o <\/b>com base no seu consentimento pr\u00e9vio.<\/li>\n<li><b>Garantir a sua seguran\u00e7a e a das nossas equipes<\/b> dentro das nossas instala\u00e7\u00f5es, utilizando c\u00e2meras de videovigil\u00e2ncia com base no nosso interesse leg\u00edtimo.<\/li>\n<\/ul>\n<p>Os seus dados s\u00e3o recolhidos <b>diretamente de voc\u00ea<\/b> quando usa o nosso site e comprometemo-nos a processar seus dados apenas pelas <b>raz\u00f5es previamente descritas<\/b>.<\/p>\n<p>Por outro lado, assim que voc\u00ea publica voluntariamente conte\u00fado nas p\u00e1ginas que editamos nas redes sociais, voc\u00ea reconhece ser <b>totalmente respons\u00e1vel<\/b> por qualquer informa\u00e7\u00e3o pessoal que possa transmitir, independentemente da natureza e origem da informa\u00e7\u00e3o fornecida.<\/p>\n<p>Para os cookies, agradecemos que consulte a nossa pol\u00edtica de cookies dedicada, acess\u00edvel no nosso site na internet.<\/p>\n<h2>Quais dados tratamos e por quanto tempo?<\/h2>\n<p>Resumimos as <b>categorias de dados pessoais<\/b> que coletamos, bem como suas <b>respectivas dura\u00e7\u00f5es de conserva\u00e7\u00e3o<\/b>.<\/p>\n<p>Se desejar obter mais detalhes sobre as <b>dura\u00e7\u00f5es de conserva\u00e7\u00e3o<\/b> aplic\u00e1veis aos seus dados, pode nos contatar no endere\u00e7o: webmaster@diabet.fr.<\/p>\n<ul>\n<li><b>Para indiv\u00edduos, dados de identifica\u00e7\u00e3o pessoal <\/b>(ex: nome, sobrenome, data de nascimento, etc.) e<b> contatos <\/b>(ex: endere\u00e7o de email, n\u00famero de telefone, etc.) mantidos durante todo o per\u00edodo de presta\u00e7\u00e3o do servi\u00e7o, acrescido dos prazos de prescri\u00e7\u00e3o legais que geralmente s\u00e3o de 5 anos.<\/li>\n<li><b>Para profissionais, dados de identifica\u00e7\u00e3o pessoal<\/b> (ex: nome, sobrenome, cargo, empresa, servi\u00e7o, etc.) e <b>contato<\/b> (ex: endere\u00e7o de email profissional, n\u00famero de telefone profissional, etc.) mantidos durante toda a dura\u00e7\u00e3o do relacionamento comercial ao qual s\u00e3o adicionados os prazos de prescri\u00e7\u00e3o legais que geralmente s\u00e3o de 5 anos.<\/li>\n<li><b>Quando h\u00e1 uma confus\u00e3o entre o nome da sua estrutura e o seu nome pessoal (ex: empres\u00e1rio individual, microempresa, etc.), dados econ\u00f3micos e financeiros (ex: n\u00famero da conta banc\u00e1ria, c\u00f3digo de verifica\u00e7\u00e3o, etc.)<\/b> s\u00e3o conservados durante o tempo necess\u00e1rio para a transa\u00e7\u00e3o e para o gerenciamento da fatura\u00e7\u00e3o e dos pagamentos, acrescido dos prazos legais de prescri\u00e7\u00e3o que geralmente s\u00e3o de 5 a 10 anos.<\/li>\n<li><b><\/b>Dados de <b>sa\u00fade<\/b> (ex: doen\u00e7a, defici\u00eancia, etc.) mantidos durante toda a dura\u00e7\u00e3o do servi\u00e7o, aos quais se adicionam os prazos legais de prescri\u00e7\u00e3o, que geralmente s\u00e3o de 20 anos.<\/li>\n<li><b>Imagens de videoprote\u00e7\u00e3o<\/b> coletadas com nossas c\u00e2meras de videoprote\u00e7\u00e3o e conservadas por um per\u00edodo m\u00e1ximo de um m\u00eas.<\/li>\n<li><b>Dados indicados no CV e na carta de apresenta\u00e7\u00e3o<\/b> mantidos durante o processo de recrutamento e depois por 2 anos a partir da sua candidatura.<\/li>\n<li><b>Dados estat\u00edsticos relativos \u00e0 visualiza\u00e7\u00e3o dos nossos v\u00eddeos<\/b> que s\u00e3o anonimizados e conservados de maneira ilimitada.<\/li>\n<li><b>Dados de conex\u00e3o<\/b> (ex: logs, endere\u00e7o IP, etc.) conservados por um per\u00edodo de 1 ano.<\/li>\n<li><b>Cookies<\/b> que s\u00e3o geralmente mantidos por um per\u00edodo m\u00e1ximo de 13 meses. Para mais detalhes sobre o uso que fazemos dos seus cookies, voc\u00ea pode consultar nossa pol\u00edtica de cookies acess\u00edvel a qualquer momento em nosso site na internet. <\/li>\n<\/ul>\n<p>Ap\u00f3s o t\u00e9rmino dos prazos de conserva\u00e7\u00e3o descritos acima, a exclus\u00e3o de seus dados pessoais \u00e9 <b>irrevers\u00edvel<\/b> e n\u00e3o poderemos mais fornecer essas informa\u00e7\u00f5es ap\u00f3s este per\u00edodo. No m\u00e1ximo, podemos apenas manter dados an\u00f4nimos para fins de <b>estat\u00edsticas<\/b>. <\/p>\n<p>Por favor, note tamb\u00e9m que, em caso de <b>lit\u00edgio<\/b>, temos a obriga\u00e7\u00e3o de manter <b>a totalidade<\/b> dos dados a seu respeito durante todo o per\u00edodo de tratamento do caso, mesmo ap\u00f3s a expira\u00e7\u00e3o dos prazos de conserva\u00e7\u00e3o descritos anteriormente.<\/p>\n<h2>Quais direitos voc\u00ea tem para controlar o uso de seus dados?<\/h2>\n<p>A regulamenta\u00e7\u00e3o aplic\u00e1vel em mat\u00e9ria de prote\u00e7\u00e3o de dados concede-lhe <b>direitos espec\u00edficos<\/b> que voc\u00ea pode exercer, <b>a qualquer momento<\/b> e <b>gratuitamente<\/b>, a fim de controlar o uso que fazemos dos seus dados.<\/p>\n<ul>\n<li>Direito de <b>acesso<\/b> e de <b>c\u00f3pia<\/b> dos seus dados pessoais, desde que este pedido n\u00e3o esteja em contradi\u00e7\u00e3o com o segredo de neg\u00f3cios, a confidencialidade ou o segredo das correspond\u00eancias.<\/li>\n<li>Direito de <b>retifica\u00e7\u00e3o<\/b> de dados pessoais que estariam errados, obsoletos ou incompletos.<\/li>\n<li>Direito de se <b>opor<\/b> aos tratamentos dos seus dados pessoais implementados para fins de prospec\u00e7\u00e3o comercial.<\/li>\n<li>Direito de solicitar <b>a elimina\u00e7\u00e3o<\/b> (&#8220;direito ao esquecimento&#8221;) de seus dados pessoais que n\u00e3o seriam essenciais para o bom funcionamento dos nossos servi\u00e7os.<\/li>\n<li>Direito \u00e0 <b>limita\u00e7\u00e3o<\/b> dos seus dados pessoais, que permite fotografar a utiliza\u00e7\u00e3o dos seus dados em caso de contesta\u00e7\u00e3o sobre a legitimidade de um tratamento.<\/li>\n<li>Direito \u00e0 <b>portabilidade<\/b> dos seus dados que permite recuperar uma parte dos seus dados pessoais para armazen\u00e1-los ou transmiti-los facilmente de um sistema de informa\u00e7\u00e3o para outro.<\/li>\n<li>Direito de dar <b>diretrizes<\/b> sobre o destino dos seus dados em caso de falecimento, seja por sua pr\u00f3pria iniciativa, seja por meio de um terceiro de confian\u00e7a ou um herdeiro.<\/li>\n<\/ul>\n<p>Para que um pedido seja <b>considerado<\/b>, \u00e9 imperativo que seja feito diretamente por <b>voc\u00ea<\/b> no endere\u00e7o webmaster@diabet.fr. Qualquer pedido que n\u00e3o seja feito desta forma <b>n\u00e3o pode ser processado<\/b>. <\/p>\n<p>Os pedidos n\u00e3o podem vir de outra pessoa al\u00e9m de voc\u00ea. Portanto, podemos solicitar a apresenta\u00e7\u00e3o de uma <b>prova de identidade<\/b> em caso de d\u00favida sobre a identidade do requerente. <\/p>\n<p>Responderemos \u00e0 sua solicita\u00e7\u00e3o no <b>menor tempo poss\u00edvel<\/b>, dentro do limite <b>de um m\u00eas<\/b> a partir da sua recep\u00e7\u00e3o, a menos que o pedido seja complexo ou repetido. Nesse caso, o prazo de resposta pode ser de <b>no m\u00e1ximo tr\u00eas meses<\/b>. <\/p>\n<p>Por favor, note que sempre podemos <b>recusar<\/b> responder a qualquer solicita\u00e7\u00e3o <b>excessiva ou infundada<\/b>, principalmente devido ao seu car\u00e1ter <b>repetitivo<\/b>.<\/p>\n<h2>Quem pode ter acesso aos seus dados?<\/h2>\n<p><b>NUNCA TRANSFERIMOS OU VENDEMOS OS SEUS DADOS PARA TERCEIROS OU PARCEIROS COMERCIAIS. A TOTALIDADE DOS SEUS DADOS PESSOAIS \u00c9 EXCLUSIVAMENTE UTILIZADA PELAS NOSSAS EQUIPAS OU PELOS NOSSOS FORNECEDORES DE SERVI\u00c7OS INFORM\u00c1TICOS. <\/b><\/p>\n<p>De forma mais concreta, apenas comunicamos os seus dados \u00e0s pessoas <b>devidamente autorizadas<\/b> a us\u00e1-los para lhe fornecer o nosso servi\u00e7o, como o nosso servi\u00e7o de inform\u00e1tica.<\/p>\n<p>Os seus dados pessoais tamb\u00e9m s\u00e3o transferidos para os nossos fornecedores de servi\u00e7os de inform\u00e1tica com o \u00fanico objetivo de fazer o nosso servi\u00e7o funcionar tecnicamente (ex: hospedeiro de dados).<\/p>\n<p>Esclarecemos que n\u00f3s <b>controlamos todos os nossos fornecedores de inform\u00e1tica antes de recrut\u00e1-los<\/b> para garantir que eles respeitam rigorosamente as regras aplic\u00e1veis em mat\u00e9ria de prote\u00e7\u00e3o de dados pessoais.<\/p>\n<h2>Como protegemos os seus dados?<\/h2>\n<p>Implementamos todos os <b>meios t\u00e9cnicos<\/b> e <b>organizacionais necess\u00e1rios<\/b> para garantir a <b>seguran\u00e7a<\/b> dos seus dados diariamente e, em particular, para combater qualquer risco de destrui\u00e7\u00e3o, perda, altera\u00e7\u00e3o ou divulga\u00e7\u00e3o dos seus dados que n\u00e3o seja autorizada (ex: forma\u00e7\u00e3o, controlo de acessos, palavras-passe, antiv\u00edrus, &#8220;https&#8221;, etc.).<\/p>\n<h2>Os seus dados podem ser transferidos para fora da Uni\u00e3o Europeia?<\/h2>\n<p>No \u00e2mbito dos nossos servi\u00e7os, podemos ter que transferir algumas das suas informa\u00e7\u00f5es.<\/p>\n<p>Claro, garantimos que estamos atentamente empenhados em fornecer todas as <b>garantias apropriadas e legais<\/b> necess\u00e1rias para garantir a confidencialidade e a prote\u00e7\u00e3o dos seus dados pessoais durante o tempo dos tratamentos que exigem uma transfer\u00eancia de dados pessoais fora da Uni\u00e3o Europeia.<\/p>\n<h2>Quem voc\u00ea pode contatar para obter mais informa\u00e7\u00f5es?<\/h2>\n<p>Voc\u00ea pode entrar em contato com nosso webmaster a qualquer momento e gratuitamente no endere\u00e7o webmaster@diabet.fr para obter mais informa\u00e7\u00f5es ou detalhes sobre como tratamos seus dados.<\/p>\n<h2>Como voc\u00ea pode entrar em contato com a CNIL?<\/h2>\n<p>Voc\u00ea pode entrar em contato com a <b>&#8220;Comiss\u00e3o Nacional de Inform\u00e1tica e Liberdades&#8221;<\/b> ou <b>&#8220;CNIL&#8221;<\/b> nos seguintes contatos: Servi\u00e7o de reclama\u00e7\u00f5es da CNIL, 3 place de Fontenoy \u2013 TSA 80751, 75334 Paris Cedex 07 ou por telefone no 01.53.73.22.22.<\/p>\n<h2>A pol\u00edtica pode ser modificada?<\/h2>\n<p>Estamos sujeitos a alterar nossa pol\u00edtica de privacidade a <b>qualquer momento<\/b> para adapt\u00e1-la \u00e0s novas <b>exig\u00eancias legais<\/b> bem como aos <b>novos tratamentos<\/b> que poder\u00edamos implementar no futuro.<\/p>\n\t\t\t\t\t\t\t\t<\/div>\n\t\t\t\t\t<\/div>\n\t\t\t\t<\/main>\n\t\t\t\t<\/div>\n\t\t","protected":false},"excerpt":{"rendered":"<p>Diabet&#039; Pol\u00edtica de privacidade Qual \u00e9 a utilidade desta pol\u00edtica? Diabet\u2019, que administra o site diabet.fr, d\u00e1 grande import\u00e2ncia \u00e0 prote\u00e7\u00e3o e \u00e0 confidencialidade dos seus dados pessoais, que para n\u00f3s s\u00e3o uma garantia de seriedade e confian\u00e7a. A pol\u00edtica de privacidade de dados reflete precisamente a nossa vontade de fazer respeitar, dentro da Diabet\u2019, [&hellip;]<\/p>\n","protected":false},"author":1,"featured_media":0,"parent":0,"menu_order":84,"comment_status":"closed","ping_status":"closed","template":"","meta":{"_acf_changed":false,"_lmt_disableupdate":"","_lmt_disable":"","footnotes":""},"tags":[4],"folder":[101],"class_list":["post-18311","page","type-page","status-publish","hentry","tag-legal"],"acf":[],"_links":{"self":[{"href":"https:\/\/diabet.fr\/pt-pt\/wp-json\/wp\/v2\/pages\/18311","targetHints":{"allow":["GET"]}}],"collection":[{"href":"https:\/\/diabet.fr\/pt-pt\/wp-json\/wp\/v2\/pages"}],"about":[{"href":"https:\/\/diabet.fr\/pt-pt\/wp-json\/wp\/v2\/types\/page"}],"author":[{"embeddable":true,"href":"https:\/\/diabet.fr\/pt-pt\/wp-json\/wp\/v2\/users\/1"}],"replies":[{"embeddable":true,"href":"https:\/\/diabet.fr\/pt-pt\/wp-json\/wp\/v2\/comments?post=18311"}],"version-history":[{"count":0,"href":"https:\/\/diabet.fr\/pt-pt\/wp-json\/wp\/v2\/pages\/18311\/revisions"}],"wp:attachment":[{"href":"https:\/\/diabet.fr\/pt-pt\/wp-json\/wp\/v2\/media?parent=18311"}],"wp:term":[{"taxonomy":"post_tag","embeddable":true,"href":"https:\/\/diabet.fr\/pt-pt\/wp-json\/wp\/v2\/tags?post=18311"},{"taxonomy":"folder","embeddable":true,"href":"https:\/\/diabet.fr\/pt-pt\/wp-json\/wp\/v2\/folder?post=18311"}],"curies":[{"name":"wp","href":"https:\/\/api.w.org\/{rel}","templated":true}]}}