{"id":18182,"date":"2024-12-18T17:00:25","date_gmt":"2024-12-18T16:00:25","guid":{"rendered":"https:\/\/diabet.fr\/parceiros\/"},"modified":"2024-12-23T22:23:39","modified_gmt":"2024-12-23T21:23:39","slug":"parceiros","status":"publish","type":"page","link":"https:\/\/diabet.fr\/pt-pt\/parceiros\/","title":{"rendered":"Parceiros"},"content":{"rendered":"\t\t<div data-elementor-type=\"wp-page\" data-elementor-id=\"18182\" class=\"elementor elementor-18182 elementor-15243\" data-elementor-post-type=\"page\">\n\t\t\t\t\t\t<section class=\"elementor-section elementor-top-section elementor-element elementor-element-2a45f84 elementor-section-full_width hero elementor-section-height-default elementor-section-height-default\" data-id=\"2a45f84\" data-element_type=\"section\" data-e-type=\"section\" data-settings=\"{&quot;background_background&quot;:&quot;classic&quot;}\">\n\t\t\t\t\t\t\t<div class=\"elementor-background-overlay\"><\/div>\n\t\t\t\t\t\t\t<div class=\"elementor-container elementor-column-gap-default\">\n\t\t\t\t\t<div class=\"elementor-column elementor-col-100 elementor-top-column elementor-element elementor-element-b03eac4\" data-id=\"b03eac4\" data-element_type=\"column\" data-e-type=\"column\">\n\t\t\t<div class=\"elementor-widget-wrap elementor-element-populated\">\n\t\t\t\t<div class=\"elementor-element elementor-element-351b303 e-flex e-con-boxed e-con e-parent\" data-id=\"351b303\" data-element_type=\"container\" data-e-type=\"container\">\n\t\t\t\t\t<div class=\"e-con-inner\">\n\t\t\t\t<div class=\"elementor-element elementor-element-63e5caa elementor-widget elementor-widget-heading\" data-id=\"63e5caa\" data-element_type=\"widget\" data-e-type=\"widget\" data-widget_type=\"heading.default\">\n\t\t\t\t\t<h1 class=\"elementor-heading-title elementor-size-default\"><span class=\"color-mauve\">Nossos<\/span> parceiros<\/h1>\t\t\t\t<\/div>\n\t\t\t\t<div class=\"elementor-element elementor-element-579f0d7 elementor-align-center elementor-widget elementor-widget-breadcrumbs\" data-id=\"579f0d7\" data-element_type=\"widget\" data-e-type=\"widget\" data-widget_type=\"breadcrumbs.default\">\n\t\t\t\t<div class=\"elementor-widget-container\">\n\t\t\t\t\t<nav aria-label=\"breadcrumbs\" class=\"rank-math-breadcrumb\"><p><span class=\"last\">Diabet&#039;<\/span><\/p><\/nav>\t\t\t\t<\/div>\n\t\t\t\t<\/div>\n\t\t\t\t\t<\/div>\n\t\t\t\t<\/div>\n\t\t\t\t<section class=\"elementor-section elementor-inner-section elementor-element elementor-element-ca9f010 elementor-section-height-min-height elementor-section-boxed elementor-section-height-default elementor-invisible\" data-id=\"ca9f010\" data-element_type=\"section\" data-e-type=\"section\" data-settings=\"{&quot;animation&quot;:&quot;fadeIn&quot;}\">\n\t\t\t\t\t\t<div class=\"elementor-container elementor-column-gap-default\">\n\t\t\t\t\t<div class=\"elementor-column elementor-col-100 elementor-inner-column elementor-element elementor-element-e2d53fb\" data-id=\"e2d53fb\" data-element_type=\"column\" data-e-type=\"column\">\n\t\t\t<div class=\"elementor-widget-wrap elementor-element-populated\">\n\t\t\t\t\t\t<div class=\"elementor-element elementor-element-0a99046 elementor-widget elementor-widget-image\" data-id=\"0a99046\" data-element_type=\"widget\" data-e-type=\"widget\" data-widget_type=\"image.default\">\n\t\t\t\t\t\t\t\t\t\t\t\t\t\t\t<img fetchpriority=\"high\" decoding=\"async\" width=\"800\" height=\"533\" src=\"https:\/\/diabet.fr\/wp-content\/uploads\/portrait-of-happy-female-doctor-at-medical-clinic-looking-at-camera-.webp\" class=\"attachment-large size-large wp-image-15245 not-transparent\" alt=\"partenaires diabet&#039;\" srcset=\"https:\/\/diabet.fr\/wp-content\/uploads\/portrait-of-happy-female-doctor-at-medical-clinic-looking-at-camera-.webp 2000w, https:\/\/diabet.fr\/wp-content\/uploads\/portrait-of-happy-female-doctor-at-medical-clinic-looking-at-camera--300x200.webp 300w, https:\/\/diabet.fr\/wp-content\/uploads\/portrait-of-happy-female-doctor-at-medical-clinic-looking-at-camera--768x512.webp 768w, https:\/\/diabet.fr\/wp-content\/uploads\/portrait-of-happy-female-doctor-at-medical-clinic-looking-at-camera--1536x1024.webp 1536w\" sizes=\"(max-width: 800px) 100vw, 800px\" data-has-transparency=\"false\" data-dominant-color=\"b7b2b0\" style=\"--dominant-color: #b7b2b0\" title=\"\">\t\t\t\t\t\t\t\t\t\t\t\t\t\t\t<\/div>\n\t\t\t\t\t<\/div>\n\t\t<\/div>\n\t\t\t\t\t<\/div>\n\t\t<\/section>\n\t\t\t\t\t<\/div>\n\t\t<\/div>\n\t\t\t\t\t<\/div>\n\t\t<\/section>\n\t\t<div class=\"elementor-element elementor-element-4422868 e-flex e-con-boxed e-con e-child\" data-id=\"4422868\" data-element_type=\"container\" data-e-type=\"container\">\n\t\t\t\t\t<div class=\"e-con-inner\">\n\t\t<div class=\"elementor-element elementor-element-157a71a e-flex e-con-boxed e-con e-child\" data-id=\"157a71a\" data-element_type=\"container\" data-e-type=\"container\">\n\t\t\t\t\t<div class=\"e-con-inner\">\n\t\t\t\t<div class=\"elementor-element elementor-element-e42e9cf elementor-invisible elementor-widget elementor-widget-heading\" data-id=\"e42e9cf\" data-element_type=\"widget\" data-e-type=\"widget\" data-settings=\"{&quot;_animation&quot;:&quot;fadeInUp&quot;}\" data-widget_type=\"heading.default\">\n\t\t\t\t\t<h2 class=\"elementor-heading-title elementor-size-default\">Institucionais<\/h2>\t\t\t\t<\/div>\n\t\t\t\t\t<\/div>\n\t\t\t\t<\/div>\n\t\t\t\t\t<\/div>\n\t\t\t\t<\/div>\n\t\t<div class=\"elementor-element elementor-element-1e6b3e7 e-flex e-con-boxed e-con e-parent\" data-id=\"1e6b3e7\" data-element_type=\"container\" data-e-type=\"container\">\n\t\t\t\t\t<div class=\"e-con-inner\">\n\t\t<div class=\"elementor-element elementor-element-5ebf5e8 e-con-full e-flex e-con e-child\" data-id=\"5ebf5e8\" data-element_type=\"container\" data-e-type=\"container\">\n\t\t\t\t<div class=\"elementor-element elementor-element-37c9611 elementor-widget elementor-widget-image\" data-id=\"37c9611\" data-element_type=\"widget\" data-e-type=\"widget\" data-widget_type=\"image.default\">\n\t\t\t\t\t\t\t\t\t\t\t\t\t\t\t\t<a href=\"https:\/\/www.aphp.fr\" target=\"_blank\" rel=\"noopener\">\n\t\t\t\t\t\t\t<img decoding=\"async\" width=\"300\" height=\"60\" src=\"https:\/\/diabet.fr\/wp-content\/uploads\/logo-aphp-300x60.webp\" class=\"attachment-medium size-medium wp-image-18622 has-transparency\" alt=\"\" srcset=\"https:\/\/diabet.fr\/wp-content\/uploads\/logo-aphp-300x60.webp 300w, https:\/\/diabet.fr\/wp-content\/uploads\/logo-aphp-768x152.webp 768w, https:\/\/diabet.fr\/wp-content\/uploads\/logo-aphp.webp 1235w\" sizes=\"(max-width: 300px) 100vw, 300px\" data-has-transparency=\"true\" data-dominant-color=\"270d5c\" style=\"--dominant-color: #270d5c\" title=\"\">\t\t\t\t\t\t\t\t<\/a>\n\t\t\t\t\t\t\t\t\t\t\t\t\t\t\t<\/div>\n\t\t\t\t<\/div>\n\t\t<div class=\"elementor-element elementor-element-047ec77 e-con-full e-flex e-con e-child\" data-id=\"047ec77\" data-element_type=\"container\" data-e-type=\"container\">\n\t\t\t\t<div class=\"elementor-element elementor-element-e674270 elementor-widget elementor-widget-text-editor\" data-id=\"e674270\" data-element_type=\"widget\" data-e-type=\"widget\" data-widget_type=\"text-editor.default\">\n\t\t\t\t\t\t\t\t\t<p>A Assistance Publique \u2013 H\u00f4pitaux de Paris (AP-HP) \u00e9 o centro hospitalar universit\u00e1rio da \u00cele-de-France, reunindo 38 hospitais organizados em 6 grupos hospitalo-universit\u00e1rios.<\/p>\n<p>Trabalhamos com alguns servi\u00e7os dos hospitais da APHP para permitir uma melhor colabora\u00e7\u00e3o entre a cidade e o hospital e oferecer a voc\u00ea o melhor atendimento. <\/p>\n\t\t\t\t\t\t\t\t<\/div>\n\t\t\t\t<\/div>\n\t\t\t\t\t<\/div>\n\t\t\t\t<\/div>\n\t\t<div class=\"elementor-element elementor-element-2706796 e-flex e-con-boxed e-con e-parent\" data-id=\"2706796\" data-element_type=\"container\" data-e-type=\"container\">\n\t\t\t\t\t<div class=\"e-con-inner\">\n\t\t<div class=\"elementor-element elementor-element-1f45804 e-con-full e-flex e-con e-child\" data-id=\"1f45804\" data-element_type=\"container\" data-e-type=\"container\">\n\t\t\t\t<div class=\"elementor-element elementor-element-bc5dd74 elementor-widget elementor-widget-image\" data-id=\"bc5dd74\" data-element_type=\"widget\" data-e-type=\"widget\" data-widget_type=\"image.default\">\n\t\t\t\t\t\t\t\t\t\t\t\t\t\t\t\t<a href=\"https:\/\/www.lafrenchcare.fr\/membre\/hergat-eliott\/\" target=\"_blank\" rel=\"noopener\">\n\t\t\t\t\t\t\t<img decoding=\"async\" width=\"300\" height=\"108\" src=\"https:\/\/diabet.fr\/wp-content\/uploads\/LOGOS-FRENCH-CARE_baseline_HZ_FD-BLANC_RVB-300x108.webp\" class=\"attachment-medium size-medium wp-image-18624 has-transparency\" alt=\"\" srcset=\"https:\/\/diabet.fr\/wp-content\/uploads\/LOGOS-FRENCH-CARE_baseline_HZ_FD-BLANC_RVB-300x108.webp 300w, https:\/\/diabet.fr\/wp-content\/uploads\/LOGOS-FRENCH-CARE_baseline_HZ_FD-BLANC_RVB-2048x735.webp 2048w, https:\/\/diabet.fr\/wp-content\/uploads\/LOGOS-FRENCH-CARE_baseline_HZ_FD-BLANC_RVB-768x276.webp 768w, https:\/\/diabet.fr\/wp-content\/uploads\/LOGOS-FRENCH-CARE_baseline_HZ_FD-BLANC_RVB-1536x551.webp 1536w\" sizes=\"(max-width: 300px) 100vw, 300px\" data-has-transparency=\"true\" data-dominant-color=\"280e5d\" style=\"--dominant-color: #280e5d\" title=\"\">\t\t\t\t\t\t\t\t<\/a>\n\t\t\t\t\t\t\t\t\t\t\t\t\t\t\t<\/div>\n\t\t\t\t<\/div>\n\t\t<div class=\"elementor-element elementor-element-7517cd8 e-con-full e-flex e-con e-child\" data-id=\"7517cd8\" data-element_type=\"container\" data-e-type=\"container\">\n\t\t\t\t<div class=\"elementor-element elementor-element-807e731 elementor-widget elementor-widget-text-editor\" data-id=\"807e731\" data-element_type=\"widget\" data-e-type=\"widget\" data-widget_type=\"text-editor.default\">\n\t\t\t\t\t\t\t\t\t<p>La French Care \u00e9 um movimento lan\u00e7ado em fevereiro de 2022 pela Bpifrance e pela associa\u00e7\u00e3o Acteurs de La French Care, com o objetivo de unir os profissionais do setor de sa\u00fade na Fran\u00e7a, sejam eles p\u00fablicos ou privados, em torno de uma identidade comum.<\/p>\n<p>Seu objetivo \u00e9 promover a excel\u00eancia francesa em forma\u00e7\u00e3o, pesquisa e inova\u00e7\u00e3o na \u00e1rea da sa\u00fade, facilitando as sinergias entre os diferentes atores do setor, como startups, hospitais, institutos de pesquisa, biotechs e medtechs.<\/p>\n\t\t\t\t\t\t\t\t<\/div>\n\t\t\t\t<\/div>\n\t\t\t\t\t<\/div>\n\t\t\t\t<\/div>\n\t\t<div class=\"elementor-element elementor-element-3cddb8d e-flex e-con-boxed e-con e-child\" data-id=\"3cddb8d\" data-element_type=\"container\" data-e-type=\"container\">\n\t\t\t\t\t<div class=\"e-con-inner\">\n\t\t<div class=\"elementor-element elementor-element-a03f3f0 e-flex e-con-boxed e-con e-child\" data-id=\"a03f3f0\" data-element_type=\"container\" data-e-type=\"container\">\n\t\t\t\t\t<div class=\"e-con-inner\">\n\t\t\t\t<div class=\"elementor-element elementor-element-56846e1 elementor-invisible elementor-widget elementor-widget-heading\" data-id=\"56846e1\" data-element_type=\"widget\" data-e-type=\"widget\" data-settings=\"{&quot;_animation&quot;:&quot;fadeInUp&quot;}\" data-widget_type=\"heading.default\">\n\t\t\t\t\t<h2 class=\"elementor-heading-title elementor-size-default\">Tecnol\u00f3gicas<\/h2>\t\t\t\t<\/div>\n\t\t\t\t\t<\/div>\n\t\t\t\t<\/div>\n\t\t\t\t\t<\/div>\n\t\t\t\t<\/div>\n\t\t<div class=\"elementor-element elementor-element-530016d e-flex e-con-boxed e-con e-parent\" data-id=\"530016d\" data-element_type=\"container\" data-e-type=\"container\">\n\t\t\t\t\t<div class=\"e-con-inner\">\n\t\t<div class=\"elementor-element elementor-element-7a96909 e-con-full e-flex e-con e-child\" data-id=\"7a96909\" data-element_type=\"container\" data-e-type=\"container\">\n\t\t\t\t<div class=\"elementor-element elementor-element-ebdb6cc elementor-widget elementor-widget-image\" data-id=\"ebdb6cc\" data-element_type=\"widget\" data-e-type=\"widget\" data-widget_type=\"image.default\">\n\t\t\t\t\t\t\t\t\t\t\t\t\t\t\t\t<a href=\"https:\/\/cloud.google.com\/startup?hl=fr\" target=\"_blank\" rel=\"noopener\">\n\t\t\t\t\t\t\t<img loading=\"lazy\" decoding=\"async\" width=\"300\" height=\"37\" src=\"https:\/\/diabet.fr\/wp-content\/uploads\/Google_for_Startups_logo-300x37.webp\" class=\"attachment-medium size-medium wp-image-18623 has-transparency\" alt=\"\" srcset=\"https:\/\/diabet.fr\/wp-content\/uploads\/Google_for_Startups_logo-300x37.webp 300w, https:\/\/diabet.fr\/wp-content\/uploads\/Google_for_Startups_logo-768x94.webp 768w, https:\/\/diabet.fr\/wp-content\/uploads\/Google_for_Startups_logo.webp 775w\" sizes=\"(max-width: 300px) 100vw, 300px\" data-has-transparency=\"true\" data-dominant-color=\"280d5c\" style=\"--dominant-color: #280d5c\" title=\"\">\t\t\t\t\t\t\t\t<\/a>\n\t\t\t\t\t\t\t\t\t\t\t\t\t\t\t<\/div>\n\t\t\t\t<\/div>\n\t\t<div class=\"elementor-element elementor-element-2abdc48 e-con-full e-flex e-con e-child\" data-id=\"2abdc48\" data-element_type=\"container\" data-e-type=\"container\">\n\t\t\t\t<div class=\"elementor-element elementor-element-55b2c51 elementor-widget elementor-widget-text-editor\" data-id=\"55b2c51\" data-element_type=\"widget\" data-e-type=\"widget\" data-widget_type=\"text-editor.default\">\n\t\t\t\t\t\t\t\t\t<p>O Google nos acompanha financeiramente e tecnologicamente na gest\u00e3o de nossos recursos inform\u00e1ticos.<\/p>\n<p>Este acompanhamento nos permite hospedar seus dados em servidores que possuem a certifica\u00e7\u00e3o de Hospedagem de Dados de Sa\u00fade.<\/p>\n\t\t\t\t\t\t\t\t<\/div>\n\t\t\t\t<\/div>\n\t\t\t\t\t<\/div>\n\t\t\t\t<\/div>\n\t\t<div class=\"elementor-element elementor-element-4701d06 e-flex e-con-boxed e-con e-parent\" data-id=\"4701d06\" data-element_type=\"container\" data-e-type=\"container\">\n\t\t\t\t\t<div class=\"e-con-inner\">\n\t\t<div class=\"elementor-element elementor-element-82f654b e-con-full e-flex e-con e-child\" data-id=\"82f654b\" data-element_type=\"container\" data-e-type=\"container\">\n\t\t\t\t<div class=\"elementor-element elementor-element-7a882d0 elementor-widget elementor-widget-image\" data-id=\"7a882d0\" data-element_type=\"widget\" data-e-type=\"widget\" data-widget_type=\"image.default\">\n\t\t\t\t\t\t\t\t\t\t\t\t\t\t\t<img loading=\"lazy\" decoding=\"async\" width=\"300\" height=\"102\" src=\"https:\/\/diabet.fr\/wp-content\/uploads\/cloudflare-logo.svg\" class=\"attachment-medium size-medium wp-image-18184\" alt=\"\" title=\"\">\t\t\t\t\t\t\t\t\t\t\t\t\t\t\t<\/div>\n\t\t\t\t<\/div>\n\t\t<div class=\"elementor-element elementor-element-a1ca2b7 e-con-full e-flex e-con e-child\" data-id=\"a1ca2b7\" data-element_type=\"container\" data-e-type=\"container\">\n\t\t\t\t<div class=\"elementor-element elementor-element-ab4f129 elementor-widget elementor-widget-text-editor\" data-id=\"ab4f129\" data-element_type=\"widget\" data-e-type=\"widget\" data-widget_type=\"text-editor.default\">\n\t\t\t\t\t\t\t\t\t<p>Cloudflare oferece infraestruturas de TI de alto desempenho e solu\u00e7\u00f5es tecnol\u00f3gicas dedicadas \u00e0 seguran\u00e7a.<\/p>\n<p>Este apoio financeiro e tecnol\u00f3gico nos permite oferecer a voc\u00ea um acesso seguro e r\u00e1pido \u00e0s nossas ferramentas e sites na internet.<\/p>\n\t\t\t\t\t\t\t\t<\/div>\n\t\t\t\t<\/div>\n\t\t\t\t\t<\/div>\n\t\t\t\t<\/div>\n\t\t\t\t<\/div>\n\t\t","protected":false},"excerpt":{"rendered":"<p>Nossos parceiros Diabet&#039; Institucionais A Assistance Publique \u2013 H\u00f4pitaux de Paris (AP-HP) \u00e9 o centro hospitalar universit\u00e1rio da \u00cele-de-France, reunindo 38 hospitais organizados em 6 grupos hospitalo-universit\u00e1rios. Trabalhamos com alguns servi\u00e7os dos hospitais da APHP para permitir uma melhor colabora\u00e7\u00e3o entre a cidade e o hospital e oferecer a voc\u00ea o melhor atendimento. La French [&hellip;]<\/p>\n","protected":false},"author":1,"featured_media":0,"parent":0,"menu_order":1,"comment_status":"closed","ping_status":"closed","template":"","meta":{"_acf_changed":false,"_lmt_disableupdate":"","_lmt_disable":"","footnotes":""},"tags":[14],"folder":[],"class_list":["post-18182","page","type-page","status-publish","hentry","tag-default-page"],"acf":[],"_links":{"self":[{"href":"https:\/\/diabet.fr\/pt-pt\/wp-json\/wp\/v2\/pages\/18182","targetHints":{"allow":["GET"]}}],"collection":[{"href":"https:\/\/diabet.fr\/pt-pt\/wp-json\/wp\/v2\/pages"}],"about":[{"href":"https:\/\/diabet.fr\/pt-pt\/wp-json\/wp\/v2\/types\/page"}],"author":[{"embeddable":true,"href":"https:\/\/diabet.fr\/pt-pt\/wp-json\/wp\/v2\/users\/1"}],"replies":[{"embeddable":true,"href":"https:\/\/diabet.fr\/pt-pt\/wp-json\/wp\/v2\/comments?post=18182"}],"version-history":[{"count":0,"href":"https:\/\/diabet.fr\/pt-pt\/wp-json\/wp\/v2\/pages\/18182\/revisions"}],"wp:attachment":[{"href":"https:\/\/diabet.fr\/pt-pt\/wp-json\/wp\/v2\/media?parent=18182"}],"wp:term":[{"taxonomy":"post_tag","embeddable":true,"href":"https:\/\/diabet.fr\/pt-pt\/wp-json\/wp\/v2\/tags?post=18182"},{"taxonomy":"folder","embeddable":true,"href":"https:\/\/diabet.fr\/pt-pt\/wp-json\/wp\/v2\/folder?post=18182"}],"curies":[{"name":"wp","href":"https:\/\/api.w.org\/{rel}","templated":true}]}}