{"id":18341,"date":"2023-11-19T13:42:19","date_gmt":"2023-11-19T12:42:19","guid":{"rendered":"https:\/\/diabet.fr\/informasjonskapselpolitikk\/"},"modified":"2024-12-24T00:45:46","modified_gmt":"2024-12-23T23:45:46","slug":"informasjonskapselpolitikk","status":"publish","type":"page","link":"https:\/\/diabet.fr\/no\/informasjonskapselpolitikk\/","title":{"rendered":"Informasjonskapselpolitikk"},"content":{"rendered":"\t\t<div data-elementor-type=\"wp-page\" data-elementor-id=\"18341\" class=\"elementor elementor-18341 elementor-159\" data-elementor-post-type=\"page\">\n\t\t\t\t<section class=\"elementor-element elementor-element-638cbcc e-con-full e-flex e-con e-parent\" data-id=\"638cbcc\" data-element_type=\"container\" data-e-type=\"container\">\n\t\t<div class=\"elementor-element elementor-element-5f41e02 e-con-full e-flex e-con e-child\" data-id=\"5f41e02\" data-element_type=\"container\" data-e-type=\"container\" data-settings=\"{&quot;background_background&quot;:&quot;classic&quot;}\">\n\t\t\t\t<div class=\"elementor-element elementor-element-7fd30e0 elementor-align-center elementor-widget elementor-widget-breadcrumbs\" data-id=\"7fd30e0\" data-element_type=\"widget\" data-e-type=\"widget\" data-widget_type=\"breadcrumbs.default\">\n\t\t\t\t<div class=\"elementor-widget-container\">\n\t\t\t\t\t<nav aria-label=\"breadcrumbs\" class=\"rank-math-breadcrumb\"><p><span class=\"last\">Diabet&#039;<\/span><\/p><\/nav>\t\t\t\t<\/div>\n\t\t\t\t<\/div>\n\t\t\t\t<div class=\"elementor-element elementor-element-7454ace elementor-widget elementor-widget-heading\" data-id=\"7454ace\" data-element_type=\"widget\" data-e-type=\"widget\" data-widget_type=\"heading.default\">\n\t\t\t\t\t<h1 class=\"elementor-heading-title elementor-size-default\"><span class=\"color-mauve\">Politikk for <\/span>cookies<\/h1>\t\t\t\t<\/div>\n\t\t\t\t<\/div>\n\t\t\t\t<\/section>\n\t\t<main class=\"elementor-element elementor-element-6c84584 e-flex e-con-boxed e-con e-parent\" data-id=\"6c84584\" data-element_type=\"container\" data-e-type=\"container\">\n\t\t\t\t\t<div class=\"e-con-inner\">\n\t\t\t\t<div class=\"elementor-element elementor-element-f50c015 elementor-widget elementor-widget-text-editor\" data-id=\"f50c015\" data-element_type=\"widget\" data-e-type=\"widget\" data-widget_type=\"text-editor.default\">\n\t\t\t\t\t\t\t\t\t<h2>Hva er nytten av denne politikken ?<\/h2>\n<p><b>Diabet\u2019, som administrerer nettstedet diabet.fr, legger stor vekt p\u00e5 konfidensialiteten til dataene dine, som for oss er et tegn p\u00e5 seri\u00f8sitet og tillit, uansett om det gjelder informasjonskapsler eller personopplysninger.<\/b> Retningslinjene for <b>informasjonskapsler<\/b> har som m\u00e5l \u00e5 forklare hvorfor vi bruker informasjonskapsler samt annen type <b>sporingsverkt\u00f8y<\/b> n\u00e5r du surfer p\u00e5 nettstedet v\u00e5rt diabet.fr. Derimot gjelder disse retningslinjene for informasjonskapsler kun behandlingene knyttet til <b>lagring av informasjonskapsler og sporingsverkt\u00f8y<\/b>. For andre behandlinger vi utf\u00f8rer, vennligst se v\u00e5r <b>personvernerkl\u00e6ring<\/b>, <b>tilgjengelig til enhver tid<\/b> p\u00e5 nettstedet v\u00e5rt diabet.fr.  <\/p>\n<h2>Hva er en cookie og hva er dens nytte?<\/h2>\n<p>Informasjonskapsler og andre sporingsverkt\u00f8y er <b>sm\u00e5 \u201ctekst\u201d filer<\/b> plassert og hostet av en server p\u00e5 din <b>smarttelefon, nettbrett eller datamaskin<\/b> n\u00e5r du bes\u00f8ker et nettsted. Informasjonskapsler <b>gj\u00f8r det ikke mulig \u00e5 identifisere deg personlig<\/b> men identifiserer enheten din (f.eks. smarttelefon, nettbrett, osv.) via din IP-adresse, samt forskjellige opplysninger knyttet til din nettlesing (f.eks. varighet av nettlesing, bes\u00f8kte sider, osv.) for \u00e5: <\/p>\n<ul>\n<li>Husk identifikatoren din slik at du kan bli gjenkjent n\u00e5r du logger inn p\u00e5 et nettsted igjen og beholde valgene dine (f.eks. spr\u00e5k, avvisning av informasjonskapsler, beholde handlekurven din, osv.).<\/li>\n<li>Spore og analysere bruken av et nettsted for statistiske form\u00e5l for \u00e5 forbedre din opplevelse og gi deg en tjeneste tilpasset dine behov.<\/li>\n<li>Tillate \u00e5 navigere og bruke et nettsted under optimale forhold.<\/li>\n<li>Analysere bruken du gj\u00f8r av et nettsted for \u00e5 gi deg tilpasset reklame basert p\u00e5 dine behov, enten p\u00e5 dette nettstedet eller p\u00e5 andre nettsteder.<\/li>\n<\/ul>\n<p>For mer informasjon om dette emnet kan du konsultere f\u00f8lgende nettsteder: www.cnil.fr, www.allaboutcookies.org og www.youronlinechoices.eu.<\/p>\n<h2>Hvorfor bruker vi \u201ccookies\u201d og hvor lenge?<\/h2>\n<p>N\u00e5r du logger inn p\u00e5 nettstedet v\u00e5rt diabet.fr, er vi n\u00f8dt til \u00e5 legge informasjonskapsler p\u00e5 enheten din <b>kun<\/b> for de <b>f\u00f8lgende grunner og begrunnelser<\/b>:<\/p>\n<ul>\n<li><b>Tekniske informasjonskapsler<\/b> som gj\u00f8r det mulig \u00e5 bruke nettstedet v\u00e5rt diabet.fr p\u00e5 en sikker m\u00e5te basert p\u00e5 v\u00e5r legitime interesse for \u00e5 tilby deg et kvalitetsnettsted.<\/li>\n<li><b>Tekniske informasjonskapsler<\/b> som gj\u00f8r det mulig \u00e5 spille av videoer som vises p\u00e5 nettstedet v\u00e5rt diabet.fr, basert p\u00e5 ditt forh\u00e5ndssamtykke. <\/li>\n<li><b>Statistiske informasjonskapsler<\/b> som gj\u00f8r det mulig \u00e5 kjenne bruken du gj\u00f8r av nettstedet v\u00e5rt (f.eks.: varighet av sidevisning, bes\u00f8kte sider, osv.) p\u00e5 bakgrunn av ditt forh\u00e5ndssamtykke, for \u00e5 gi deg en tilpasset og kvalitetsservice.<\/li>\n<li><b>Statistiske informasjonskapsler<\/b> anerkjent av <b>Datatilsynet som fullt ut i samsvar med GDPR<\/b> og som derfor er <b>unntatt fra samtykke<\/b>. Disse statistiske informasjonskapslene gj\u00f8r oss i stand til \u00e5 forst\u00e5 bruken din av nettstedet diabet.fr (f.eks.: hvor lenge du ser p\u00e5 en side, sider som er sett, osv.), basert p\u00e5 v\u00e5r berettigede interesse for \u00e5 gi deg en tilpasset og kvalitetsservice. <\/li>\n<\/ul>\n<p>I alle tilfeller blir informasjonskapslene lagret, uansett type, i en <b>maksimal varighet p\u00e5 13 m\u00e5neder<\/b> fra installasjonen, og de fornyes kun ved ny p\u00e5logging p\u00e5 v\u00e5r nettside ved utl\u00f8pet av denne perioden. Hvis du \u00f8nsker mer informasjon om varigheten av bruken av v\u00e5re informasjonskapsler, ikke n\u00f8l med \u00e5 kontakte oss p\u00e5 adressen webmaster@diabet.fr. <\/p>\n<h2>Hvilken kontroll har du over disse \u201ccookies\u201d?<\/h2>\n<p>Du kan ikke <b>motsette deg lagring av tekniske informasjonskapsler<\/b> siden de er n\u00f8dvendige for at nettstedet v\u00e5rt skal fungere skikkelig, ellers kan det bli potensielt ubrukelig. Som nevnt tidligere, gjelder ikke dette unntaket for tekniske informasjonskapsler som lagres p\u00e5 enheten din for \u00e5 f\u00e5 <b>videoer<\/b> til \u00e5 fungere. I dette spesifikke tilfellet er lagring av informasjonskapsler kun mulig dersom du har <b>samtykket p\u00e5 forh\u00e5nd<\/b>. Videre, og som forklart tidligere, bruker vi ogs\u00e5 statistiske informasjonskapsler som <b>Datatilsynet<\/b> anser for \u00e5 v\u00e6re <b>tilstrekkelig beskyttende<\/b> til at vi ikke trenger \u00e5 innhente ditt forh\u00e5ndssamtykke for \u00e5 kunne bruke dem lovlig. For mer informasjon om dette, kan du se den dedikerte siden til Datatilsynet tilgjengelig <a href=\"https:\/\/www.cnil.fr\/fr\/cookies-et-autres-traceurs\/regles\/cookies-solutions-pour-les-outils-de-mesure-daudience\" target=\"_blank\" rel=\"noopener\"><b>her<\/b><\/a>. Imidlertid, i tillegg til rettighetene som er beskrevet i v\u00e5r personvernpolicy, har du selvsagt retten til \u00e5 <b>nekte eller trekke tilbake ditt samtykke<\/b> til at alle andre typer informasjonskapsler blir installert p\u00e5 enheten din. Retten til \u00e5 nekte informasjonskapsler kan ut\u00f8ves n\u00e5r som helst ved hjelp av v\u00e5r informasjonskapselbanner.       Dersom informasjonsbanneret for informasjonskapsler ikke lenger vises, kan du ogs\u00e5 justere informasjonskapslene direkte i nettleseren din ved \u00e5 f\u00f8lge instruksjonene nedenfor: <a href=\"https:\/\/support.google.com\/chrome\/answer\/95647?hl=fr&amp;hlrm=en%20%22Chrome%22\" target=\"_blank\" rel=\"noopener\"><b>Chrome<\/b><\/a>, <a href=\"https:\/\/support.google.com\/chrome\/answer\/95647?hl=fr&amp;hlrm=en%20%22Chrome%22\" target=\"_blank\" rel=\"noopener\"><b>Microsoft Edge<\/b><\/a>, <a href=\"https:\/\/support.google.com\/chrome\/answer\/95647?hl=fr&amp;hlrm=en%20%22Chrome%22\" target=\"_blank\" rel=\"noopener\"><b>Safari<\/b><\/a>, <a href=\"https:\/\/support.google.com\/chrome\/answer\/95647?hl=fr&amp;hlrm=en%20%22Chrome%22\" target=\"_blank\" rel=\"noopener\"><b>Firefox<\/b><\/a> og <a href=\"https:\/\/support.google.com\/chrome\/answer\/95647?hl=fr&amp;hlrm=en%20%22Chrome%22\" target=\"_blank\" rel=\"noopener\"><b>Opera<\/b><\/a>.<\/p>\n<h2>Hvem kan du kontakte for \u00e5 f\u00e5 mer informasjon?<\/h2>\n<p>Du kan n\u00e5r som helst og gratis kontakte v\u00e5r webmaster p\u00e5 adressen webmaster@diabet.fr for \u00e5 f\u00e5 mer informasjon eller detaljer om hvordan vi behandler dataene dine.<\/p>\n<h2>Hvordan kan du kontakte CNIL ?<\/h2>\n<p>Du kan n\u00e5r som helst kontakte <b>&laquo;Den nasjonale kommisjonen for databehandling og frihet&raquo;<\/b> eller <b>&laquo;CNIL&raquo;<\/b> p\u00e5 f\u00f8lgende adresse: Klageservice for CNIL, 3 place de Fontenoy &#8211; TSA 80751, 75334 Paris Cedex 07 eller per telefon p\u00e5 01.53.73.22.22.<\/p>\n<h2>Kan politikken v\u00e6re endret?<\/h2>\n<p>Vi kan endre v\u00e5r informasjonskapselpolitikk n\u00e5r som helst for \u00e5 tilpasse den til nye lovkrav samt nye behandlinger vi kan implementere i fremtiden. Du vil selvf\u00f8lgelig bli informert om eventuelle endringer i denne politikken. <\/p>\n\t\t\t\t\t\t\t\t<\/div>\n\t\t\t\t\t<\/div>\n\t\t\t\t<\/main>\n\t\t\t\t<\/div>\n\t\t","protected":false},"excerpt":{"rendered":"<p>Diabet&#039; Politikk for cookies Hva er nytten av denne politikken ? Diabet\u2019, som administrerer nettstedet diabet.fr, legger stor vekt p\u00e5 konfidensialiteten til dataene dine, som for oss er et tegn p\u00e5 seri\u00f8sitet og tillit, uansett om det gjelder informasjonskapsler eller personopplysninger. Retningslinjene for informasjonskapsler har som m\u00e5l \u00e5 forklare hvorfor vi bruker informasjonskapsler samt annen [&hellip;]<\/p>\n","protected":false},"author":1,"featured_media":0,"parent":0,"menu_order":85,"comment_status":"closed","ping_status":"closed","template":"","meta":{"_acf_changed":false,"_lmt_disableupdate":"","_lmt_disable":"","footnotes":""},"tags":[4],"folder":[101],"class_list":["post-18341","page","type-page","status-publish","hentry","tag-legal"],"acf":[],"_links":{"self":[{"href":"https:\/\/diabet.fr\/no\/wp-json\/wp\/v2\/pages\/18341","targetHints":{"allow":["GET"]}}],"collection":[{"href":"https:\/\/diabet.fr\/no\/wp-json\/wp\/v2\/pages"}],"about":[{"href":"https:\/\/diabet.fr\/no\/wp-json\/wp\/v2\/types\/page"}],"author":[{"embeddable":true,"href":"https:\/\/diabet.fr\/no\/wp-json\/wp\/v2\/users\/1"}],"replies":[{"embeddable":true,"href":"https:\/\/diabet.fr\/no\/wp-json\/wp\/v2\/comments?post=18341"}],"version-history":[{"count":0,"href":"https:\/\/diabet.fr\/no\/wp-json\/wp\/v2\/pages\/18341\/revisions"}],"wp:attachment":[{"href":"https:\/\/diabet.fr\/no\/wp-json\/wp\/v2\/media?parent=18341"}],"wp:term":[{"taxonomy":"post_tag","embeddable":true,"href":"https:\/\/diabet.fr\/no\/wp-json\/wp\/v2\/tags?post=18341"},{"taxonomy":"folder","embeddable":true,"href":"https:\/\/diabet.fr\/no\/wp-json\/wp\/v2\/folder?post=18341"}],"curies":[{"name":"wp","href":"https:\/\/api.w.org\/{rel}","templated":true}]}}