{"id":18134,"date":"2023-11-19T13:41:47","date_gmt":"2023-11-19T12:41:47","guid":{"rendered":"https:\/\/diabet.fr\/termini-e-condizioni-duso\/"},"modified":"2024-12-23T10:11:45","modified_gmt":"2024-12-23T09:11:45","slug":"termini-e-condizioni-duso","status":"publish","type":"page","link":"https:\/\/diabet.fr\/it\/termini-e-condizioni-duso\/","title":{"rendered":"Termini e condizioni d&#8217;uso"},"content":{"rendered":"\t\t<div data-elementor-type=\"wp-page\" data-elementor-id=\"18134\" class=\"elementor elementor-18134 elementor-157\" data-elementor-post-type=\"page\">\n\t\t\t\t<section class=\"elementor-element elementor-element-cbfc4d1 e-con-full e-flex e-con e-parent\" data-id=\"cbfc4d1\" data-element_type=\"container\" data-e-type=\"container\">\n\t\t<div class=\"elementor-element elementor-element-4616f0d e-con-full e-flex e-con e-child\" data-id=\"4616f0d\" data-element_type=\"container\" data-e-type=\"container\" data-settings=\"{&quot;background_background&quot;:&quot;classic&quot;}\">\n\t\t\t\t<div class=\"elementor-element elementor-element-eaafb77 elementor-align-center elementor-widget elementor-widget-breadcrumbs\" data-id=\"eaafb77\" data-element_type=\"widget\" data-e-type=\"widget\" data-widget_type=\"breadcrumbs.default\">\n\t\t\t\t<div class=\"elementor-widget-container\">\n\t\t\t\t\t<nav aria-label=\"breadcrumbs\" class=\"rank-math-breadcrumb\"><p><span class=\"last\">Diabet&#039;<\/span><\/p><\/nav>\t\t\t\t<\/div>\n\t\t\t\t<\/div>\n\t\t\t\t<div class=\"elementor-element elementor-element-f7e5159 elementor-widget elementor-widget-highlighted-heading\" data-id=\"f7e5159\" data-element_type=\"widget\" data-e-type=\"widget\" data-widget_type=\"highlighted-heading.default\">\n\t\t\t\t<div class=\"elementor-widget-container\">\n\t\t\t\t\t<h1 class=\"silicon-elementor-highlighted-heading__title\"><span class=\"si-multipurpose-text__before\">Conditions G\u00e9n\u00e9rales d'<\/span><span class=\"silicon-elementor-highlighted-heading__highlighted-text\">Utilisation<\/span><\/h1>\t\t\t\t<\/div>\n\t\t\t\t<\/div>\n\t\t\t\t<\/div>\n\t\t\t\t<\/section>\n\t\t<div class=\"elementor-element elementor-element-4b34fad e-flex e-con-boxed e-con e-parent\" data-id=\"4b34fad\" data-element_type=\"container\" data-e-type=\"container\">\n\t\t\t\t\t<div class=\"e-con-inner\">\n\t\t\t\t<div class=\"elementor-element elementor-element-fa6ff6f elementor-widget elementor-widget-text-editor\" data-id=\"fa6ff6f\" data-element_type=\"widget\" data-e-type=\"widget\" data-widget_type=\"text-editor.default\">\n\t\t\t\t\t\t\t\t\t<p>Il sito diabet.fr (il &#8220;<b>Sito<\/b>&#8220;), gestito dalla societ\u00e0 Liver Holding (Diabet&#8217;) (&#8220;<b>Diabet\u2019<\/b>&#8221; o &#8220;<b>noi<\/b>&#8220;), presenta le attivit\u00e0 dello studio medico dedicato al diabete, Diabet\u2019.<br \/>L&#8217;accesso, la consultazione, la navigazione e\/o l&#8217;utilizzo del Sito e dei suoi servizi implica l&#8217;accettazione piena e completa delle presenti condizioni generali d&#8217;uso (le \u00ab <b>CGU<\/b> \u00bb) che hanno lo scopo di definire le modalit\u00e0 di utilizzo del Sito e dei suoi servizi da parte di chiunque acceda, consulti, navighi e\/o utilizzi tutto o parte del Sito e dei suoi servizi (un \u00ab <b>Utente<\/b> \u00bb).<br \/>Di conseguenza, prima di qualsiasi utilizzo del Sito e dei suoi servizi, l&#8217;Utente \u00e8 invitato a prendere visione delle presenti CGU. Se l&#8217;Utente rifiuta, in tutto o in parte, una qualsiasi delle disposizioni delle presenti CGU, \u00e8 pregato di non utilizzare il Sito e i suoi servizi. <br \/>I presenti TCU sono accessibili in qualsiasi momento sul Sito e prevarranno, se del caso, su qualsiasi altra versione o documento contraddittorio.<br \/>L&#8217;utente \u00e8 informato che qualsiasi prenotazione online presso Diabet\u2019 effettuata tramite la piattaforma Doctolib verso la quale il sito reindirizza \u00e8 soggetta alle condizioni d&#8217;uso dei servizi Doctolib e alla politica di protezione dei dati personali di Doctolib.<br \/>Puoi porre tutte le tue domande direttamente a Diabet&#8217; inviando un&#8217;e-mail al seguente indirizzo: webmaster@diabet.fr.<\/p>\n<h2>Accesso al sito e servizi<\/h2>\n<p>L&#8217;accesso al Sito e ai suoi servizi \u00e8 tecnicamente possibile ventiquattro (24) ore su ventiquattro (24) e sette (7) giorni su sette (7), salvo il verificarsi di un caso di forza maggiore, di eventuali guasti o di qualsiasi operazione di manutenzione necessaria al buon funzionamento del Sito e dei suoi servizi.<br \/>In ogni caso, l&#8217;Utente riconosce di avere la competenza e i mezzi necessari per accedere e utilizzare il Sito e i suoi servizi. A tal fine, l&#8217;Utente deve disporre di un computer, di un telefono cellulare, di un tablet o di qualsiasi altro dispositivo dotato di connessione internet, le cui impostazioni consentano il corretto funzionamento del Sito e dei suoi servizi. <\/p>\n<p>In generale, l&#8217;Utente dichiara di essere a conoscenza dei rischi legati alla navigazione su siti internet e all&#8217;utilizzo dei servizi online e di accettarli. L&#8217;Utente riconosce in particolare che le informazioni che vi transitano o vi sono memorizzate possono essere intercettate o modificate indipendentemente dalla volont\u00e0 di Diabet\u2019. <\/p>\n<p>A tal proposito, \u00e8 fortemente raccomandato all&#8217;Utente di prendere tutte le precauzioni necessarie per proteggersi dagli effetti di eventuali attacchi informatici, adottando in particolare una configurazione informatica sicura e adeguata del proprio computer, telefono cellulare, tablet o di qualsiasi altro dispositivo utilizzato (ad esempio, mediante l&#8217;installazione di un software di rilevamento virus regolarmente aggiornato).<\/p>\n<h2>Servizi offerti sul sito e protezione dei dati<\/h2>\n<h3>Condizioni di accesso ai servizi offerti sul sito<\/h3>\n<p>Per usufruire dei servizi offerti sul Sito, l&#8217;Utente deve:<\/p>\n<ul>\n<li>essere maggiorenne;<\/li>\n<li>avere la capacit\u00e0 e la qualit\u00e0 richieste per usufruire dei servizi del Sito;<\/li>\n<li>utilizzare il Sito e i suoi servizi in conformit\u00e0 con i presenti Termini e Condizioni d&#8217;Uso.<\/li>\n<\/ul>\n<p>Inoltre, l&#8217;accesso ai servizi offerti sul Sito implica talvolta la compilazione dei campi obbligatori del modulo associato al servizio desiderato (ad esempio, questionario di pre-consultazione, modulo di contatto, candidatura a un&#8217;offerta di lavoro).<\/p>\n<p>L&#8217;Utente garantisce la veridicit\u00e0 e l&#8217;esattezza delle informazioni comunicate in questo contesto. L&#8217;Utente si impegna in particolare a non creare una falsa identit\u00e0 che possa indurre in errore Diabet&#8217; o terzi e a non usurpare l&#8217;identit\u00e0 di un&#8217;altra persona fisica. Nel caso in cui l&#8217;Utente fornisse informazioni false, inesatte, scadute, incomplete, fuorvianti o tali da indurre in errore, Diabet&#8217; potr\u00e0, immediatamente e senza preavviso n\u00e9 indennit\u00e0, rifiutargli l&#8217;accesso, in modo temporaneo o definitivo, a tutto o parte del Sito e dei suoi servizi.  <\/p>\n<p>L&#8217;Utente \u00e8 informato e accetta che i suoi dati personali siano comunicati al medico o professionista sanitario operante presso il centro Diabet&#8217; (il \u00ab <b>Professionista Sanitario<\/b> \u00bb) presso il quale prenota una consultazione, nonch\u00e9 a tutti i fornitori di servizi informatici di Diabet&#8217; la cui intervento sarebbe necessario per la corretta erogazione dei servizi.<\/p>\n<p>Per saperne di pi\u00f9 sull&#8217;utilizzo dei propri dati personali da parte di Diabet&#8217; e su come esercitare i propri diritti in merito, l&#8217;Utente \u00e8 invitato a consultare la Politica sulla Privacy.<\/p>\n<p>Per tutto ci\u00f2 che riguarda i cookie, l&#8217;Utente \u00e8 invitato a consultare la <a href=\"https:\/\/diabet.fr\/cookies\/\">Politica sui cookie<\/a>.<\/p>\n<h3>Servizi offerti sul Sito<\/h3>\n<p>Dal Sito, l&#8217;Utente pu\u00f2:<\/p>\n<ul>\n<li>Accedere alle informazioni disponibili su Diabet\u2019 e il centro;<\/li>\n<li>Compilare questionari;<\/li>\n<li>Prenotare un appuntamento online con un Professionista della Salute tramite la piattaforma Doctolib a cui il Sito reindirizza;<\/li>\n<li>Contattare Diabet\u2019 per qualsiasi richiesta di informazioni;<\/li>\n<li>Consulta le offerte di lavoro disponibili presso Diabet\u2019 e candidati se del caso.<\/li>\n<\/ul>\n<h2>Obblighi generali dell&#8217;utente<\/h2>\n<p>L&#8217;Utente si impegna a non:<\/p>\n<ul>\n<li>Di utilizzare il Sito e i suoi servizi a fini commerciali, di prospezione, di sollecitazione o di pubblicit\u00e0;<\/li>\n<li>Qualsiasi comportamento che possa compromettere l&#8217;integrit\u00e0, il funzionamento o la sicurezza del sistema informativo alla base del funzionamento del Sito e dei suoi servizi;<\/li>\n<li>Qualsiasi intrusione o tentativo di intrusione nei sistemi informativi di Diabet&#8217;;<\/li>\n<li>Qualsiasi violazione o tentativo di violazione delle misure di sicurezza del Sito;<\/li>\n<li>Qualsiasi raccolta, estrazione o utilizzo, in qualsiasi modo, delle informazioni presenti sul Sito;<\/li>\n<li>E, pi\u00f9 in generale, qualsiasi atto che possa ledere i diritti e gli interessi di Diabet\u2019 o di terzi.<\/li>\n<\/ul>\n<p>In caso di violazione delle presenti CGU o della normativa vigente, incluso qualsiasi utilizzo non autorizzato del Sito e dei suoi servizi rilevato da Diabet&#8217;, quest&#8217;ultima si riserva il diritto di porre fine al presente rapporto contrattuale, di diritto, senza preavviso n\u00e9 indennit\u00e0 e di bloccare qualsiasi accesso futuro dell&#8217;Utente a tutto o parte del Sito e dei suoi servizi.<\/p>\n<h2>Propriet\u00e0 intellettuale<\/h2>\n<p>Il Sito e tutti gli elementi che lo compongono o che sono messi a disposizione degli Utenti, in particolare il questionario di pre-consultazione, i marchi, i loghi, le fotografie, i programmi, i codici sorgente, i codici oggetto, i dati, le banche dati, le immagini animate o meno, i suoni, i disegni, le grafiche, i video, i testi, la disposizione, l&#8217;aspetto, la struttura, cos\u00ec come qualsiasi altro elemento non collegato a link ipertestuali verso siti di terze parti, sono di propriet\u00e0 di Diabet&#8217; o sono oggetto di una licenza concessa a suo favore da qualsiasi titolare dei diritti di propriet\u00e0 intellettuale.<\/p>\n<p>Tutti questi elementi sono soggetti alle disposizioni della normativa francese e internazionale applicabile in materia di propriet\u00e0 intellettuale, in particolare il codice della propriet\u00e0 intellettuale e, di conseguenza, sono protetti contro qualsiasi uso non autorizzato dalla legge o dalle presenti CGU pena \u2013 in caso di violazione \u2013 azioni legali.<\/p>\n<p>Diabet&#8217; concede all&#8217;Utente a titolo personale, non esclusivo e gratuito un diritto di consultazione e utilizzo del Sito e dei suoi servizi per uso personale e nel rigoroso ambito delle operazioni autorizzate ai sensi delle presenti CGU.<\/p>\n<p>Fatti salvi i diritti d&#8217;uso concessi all&#8217;Utente da Diabet\u2019, l&#8217;uso del Sito e dei suoi servizi non implica alcuna licenza, n\u00e9 alcuna cessione dei diritti relativi agli elementi del Sito a favore dell&#8217;Utente. In particolare, qualsiasi copia, riproduzione, rappresentazione, adattamento, modifica, diffusione totale o parziale del Sito, cos\u00ec come tutto o parte del suo contenuto, con qualsiasi mezzo e su qualsiasi supporto, \u00e8 illecita salvo autorizzazione preventiva, espressa e scritta di Diabet&#8217; o del titolare dei diritti di propriet\u00e0 intellettuale. <\/p>\n<p>Il mancato rispetto di queste stipulazioni, in particolare a fini di sfruttamento commerciale, potr\u00e0 comportare procedimenti legali sulla base di un&#8217;azione per contraffazione e\/o un&#8217;azione per concorrenza sleale e\/o per parassitismo da parte dei titolari dei diritti in questione. Ci\u00f2 \u00e8 senza pregiudizio per gli altri diritti di Diabet&#8217;, in particolare quello di ottenere il risarcimento dei danni subiti. <\/p>\n<h2>Responsabilit\u00e0<\/h2>\n<p>Il Sito \u00e8 fornito all&#8217;Utente a titolo gratuito. Anche se Diabet\u2019 si impegna a fornire un Sito affidabile, Diabet\u2019 non garantisce che sia privo di errori, inesattezze o omissioni, periodi di indisponibilit\u00e0, falle o difetti. Inoltre, Diabet&#8217; non garantisce l&#8217;esattezza, la qualit\u00e0, la liceit\u00e0 o l&#8217;adeguatezza a un uso particolare del Sito, dei servizi che vi sono proposti e dei contenuti che vi sono pubblicati. Di conseguenza, l&#8217;Utente riconosce di utilizzare il Sito, i servizi proposti e i contenuti che vi sono pubblicati sotto la propria esclusiva responsabilit\u00e0.   <\/p>\n<p>In particolare Diabet\u2019 non potr\u00e0 in alcun caso essere ritenuta responsabile dall&#8217;Utente in caso di errore nell&#8217;inserimento dei suoi dati, in particolare per quanto riguarda l&#8217;inserimento del suo numero di telefono.<\/p>\n<p>Diabet\u2019 richiama l&#8217;attenzione dell&#8217;Utente sul fatto che non garantisce in alcun modo la disponibilit\u00e0 del Professionista Sanitario per una consultazione. Diabet\u2019 agisce solamente come intermediario tra l&#8217;Utente e il Professionista Sanitario. Diabet\u2019 non pu\u00f2 in alcun caso essere ritenuto responsabile per la non disponibilit\u00e0 di un Professionista Sanitario per una consultazione. Qualsiasi controversia che possa sorgere tra l&#8217;Utente e il Professionista Sanitario dovr\u00e0 essere risolta direttamente tra il suddetto Utente e il Professionista Sanitario.   <\/p>\n<p>In nessun caso le informazioni disponibili sul Sito possono sostituire il parere e la diagnosi di un professionista della salute, n\u00e9 esonerare da una consultazione medica se necessario. Qualsiasi decisione presa a partire dalle informazioni disponibili sul Sito impegner\u00e0 unicamente il suo autore, Diabet\u2019 non \u00e8 quindi in alcun modo responsabile di queste decisioni, in modo diretto o indiretto, n\u00e9 dei danni, diretti o indiretti, che ne deriverebbero. <\/p>\n<p>Il sito presenta in particolare le tariffe degli onorari o le fasce di prezzo degli onorari che i professionisti sanitari dello studio medico praticano, cos\u00ec come la tariffa di rimborso da parte dell&#8217;assicurazione sanitaria in vigore corrispondente alle prestazioni proposte. L&#8217;utente \u00e8 informato che il prezzo finale della prestazione sanitaria pu\u00f2 variare a seconda del tipo di consultazione effettivamente realizzata e che queste informazioni sono quindi fornite solo a titolo indicativo. <\/p>\n<p>Inoltre, Diabet\u2019 non pu\u00f2 essere ritenuta responsabile per i danni diretti o indiretti che potrebbero derivare da:<\/p>\n<ul>\n<li>Di un qualsiasi malfunzionamento o contaminazione del computer, del telefono cellulare, del tablet o di qualsiasi altro dispositivo utilizzato dall&#8217;Utente durante o dopo la navigazione sul Sito, impossibilit\u00e0 di accesso o cattive condizioni di utilizzo imputabili a questi dispositivi, al fornitore di accesso a internet, alla congestione della rete internet, o a qualsiasi altra ragione esterna a Diabet\u2019;<\/li>\n<li>Le spese di comunicazioni elettroniche o telefoniche derivanti dall&#8217;uso di tali apparecchiature sono a carico esclusivo dell&#8217;Utente e non saranno sostenute da Diabet\u2019;<\/li>\n<li>Di qualsiasi interruzione, temporanea o permanente, di tutte o parte delle funzionalit\u00e0 del Sito, in particolare in caso di manutenzione, modifica o aggiornamento del Sito, in caso di incidente tecnico e, pi\u00f9 in generale, in caso di evento al di fuori del controllo di Diabet\u2019;<\/li>\n<li>Di qualsiasi conseguenza che potrebbe derivare dai contenuti dei siti internet di terzi verso i quali rimandano i link ipertestuali che possono essere presenti sul Sito;<\/li>\n<li>Eventuali danni indiretti subiti dall&#8217;Utente;<\/li>\n<li>Di qualsiasi danno subito dall&#8217;Utente o da terzi che derivasse da un utilizzo del Sito non conforme alle presenti CGU;<\/li>\n<li>Di qualsiasi inadempienza agli obblighi previsti nelle presenti CGU che fosse dovuta o trovasse origine in un caso fortuito o di forza maggiore cos\u00ec come definito dall&#8217;articolo 1218 del codice civile.<\/li>\n<\/ul>\n<p>Nell&#8217;ipotesi in cui Diabet&#8217; fosse ritenuta responsabile di un danno non previsto nel presente articolo, la sua responsabilit\u00e0 sar\u00e0 limitata ai danni certi, reali e diretti.<\/p>\n<p>In nessun caso Diabet\u2019, i suoi rappresentanti e i suoi partner potranno essere ritenuti responsabili per danni indiretti derivanti dall&#8217;uso del Sito, dei servizi offerti su di esso e dei contenuti pubblicati, in particolare per la perdita di guadagno, la perdita di profitto, la perdita di opportunit\u00e0 o danni derivanti dalla perdita di dati causati dall&#8217;impossibilit\u00e0 di utilizzare il Sito e i suoi servizi.<\/p>\n<h2>Modifica<\/h2>\n<p>Le presenti CGU sono datate in modo preciso e possono essere modificate e aggiornate da Diabet in qualsiasi momento, in particolare in caso di evoluzione del Sito o della normativa applicabile.<\/p>\n<p>Le CGU applicabili sono quelle pubblicate sul Sito al momento dell&#8217;accesso al Sito da parte dell&#8217;Utente. Pertanto, l&#8217;Utente \u00e8 invitato a consultare le CGU ad ogni nuovo accesso al Sito. <\/p>\n<p>La presente versione delle CGU sostituisce tutte le versioni precedenti.<\/p>\n<h2>Cessazione del sito<\/h2>\n<p>Diabet\u2019 si riserva il diritto di interrompere, temporaneamente o definitivamente, l&#8217;accesso a tutto o parte del Sito o dei servizi che vi sono offerti, in particolare in caso di cessazione dell&#8217;attivit\u00e0 legata alla messa a disposizione del Sito o in caso di procedura concorsuale.<\/p>\n<h2>Cessione<\/h2>\n<p>Fatto salvo quanto previsto dalla legge applicabile, l&#8217;Utente acconsente che le presenti CGU che lo legano a Diabet\u2019 possano essere cedute, trasferite o apportate, in qualsiasi modo. Nel contesto del trasferimento della societ\u00e0 a un terzo, le presenti CGU che legano l&#8217;Utente a Diabet&#8217; saranno automaticamente trasferite al cessionario. <\/p>\n<h2>Link ipertestuali<\/h2>\n<p>Il Sito pu\u00f2 includere collegamenti ipertestuali verso siti o fonti esterne, diverse da quelle pubblicate da Diabet\u2019. Poich\u00e9 Diabet\u2019 non pu\u00f2 controllare questi siti e fonti esterne, Diabet\u2019 non pu\u00f2 essere ritenuta responsabile della disponibilit\u00e0 di questi siti e fonti esterne, e declina quindi ogni responsabilit\u00e0 per quanto riguarda i contenuti, le pubblicit\u00e0, i prodotti, i servizi o qualsiasi altro materiale disponibile su o da questi siti o fonti esterne. Inoltre, la decisione di attivare i collegamenti ipertestuali spetta esclusivamente all&#8217;Utente.  <\/p>\n<p>Diabet\u2019 ricorda all&#8217;Utente che i siti o le fonti esterne non affiliate sono soggetti ai propri termini e condizioni di utilizzo.<\/p>\n<p>Se l&#8217;Utente desidera creare un collegamento ipertestuale che rimanda al Sito, deve ottenere l&#8217;autorizzazione scritta e preventiva di Diabet\u2019 inviando un&#8217;email al seguente indirizzo: webmaster@diabet.fr.<\/p>\n<p>Diabet\u2019 pu\u00f2, a sua completa discrezione, accettare o rifiutare qualsiasi richiesta che gli venga presentata a tal fine. Diabet\u2019 non ha alcun obbligo di accettare tale richiesta, n\u00e9 di fornire alcuna ragione per rifiutare tale richiesta, se del caso. <\/p>\n<h2>Validit\u00e0 delle CGU<\/h2>\n<p>Ognuno degli articoli delle presenti CGU si applica separatamente. Qualsiasi modifica della normativa applicabile in vigore, o qualsiasi decisione di un tribunale o di un&#8217;autorit\u00e0 competente che invalida uno o pi\u00f9 articoli delle presenti CGU non pu\u00f2 influire sulla validit\u00e0 dell&#8217;interezza delle CGU. Tale modifica o decisione non autorizza in alcun modo l&#8217;Utente a ignorare le disposizioni valide delle presenti CGU.  <\/p>\n<h2>Lingua<\/h2>\n<p>Le presenti CGU sono redatte in lingua francese. Nel caso in cui fossero tradotte in una o pi\u00f9 lingue, solo il testo francese farebbe fede in caso di controversia. <\/p>\n<h2>Legge applicabile \/ Attribuzione di giurisdizione<\/h2>\n<p>I presenti Termini e Condizioni Generali e le operazioni che ne derivano sono regolati, interpretati e applicati in conformit\u00e0 con la legge francese.<\/p>\n<p>In caso di controversia relativa alla loro interpretazione o esecuzione, Diabet&#8217; e l&#8217;Utente cercheranno, prima di qualsiasi azione legale, un accordo amichevole e si scambieranno a tal fine tutti gli elementi informativi necessari.<\/p>\n<p>In mancanza di un accordo amichevole tra Diabet\u2019 e l&#8217;Utente entro due (2) mesi dalla notifica della controversia all&#8217;altra parte, viene espressamente conferita competenza ai tribunali di Parigi.<\/p>\n\t\t\t\t\t\t\t\t<\/div>\n\t\t\t\t\t<\/div>\n\t\t\t\t<\/div>\n\t\t\t\t<\/div>\n\t\t","protected":false},"excerpt":{"rendered":"<p>Diabet&#039; Conditions G\u00e9n\u00e9rales d&#8217;Utilisation Il sito diabet.fr (il &#8220;Sito&#8220;), gestito dalla societ\u00e0 Liver Holding (Diabet&#8217;) (&#8220;Diabet\u2019&#8221; o &#8220;noi&#8220;), presenta le attivit\u00e0 dello studio medico dedicato al diabete, Diabet\u2019.L&#8217;accesso, la consultazione, la navigazione e\/o l&#8217;utilizzo del Sito e dei suoi servizi implica l&#8217;accettazione piena e completa delle presenti condizioni generali d&#8217;uso (le \u00ab CGU \u00bb) che [&hellip;]<\/p>\n","protected":false},"author":1,"featured_media":0,"parent":0,"menu_order":80,"comment_status":"closed","ping_status":"closed","template":"","meta":{"_acf_changed":false,"_lmt_disableupdate":"","_lmt_disable":"","footnotes":""},"tags":[4],"folder":[101],"class_list":["post-18134","page","type-page","status-publish","hentry","tag-legal"],"acf":[],"_links":{"self":[{"href":"https:\/\/diabet.fr\/it\/wp-json\/wp\/v2\/pages\/18134","targetHints":{"allow":["GET"]}}],"collection":[{"href":"https:\/\/diabet.fr\/it\/wp-json\/wp\/v2\/pages"}],"about":[{"href":"https:\/\/diabet.fr\/it\/wp-json\/wp\/v2\/types\/page"}],"author":[{"embeddable":true,"href":"https:\/\/diabet.fr\/it\/wp-json\/wp\/v2\/users\/1"}],"replies":[{"embeddable":true,"href":"https:\/\/diabet.fr\/it\/wp-json\/wp\/v2\/comments?post=18134"}],"version-history":[{"count":0,"href":"https:\/\/diabet.fr\/it\/wp-json\/wp\/v2\/pages\/18134\/revisions"}],"wp:attachment":[{"href":"https:\/\/diabet.fr\/it\/wp-json\/wp\/v2\/media?parent=18134"}],"wp:term":[{"taxonomy":"post_tag","embeddable":true,"href":"https:\/\/diabet.fr\/it\/wp-json\/wp\/v2\/tags?post=18134"},{"taxonomy":"folder","embeddable":true,"href":"https:\/\/diabet.fr\/it\/wp-json\/wp\/v2\/folder?post=18134"}],"curies":[{"name":"wp","href":"https:\/\/api.w.org\/{rel}","templated":true}]}}