{"id":17859,"date":"2024-12-18T17:00:25","date_gmt":"2024-12-18T16:00:25","guid":{"rendered":"https:\/\/diabet.fr\/partner\/"},"modified":"2024-12-23T22:20:20","modified_gmt":"2024-12-23T21:20:20","slug":"partner","status":"publish","type":"page","link":"https:\/\/diabet.fr\/it\/partner\/","title":{"rendered":"Partner"},"content":{"rendered":"\t\t<div data-elementor-type=\"wp-page\" data-elementor-id=\"17859\" class=\"elementor elementor-17859 elementor-15243\" data-elementor-post-type=\"page\">\n\t\t\t\t\t\t<section class=\"elementor-section elementor-top-section elementor-element elementor-element-2a45f84 elementor-section-full_width hero elementor-section-height-default elementor-section-height-default\" data-id=\"2a45f84\" data-element_type=\"section\" data-e-type=\"section\" data-settings=\"{&quot;background_background&quot;:&quot;classic&quot;}\">\n\t\t\t\t\t\t\t<div class=\"elementor-background-overlay\"><\/div>\n\t\t\t\t\t\t\t<div class=\"elementor-container elementor-column-gap-default\">\n\t\t\t\t\t<div class=\"elementor-column elementor-col-100 elementor-top-column elementor-element elementor-element-b03eac4\" data-id=\"b03eac4\" data-element_type=\"column\" data-e-type=\"column\">\n\t\t\t<div class=\"elementor-widget-wrap elementor-element-populated\">\n\t\t\t\t<div class=\"elementor-element elementor-element-351b303 e-flex e-con-boxed e-con e-parent\" data-id=\"351b303\" data-element_type=\"container\" data-e-type=\"container\">\n\t\t\t\t\t<div class=\"e-con-inner\">\n\t\t\t\t<div class=\"elementor-element elementor-element-63e5caa elementor-widget elementor-widget-heading\" data-id=\"63e5caa\" data-element_type=\"widget\" data-e-type=\"widget\" data-widget_type=\"heading.default\">\n\t\t\t\t\t<h1 class=\"elementor-heading-title elementor-size-default\"><span class=\"color-mauve\">Nostro<\/span> partner<\/h1>\t\t\t\t<\/div>\n\t\t\t\t<div class=\"elementor-element elementor-element-579f0d7 elementor-align-center elementor-widget elementor-widget-breadcrumbs\" data-id=\"579f0d7\" data-element_type=\"widget\" data-e-type=\"widget\" data-widget_type=\"breadcrumbs.default\">\n\t\t\t\t<div class=\"elementor-widget-container\">\n\t\t\t\t\t<nav aria-label=\"breadcrumbs\" class=\"rank-math-breadcrumb\"><p><span class=\"last\">Diabet&#039;<\/span><\/p><\/nav>\t\t\t\t<\/div>\n\t\t\t\t<\/div>\n\t\t\t\t\t<\/div>\n\t\t\t\t<\/div>\n\t\t\t\t<section class=\"elementor-section elementor-inner-section elementor-element elementor-element-ca9f010 elementor-section-height-min-height elementor-section-boxed elementor-section-height-default elementor-invisible\" data-id=\"ca9f010\" data-element_type=\"section\" data-e-type=\"section\" data-settings=\"{&quot;animation&quot;:&quot;fadeIn&quot;}\">\n\t\t\t\t\t\t<div class=\"elementor-container elementor-column-gap-default\">\n\t\t\t\t\t<div class=\"elementor-column elementor-col-100 elementor-inner-column elementor-element elementor-element-e2d53fb\" data-id=\"e2d53fb\" data-element_type=\"column\" data-e-type=\"column\">\n\t\t\t<div class=\"elementor-widget-wrap elementor-element-populated\">\n\t\t\t\t\t\t<div class=\"elementor-element elementor-element-0a99046 elementor-widget elementor-widget-image\" data-id=\"0a99046\" data-element_type=\"widget\" data-e-type=\"widget\" data-widget_type=\"image.default\">\n\t\t\t\t\t\t\t\t\t\t\t\t\t\t\t<img fetchpriority=\"high\" decoding=\"async\" width=\"800\" height=\"533\" src=\"https:\/\/diabet.fr\/wp-content\/uploads\/portrait-of-happy-female-doctor-at-medical-clinic-looking-at-camera-.webp\" class=\"attachment-large size-large wp-image-17692 not-transparent\" alt=\"\" srcset=\"https:\/\/diabet.fr\/wp-content\/uploads\/portrait-of-happy-female-doctor-at-medical-clinic-looking-at-camera-.webp 2000w, https:\/\/diabet.fr\/wp-content\/uploads\/portrait-of-happy-female-doctor-at-medical-clinic-looking-at-camera--300x200.webp 300w, https:\/\/diabet.fr\/wp-content\/uploads\/portrait-of-happy-female-doctor-at-medical-clinic-looking-at-camera--768x512.webp 768w, https:\/\/diabet.fr\/wp-content\/uploads\/portrait-of-happy-female-doctor-at-medical-clinic-looking-at-camera--1536x1024.webp 1536w\" sizes=\"(max-width: 800px) 100vw, 800px\" data-has-transparency=\"false\" data-dominant-color=\"b7b2b0\" style=\"--dominant-color: #b7b2b0\" title=\"\">\t\t\t\t\t\t\t\t\t\t\t\t\t\t\t<\/div>\n\t\t\t\t\t<\/div>\n\t\t<\/div>\n\t\t\t\t\t<\/div>\n\t\t<\/section>\n\t\t\t\t\t<\/div>\n\t\t<\/div>\n\t\t\t\t\t<\/div>\n\t\t<\/section>\n\t\t<div class=\"elementor-element elementor-element-4422868 e-flex e-con-boxed e-con e-child\" data-id=\"4422868\" data-element_type=\"container\" data-e-type=\"container\">\n\t\t\t\t\t<div class=\"e-con-inner\">\n\t\t<div class=\"elementor-element elementor-element-157a71a e-flex e-con-boxed e-con e-child\" data-id=\"157a71a\" data-element_type=\"container\" data-e-type=\"container\">\n\t\t\t\t\t<div class=\"e-con-inner\">\n\t\t\t\t<div class=\"elementor-element elementor-element-e42e9cf elementor-invisible elementor-widget elementor-widget-heading\" data-id=\"e42e9cf\" data-element_type=\"widget\" data-e-type=\"widget\" data-settings=\"{&quot;_animation&quot;:&quot;fadeInUp&quot;}\" data-widget_type=\"heading.default\">\n\t\t\t\t\t<h2 class=\"elementor-heading-title elementor-size-default\">Istituzionale<\/h2>\t\t\t\t<\/div>\n\t\t\t\t\t<\/div>\n\t\t\t\t<\/div>\n\t\t\t\t\t<\/div>\n\t\t\t\t<\/div>\n\t\t<div class=\"elementor-element elementor-element-1e6b3e7 e-flex e-con-boxed e-con e-parent\" data-id=\"1e6b3e7\" data-element_type=\"container\" data-e-type=\"container\">\n\t\t\t\t\t<div class=\"e-con-inner\">\n\t\t<div class=\"elementor-element elementor-element-5ebf5e8 e-con-full e-flex e-con e-child\" data-id=\"5ebf5e8\" data-element_type=\"container\" data-e-type=\"container\">\n\t\t\t\t<div class=\"elementor-element elementor-element-37c9611 elementor-widget elementor-widget-image\" data-id=\"37c9611\" data-element_type=\"widget\" data-e-type=\"widget\" data-widget_type=\"image.default\">\n\t\t\t\t\t\t\t\t\t\t\t\t\t\t\t\t<a href=\"https:\/\/www.aphp.fr\" target=\"_blank\" rel=\"noopener\">\n\t\t\t\t\t\t\t<img decoding=\"async\" width=\"300\" height=\"60\" src=\"https:\/\/diabet.fr\/wp-content\/uploads\/logo-aphp-300x60.webp\" class=\"attachment-medium size-medium wp-image-17689 has-transparency\" alt=\"\" srcset=\"https:\/\/diabet.fr\/wp-content\/uploads\/logo-aphp-300x60.webp 300w, https:\/\/diabet.fr\/wp-content\/uploads\/logo-aphp-768x152.webp 768w, https:\/\/diabet.fr\/wp-content\/uploads\/logo-aphp.webp 1235w\" sizes=\"(max-width: 300px) 100vw, 300px\" data-has-transparency=\"true\" data-dominant-color=\"270d5c\" style=\"--dominant-color: #270d5c\" title=\"\">\t\t\t\t\t\t\t\t<\/a>\n\t\t\t\t\t\t\t\t\t\t\t\t\t\t\t<\/div>\n\t\t\t\t<\/div>\n\t\t<div class=\"elementor-element elementor-element-047ec77 e-con-full e-flex e-con e-child\" data-id=\"047ec77\" data-element_type=\"container\" data-e-type=\"container\">\n\t\t\t\t<div class=\"elementor-element elementor-element-e674270 elementor-widget elementor-widget-text-editor\" data-id=\"e674270\" data-element_type=\"widget\" data-e-type=\"widget\" data-widget_type=\"text-editor.default\">\n\t\t\t\t\t\t\t\t\t<p>L&#8217;Assistance Publique \u2013 H\u00f4pitaux de Paris (AP-HP) \u00e8 il centro ospedaliero universitario dell&#8217;\u00cele-de-France, che raggruppa 38 ospedali organizzati in 6 gruppi ospedaliero-universitari.<\/p>\n<p>Lavoriamo con alcuni servizi degli ospedali dell&#8217;APHP per consentire una migliore collaborazione tra citt\u00e0 e ospedale e offrirvi la migliore assistenza possibile. <\/p>\n\t\t\t\t\t\t\t\t<\/div>\n\t\t\t\t<\/div>\n\t\t\t\t\t<\/div>\n\t\t\t\t<\/div>\n\t\t<div class=\"elementor-element elementor-element-2706796 e-flex e-con-boxed e-con e-parent\" data-id=\"2706796\" data-element_type=\"container\" data-e-type=\"container\">\n\t\t\t\t\t<div class=\"e-con-inner\">\n\t\t<div class=\"elementor-element elementor-element-1f45804 e-con-full e-flex e-con e-child\" data-id=\"1f45804\" data-element_type=\"container\" data-e-type=\"container\">\n\t\t\t\t<div class=\"elementor-element elementor-element-bc5dd74 elementor-widget elementor-widget-image\" data-id=\"bc5dd74\" data-element_type=\"widget\" data-e-type=\"widget\" data-widget_type=\"image.default\">\n\t\t\t\t\t\t\t\t\t\t\t\t\t\t\t\t<a href=\"https:\/\/www.lafrenchcare.fr\/membre\/hergat-eliott\/\" target=\"_blank\" rel=\"noopener\">\n\t\t\t\t\t\t\t<img decoding=\"async\" width=\"300\" height=\"108\" src=\"https:\/\/diabet.fr\/wp-content\/uploads\/LOGOS-FRENCH-CARE_baseline_HZ_FD-BLANC_RVB-300x108.webp\" class=\"attachment-medium size-medium wp-image-17691 has-transparency\" alt=\"\" srcset=\"https:\/\/diabet.fr\/wp-content\/uploads\/LOGOS-FRENCH-CARE_baseline_HZ_FD-BLANC_RVB-300x108.webp 300w, https:\/\/diabet.fr\/wp-content\/uploads\/LOGOS-FRENCH-CARE_baseline_HZ_FD-BLANC_RVB-2048x735.webp 2048w, https:\/\/diabet.fr\/wp-content\/uploads\/LOGOS-FRENCH-CARE_baseline_HZ_FD-BLANC_RVB-768x276.webp 768w, https:\/\/diabet.fr\/wp-content\/uploads\/LOGOS-FRENCH-CARE_baseline_HZ_FD-BLANC_RVB-1536x551.webp 1536w\" sizes=\"(max-width: 300px) 100vw, 300px\" data-has-transparency=\"true\" data-dominant-color=\"280e5d\" style=\"--dominant-color: #280e5d\" title=\"\">\t\t\t\t\t\t\t\t<\/a>\n\t\t\t\t\t\t\t\t\t\t\t\t\t\t\t<\/div>\n\t\t\t\t<\/div>\n\t\t<div class=\"elementor-element elementor-element-7517cd8 e-con-full e-flex e-con e-child\" data-id=\"7517cd8\" data-element_type=\"container\" data-e-type=\"container\">\n\t\t\t\t<div class=\"elementor-element elementor-element-807e731 elementor-widget elementor-widget-text-editor\" data-id=\"807e731\" data-element_type=\"widget\" data-e-type=\"widget\" data-widget_type=\"text-editor.default\">\n\t\t\t\t\t\t\t\t\t<p>La French Care \u00e8 un movimento lanciato a febbraio 2022 da Bpifrance e dall&#8217;associazione Acteurs de La French Care, con l&#8217;obiettivo di unire i professionisti del settore sanitario in Francia, siano essi pubblici o privati, attorno a un&#8217;identit\u00e0 comune.<\/p>\n<p>Il suo obiettivo \u00e8 promuovere l&#8217;eccellenza francese nella formazione, nella ricerca e nell&#8217;innovazione in ambito sanitario, facilitando le sinergie tra i diversi attori della filiera, come startup, ospedali, istituti di ricerca, biotech e medtech.<\/p>\n\t\t\t\t\t\t\t\t<\/div>\n\t\t\t\t<\/div>\n\t\t\t\t\t<\/div>\n\t\t\t\t<\/div>\n\t\t<div class=\"elementor-element elementor-element-3cddb8d e-flex e-con-boxed e-con e-child\" data-id=\"3cddb8d\" data-element_type=\"container\" data-e-type=\"container\">\n\t\t\t\t\t<div class=\"e-con-inner\">\n\t\t<div class=\"elementor-element elementor-element-a03f3f0 e-flex e-con-boxed e-con e-child\" data-id=\"a03f3f0\" data-element_type=\"container\" data-e-type=\"container\">\n\t\t\t\t\t<div class=\"e-con-inner\">\n\t\t\t\t<div class=\"elementor-element elementor-element-56846e1 elementor-invisible elementor-widget elementor-widget-heading\" data-id=\"56846e1\" data-element_type=\"widget\" data-e-type=\"widget\" data-settings=\"{&quot;_animation&quot;:&quot;fadeInUp&quot;}\" data-widget_type=\"heading.default\">\n\t\t\t\t\t<h2 class=\"elementor-heading-title elementor-size-default\">Tecnologico<\/h2>\t\t\t\t<\/div>\n\t\t\t\t\t<\/div>\n\t\t\t\t<\/div>\n\t\t\t\t\t<\/div>\n\t\t\t\t<\/div>\n\t\t<div class=\"elementor-element elementor-element-530016d e-flex e-con-boxed e-con e-parent\" data-id=\"530016d\" data-element_type=\"container\" data-e-type=\"container\">\n\t\t\t\t\t<div class=\"e-con-inner\">\n\t\t<div class=\"elementor-element elementor-element-7a96909 e-con-full e-flex e-con e-child\" data-id=\"7a96909\" data-element_type=\"container\" data-e-type=\"container\">\n\t\t\t\t<div class=\"elementor-element elementor-element-ebdb6cc elementor-widget elementor-widget-image\" data-id=\"ebdb6cc\" data-element_type=\"widget\" data-e-type=\"widget\" data-widget_type=\"image.default\">\n\t\t\t\t\t\t\t\t\t\t\t\t\t\t\t\t<a href=\"https:\/\/cloud.google.com\/startup?hl=fr\" target=\"_blank\" rel=\"noopener\">\n\t\t\t\t\t\t\t<img loading=\"lazy\" decoding=\"async\" width=\"300\" height=\"37\" src=\"https:\/\/diabet.fr\/wp-content\/uploads\/Google_for_Startups_logo-300x37.webp\" class=\"attachment-medium size-medium wp-image-17690 has-transparency\" alt=\"\" srcset=\"https:\/\/diabet.fr\/wp-content\/uploads\/Google_for_Startups_logo-300x37.webp 300w, https:\/\/diabet.fr\/wp-content\/uploads\/Google_for_Startups_logo-768x94.webp 768w, https:\/\/diabet.fr\/wp-content\/uploads\/Google_for_Startups_logo.webp 775w\" sizes=\"(max-width: 300px) 100vw, 300px\" data-has-transparency=\"true\" data-dominant-color=\"280d5c\" style=\"--dominant-color: #280d5c\" title=\"\">\t\t\t\t\t\t\t\t<\/a>\n\t\t\t\t\t\t\t\t\t\t\t\t\t\t\t<\/div>\n\t\t\t\t<\/div>\n\t\t<div class=\"elementor-element elementor-element-2abdc48 e-con-full e-flex e-con e-child\" data-id=\"2abdc48\" data-element_type=\"container\" data-e-type=\"container\">\n\t\t\t\t<div class=\"elementor-element elementor-element-55b2c51 elementor-widget elementor-widget-text-editor\" data-id=\"55b2c51\" data-element_type=\"widget\" data-e-type=\"widget\" data-widget_type=\"text-editor.default\">\n\t\t\t\t\t\t\t\t\t<p>Google ci accompagna finanziariamente e tecnologicamente nella gestione delle nostre risorse informatiche.<\/p>\n<p>Questo supporto ci consente di ospitare i tuoi dati su server che presentano la certificazione di Hosting Dati Sanitari.<\/p>\n\t\t\t\t\t\t\t\t<\/div>\n\t\t\t\t<\/div>\n\t\t\t\t\t<\/div>\n\t\t\t\t<\/div>\n\t\t<div class=\"elementor-element elementor-element-4701d06 e-flex e-con-boxed e-con e-parent\" data-id=\"4701d06\" data-element_type=\"container\" data-e-type=\"container\">\n\t\t\t\t\t<div class=\"e-con-inner\">\n\t\t<div class=\"elementor-element elementor-element-82f654b e-con-full e-flex e-con e-child\" data-id=\"82f654b\" data-element_type=\"container\" data-e-type=\"container\">\n\t\t\t\t<div class=\"elementor-element elementor-element-7a882d0 elementor-widget elementor-widget-image\" data-id=\"7a882d0\" data-element_type=\"widget\" data-e-type=\"widget\" data-widget_type=\"image.default\">\n\t\t\t\t\t\t\t\t\t\t\t\t\t\t\t<img loading=\"lazy\" decoding=\"async\" width=\"300\" height=\"102\" src=\"https:\/\/diabet.fr\/wp-content\/uploads\/cloudflare-logo.svg\" class=\"attachment-medium size-medium wp-image-17693\" alt=\"\" title=\"\">\t\t\t\t\t\t\t\t\t\t\t\t\t\t\t<\/div>\n\t\t\t\t<\/div>\n\t\t<div class=\"elementor-element elementor-element-a1ca2b7 e-con-full e-flex e-con e-child\" data-id=\"a1ca2b7\" data-element_type=\"container\" data-e-type=\"container\">\n\t\t\t\t<div class=\"elementor-element elementor-element-ab4f129 elementor-widget elementor-widget-text-editor\" data-id=\"ab4f129\" data-element_type=\"widget\" data-e-type=\"widget\" data-widget_type=\"text-editor.default\">\n\t\t\t\t\t\t\t\t\t<p>Cloudflare offre infrastrutture informatiche ad alte prestazioni e soluzioni tecnologiche dedicate alla sicurezza.<\/p>\n<p>Questo accompagnamento finanziario e tecnologico ci permette di offrirvi un accesso sicuro e rapido ai nostri strumenti e siti internet.<\/p>\n\t\t\t\t\t\t\t\t<\/div>\n\t\t\t\t<\/div>\n\t\t\t\t\t<\/div>\n\t\t\t\t<\/div>\n\t\t\t\t<\/div>\n\t\t","protected":false},"excerpt":{"rendered":"<p>Nostro partner Diabet&#039; Istituzionale L&#8217;Assistance Publique \u2013 H\u00f4pitaux de Paris (AP-HP) \u00e8 il centro ospedaliero universitario dell&#8217;\u00cele-de-France, che raggruppa 38 ospedali organizzati in 6 gruppi ospedaliero-universitari. Lavoriamo con alcuni servizi degli ospedali dell&#8217;APHP per consentire una migliore collaborazione tra citt\u00e0 e ospedale e offrirvi la migliore assistenza possibile. La French Care \u00e8 un movimento lanciato [&hellip;]<\/p>\n","protected":false},"author":1,"featured_media":0,"parent":0,"menu_order":1,"comment_status":"closed","ping_status":"closed","template":"","meta":{"_acf_changed":false,"_lmt_disableupdate":"","_lmt_disable":"","footnotes":""},"tags":[14],"folder":[],"class_list":["post-17859","page","type-page","status-publish","hentry","tag-default-page"],"acf":[],"_links":{"self":[{"href":"https:\/\/diabet.fr\/it\/wp-json\/wp\/v2\/pages\/17859","targetHints":{"allow":["GET"]}}],"collection":[{"href":"https:\/\/diabet.fr\/it\/wp-json\/wp\/v2\/pages"}],"about":[{"href":"https:\/\/diabet.fr\/it\/wp-json\/wp\/v2\/types\/page"}],"author":[{"embeddable":true,"href":"https:\/\/diabet.fr\/it\/wp-json\/wp\/v2\/users\/1"}],"replies":[{"embeddable":true,"href":"https:\/\/diabet.fr\/it\/wp-json\/wp\/v2\/comments?post=17859"}],"version-history":[{"count":0,"href":"https:\/\/diabet.fr\/it\/wp-json\/wp\/v2\/pages\/17859\/revisions"}],"wp:attachment":[{"href":"https:\/\/diabet.fr\/it\/wp-json\/wp\/v2\/media?parent=17859"}],"wp:term":[{"taxonomy":"post_tag","embeddable":true,"href":"https:\/\/diabet.fr\/it\/wp-json\/wp\/v2\/tags?post=17859"},{"taxonomy":"folder","embeddable":true,"href":"https:\/\/diabet.fr\/it\/wp-json\/wp\/v2\/folder?post=17859"}],"curies":[{"name":"wp","href":"https:\/\/api.w.org\/{rel}","templated":true}]}}