{"id":18326,"date":"2023-11-19T13:42:19","date_gmt":"2023-11-19T12:42:19","guid":{"rendered":"https:\/\/diabet.fr\/politica-de-cookies\/"},"modified":"2024-12-24T00:36:39","modified_gmt":"2024-12-23T23:36:39","slug":"politica-de-cookies","status":"publish","type":"page","link":"https:\/\/diabet.fr\/es\/politica-de-cookies\/","title":{"rendered":"Pol\u00edtica de cookies"},"content":{"rendered":"\t\t<div data-elementor-type=\"wp-page\" data-elementor-id=\"18326\" class=\"elementor elementor-18326 elementor-159\" data-elementor-post-type=\"page\">\n\t\t\t\t<section class=\"elementor-element elementor-element-638cbcc e-con-full e-flex e-con e-parent\" data-id=\"638cbcc\" data-element_type=\"container\" data-e-type=\"container\">\n\t\t<div class=\"elementor-element elementor-element-5f41e02 e-con-full e-flex e-con e-child\" data-id=\"5f41e02\" data-element_type=\"container\" data-e-type=\"container\" data-settings=\"{&quot;background_background&quot;:&quot;classic&quot;}\">\n\t\t\t\t<div class=\"elementor-element elementor-element-7fd30e0 elementor-align-center elementor-widget elementor-widget-breadcrumbs\" data-id=\"7fd30e0\" data-element_type=\"widget\" data-e-type=\"widget\" data-widget_type=\"breadcrumbs.default\">\n\t\t\t\t<div class=\"elementor-widget-container\">\n\t\t\t\t\t<nav aria-label=\"breadcrumbs\" class=\"rank-math-breadcrumb\"><p><span class=\"last\">Diabet&#039;<\/span><\/p><\/nav>\t\t\t\t<\/div>\n\t\t\t\t<\/div>\n\t\t\t\t<div class=\"elementor-element elementor-element-7454ace elementor-widget elementor-widget-heading\" data-id=\"7454ace\" data-element_type=\"widget\" data-e-type=\"widget\" data-widget_type=\"heading.default\">\n\t\t\t\t\t<h1 class=\"elementor-heading-title elementor-size-default\"><span class=\"color-mauve\">Pol\u00edtica de <\/span>cookies<\/h1>\t\t\t\t<\/div>\n\t\t\t\t<\/div>\n\t\t\t\t<\/section>\n\t\t<main class=\"elementor-element elementor-element-6c84584 e-flex e-con-boxed e-con e-parent\" data-id=\"6c84584\" data-element_type=\"container\" data-e-type=\"container\">\n\t\t\t\t\t<div class=\"e-con-inner\">\n\t\t\t\t<div class=\"elementor-element elementor-element-f50c015 elementor-widget elementor-widget-text-editor\" data-id=\"f50c015\" data-element_type=\"widget\" data-e-type=\"widget\" data-widget_type=\"text-editor.default\">\n\t\t\t\t\t\t\t\t\t<h2>\u00bfCu\u00e1l es la utilidad de esta pol\u00edtica?<\/h2>\n<p><b>Diabet\u2019, que gestiona el sitio diabet.fr, otorga una gran importancia a la privacidad de sus datos, lo que representa para nosotros una garant\u00eda de seriedad y confianza, sin importar si se trata de cookies o datos personales.<\/b> La pol\u00edtica <b>cookies<\/b> tiene como objetivo explicarle por qu\u00e9 utilizamos cookies as\u00ed como cualquier otro tipo de <b>rastreador<\/b> cuando navega por nuestro sitio diabet.fr. Sin embargo, esta pol\u00edtica de cookies solo se refiere a los tratamientos relacionados con el <b>dep\u00f3sito de cookies y rastreadores<\/b>. Para otros tratamientos que realizamos, le agradecemos que consulte nuestra <b>pol\u00edtica de privacidad de datos<\/b>, <b>accesible en cualquier momento<\/b> en nuestro sitio diabet.fr.  <\/p>\n<h2>\u00bfQu\u00e9 es una cookie y cu\u00e1l es su utilidad?<\/h2>\n<p>Las cookies y otros rastreadores son <b>peque\u00f1os archivos \u201ctexto\u201d<\/b> colocados y hospedados por un servidor en su <b>smartphone, tableta u ordenador<\/b> cuando consulta un sitio web. Las cookies <b>no permiten identificarlo personalmente<\/b> pero identifican su terminal (p. ej.: smartphone, tableta, etc.) a trav\u00e9s de su direcci\u00f3n IP, as\u00ed como diferentes informaciones relacionadas con su navegaci\u00f3n (p. ej.: duraci\u00f3n de la navegaci\u00f3n, p\u00e1ginas consultadas, etc.) con el fin de: <\/p>\n<ul>\n<li>Memorice su identificador para que pueda reconocerlo cuando inicie sesi\u00f3n nuevamente en un sitio web y para conservar su elecci\u00f3n (por ejemplo: idiomas, rechazo de cookies, conservar su carrito, etc.).<\/li>\n<li>Rastrear y analizar el uso que usted hace de un sitio web con fines estad\u00edsticos para mejorar su experiencia y proporcionarle un servicio adaptado a sus necesidades.<\/li>\n<li>Permitir navegar y utilizar un sitio web en condiciones \u00f3ptimas.<\/li>\n<li>Analizar el uso que hace de un sitio web para proporcionarle publicidad adaptada a sus necesidades, ya sea en este sitio web o en otros sitios web.<\/li>\n<\/ul>\n<p>Para m\u00e1s informaci\u00f3n sobre este tema, puede consultar los siguientes sitios web: www.cnil.fr, www.allaboutcookies.org y www.youronlinechoices.eu.<\/p>\n<h2>\u00bfPor qu\u00e9 usamos \u201ccookies\u201d y por cu\u00e1nto tiempo?<\/h2>\n<p>Cuando accede a nuestro sitio web diabet.fr, nos vemos obligados a depositar cookies en su dispositivo <b>\u00fanicamente<\/b> por las <b>razones y fundamentos siguientes<\/b>:<\/p>\n<ul>\n<li><b>Cookies t\u00e9cnicos<\/b> que permiten utilizar nuestro sitio diabet.fr de manera segura, basados en nuestro inter\u00e9s leg\u00edtimo de ofrecerle un sitio web de calidad.<\/li>\n<li><b>Cookies t\u00e9cnicos<\/b> que permiten que funcionen los videos transmitidos en nuestro sitio diabet.fr, sobre la base de su consentimiento previo. <\/li>\n<li><b>Cookies estad\u00edsticos<\/b> que permiten conocer el uso que usted hace de nuestro sitio (por ejemplo: duraci\u00f3n de visualizaci\u00f3n de una p\u00e1gina, p\u00e1ginas consultadas, etc.) sobre la base de su consentimiento previo, con el fin de proporcionarle un servicio adaptado y de calidad.<\/li>\n<li><b>Cookies estad\u00edsticos<\/b> reconocidos por la <b>CNIL como perfectamente conformes al RGPD<\/b> y que son por lo tanto <b>exentos de consentimiento<\/b>. Estos cookies estad\u00edsticos nos permiten conocer el uso que usted hace de nuestro sitio diabet.fr (ej: duraci\u00f3n de visualizaci\u00f3n de una p\u00e1gina, p\u00e1ginas consultadas, etc.), sobre la base de nuestro inter\u00e9s leg\u00edtimo en proporcionarle un servicio adecuado y de calidad. <\/li>\n<\/ul>\n<p>En todos los casos, las cookies depositadas, sea cual sea su naturaleza, se conservan durante una <b>duraci\u00f3n m\u00e1xima de 13 meses<\/b> a partir de su instalaci\u00f3n y no se renuevan salvo en caso de nueva conexi\u00f3n en nuestro sitio web al expirar este plazo. Si desea m\u00e1s detalles sobre las duraciones de uso de nuestras cookies, no dude en contactar con nosotros en la direcci\u00f3n webmaster@diabet.fr. <\/p>\n<h2>\u00bfQu\u00e9 control tiene sobre estas \u201ccookies\u201d?<\/h2>\n<p>No puede <b>oponerse a la instalaci\u00f3n de cookies t\u00e9cnicas<\/b> ya que son necesarias para el buen funcionamiento de nuestro sitio, que de otro modo podr\u00eda ser potencialmente inutilizable. Como se indic\u00f3 anteriormente, esta excepci\u00f3n no se aplica a las cookies t\u00e9cnicas instaladas en su dispositivo para hacer funcionar <b>videos<\/b>. En este caso espec\u00edfico, la instalaci\u00f3n de cookies solo es posible si usted ha <b>consentido previamente<\/b>. Adem\u00e1s, y como se explic\u00f3 anteriormente, tambi\u00e9n utilizamos cookies estad\u00edsticas que la <b>CNIL<\/b> considera <b>suficientemente protectoras<\/b> para no tener que obtener su consentimiento previo para poder utilizarlas legalmente. Para m\u00e1s informaci\u00f3n sobre este tema, puede consultar la p\u00e1gina dedicada de la CNIL accesible <a href=\"https:\/\/www.cnil.fr\/fr\/cookies-et-autres-traceurs\/regles\/cookies-solutions-pour-les-outils-de-mesure-daudience\" target=\"_blank\" rel=\"noopener\"><b>aqu\u00ed<\/b><\/a>. Sin embargo, adem\u00e1s de los derechos detallados en nuestra pol\u00edtica de privacidad, usted tiene, por supuesto, el derecho a <b>rechazar o retirar su consentimiento<\/b> para que se instalen todos los dem\u00e1s tipos de cookies en su dispositivo. El derecho a rechazar cookies se puede ejercer en cualquier momento utilizando nuestro banner de cookies.       En el supuesto de que el banner de cookies no se muestre, tambi\u00e9n puede configurar las cookies directamente en su navegador siguiendo las instrucciones a continuaci\u00f3n: <a href=\"https:\/\/support.google.com\/chrome\/answer\/95647?hl=fr&amp;hlrm=en%20%22Chrome%22\" target=\"_blank\" rel=\"noopener\"><b>Chrome<\/b><\/a>, <a href=\"https:\/\/support.google.com\/chrome\/answer\/95647?hl=fr&amp;hlrm=en%20%22Chrome%22\" target=\"_blank\" rel=\"noopener\"><b>Microsoft Edge<\/b><\/a>, <a href=\"https:\/\/support.google.com\/chrome\/answer\/95647?hl=fr&amp;hlrm=en%20%22Chrome%22\" target=\"_blank\" rel=\"noopener\"><b>Safari<\/b><\/a>, <a href=\"https:\/\/support.google.com\/chrome\/answer\/95647?hl=fr&amp;hlrm=en%20%22Chrome%22\" target=\"_blank\" rel=\"noopener\"><b>Firefox<\/b><\/a> y <a href=\"https:\/\/support.google.com\/chrome\/answer\/95647?hl=fr&amp;hlrm=en%20%22Chrome%22\" target=\"_blank\" rel=\"noopener\"><b>Opera<\/b><\/a>.<\/p>\n<h2>\u00bfA qui\u00e9n puede contactar para obtener m\u00e1s informaci\u00f3n?<\/h2>\n<p>Puede contactar con nuestro webmaster en cualquier momento y de forma gratuita en la direcci\u00f3n webmaster@Diabet&#8217;.fr para obtener m\u00e1s informaci\u00f3n o detalles sobre c\u00f3mo tratamos sus datos.<\/p>\n<h2>\u00bfC\u00f3mo puede ponerse en contacto con la CNIL?<\/h2>\n<p>Puede contactar en cualquier momento a la <b>\u00abComisi\u00f3n Nacional de Inform\u00e1tica y Libertades\u00bb<\/b> o <b>\u00abCNIL\u00bb<\/b> en los siguientes detalles de contacto: Servicio de quejas de la CNIL, 3 place de Fontenoy &#8211; TSA 80751, 75334 Paris Cedex 07 o por tel\u00e9fono en el 01.53.73.22.22.<\/p>\n<h2>\u00bfPuede modificarse la pol\u00edtica?<\/h2>\n<p>Podemos modificar nuestra pol\u00edtica de cookies en cualquier momento para adaptarla a los nuevos requisitos legales as\u00ed como a los nuevos tratamientos que podr\u00edamos implementar en el futuro. Se les informar\u00e1, por supuesto, de cualquier modificaci\u00f3n de esta pol\u00edtica. <\/p>\n\t\t\t\t\t\t\t\t<\/div>\n\t\t\t\t\t<\/div>\n\t\t\t\t<\/main>\n\t\t\t\t<\/div>\n\t\t","protected":false},"excerpt":{"rendered":"<p>Diabet&#039; Pol\u00edtica de cookies \u00bfCu\u00e1l es la utilidad de esta pol\u00edtica? Diabet\u2019, que gestiona el sitio diabet.fr, otorga una gran importancia a la privacidad de sus datos, lo que representa para nosotros una garant\u00eda de seriedad y confianza, sin importar si se trata de cookies o datos personales. La pol\u00edtica cookies tiene como objetivo explicarle [&hellip;]<\/p>\n","protected":false},"author":1,"featured_media":0,"parent":0,"menu_order":85,"comment_status":"closed","ping_status":"closed","template":"","meta":{"_acf_changed":false,"_lmt_disableupdate":"","_lmt_disable":"","footnotes":""},"tags":[4],"folder":[101],"class_list":["post-18326","page","type-page","status-publish","hentry","tag-legal"],"acf":[],"_links":{"self":[{"href":"https:\/\/diabet.fr\/es\/wp-json\/wp\/v2\/pages\/18326","targetHints":{"allow":["GET"]}}],"collection":[{"href":"https:\/\/diabet.fr\/es\/wp-json\/wp\/v2\/pages"}],"about":[{"href":"https:\/\/diabet.fr\/es\/wp-json\/wp\/v2\/types\/page"}],"author":[{"embeddable":true,"href":"https:\/\/diabet.fr\/es\/wp-json\/wp\/v2\/users\/1"}],"replies":[{"embeddable":true,"href":"https:\/\/diabet.fr\/es\/wp-json\/wp\/v2\/comments?post=18326"}],"version-history":[{"count":0,"href":"https:\/\/diabet.fr\/es\/wp-json\/wp\/v2\/pages\/18326\/revisions"}],"wp:attachment":[{"href":"https:\/\/diabet.fr\/es\/wp-json\/wp\/v2\/media?parent=18326"}],"wp:term":[{"taxonomy":"post_tag","embeddable":true,"href":"https:\/\/diabet.fr\/es\/wp-json\/wp\/v2\/tags?post=18326"},{"taxonomy":"folder","embeddable":true,"href":"https:\/\/diabet.fr\/es\/wp-json\/wp\/v2\/folder?post=18326"}],"curies":[{"name":"wp","href":"https:\/\/api.w.org\/{rel}","templated":true}]}}