{"id":18290,"date":"2023-11-19T13:41:10","date_gmt":"2023-11-19T12:41:10","guid":{"rendered":"https:\/\/diabet.fr\/menciones-legales\/"},"modified":"2026-04-11T23:27:23","modified_gmt":"2026-04-11T22:27:23","slug":"menciones-legales","status":"publish","type":"page","link":"https:\/\/diabet.fr\/es\/menciones-legales\/","title":{"rendered":"Menciones legales"},"content":{"rendered":"\t\t<div data-elementor-type=\"wp-page\" data-elementor-id=\"18290\" class=\"elementor elementor-18290 elementor-155\" data-elementor-post-type=\"page\">\n\t\t\t\t<section class=\"elementor-element elementor-element-8d8f79b e-con-full e-flex e-con e-parent\" data-id=\"8d8f79b\" data-element_type=\"container\" data-e-type=\"container\">\n\t\t<div class=\"elementor-element elementor-element-46da94b e-con-full e-flex e-con e-child\" data-id=\"46da94b\" data-element_type=\"container\" data-e-type=\"container\" data-settings=\"{&quot;background_background&quot;:&quot;classic&quot;}\">\n\t\t\t\t<div class=\"elementor-element elementor-element-45f76d7 elementor-align-center elementor-widget elementor-widget-breadcrumbs\" data-id=\"45f76d7\" data-element_type=\"widget\" data-e-type=\"widget\" data-widget_type=\"breadcrumbs.default\">\n\t\t\t\t<div class=\"elementor-widget-container\">\n\t\t\t\t\t<nav aria-label=\"breadcrumbs\" class=\"rank-math-breadcrumb\"><p><span class=\"last\">Diabet&#039;<\/span><\/p><\/nav>\t\t\t\t<\/div>\n\t\t\t\t<\/div>\n\t\t\t\t<div class=\"elementor-element elementor-element-7c9b887 elementor-widget elementor-widget-heading\" data-id=\"7c9b887\" data-element_type=\"widget\" data-e-type=\"widget\" data-widget_type=\"heading.default\">\n\t\t\t\t\t<h1 class=\"elementor-heading-title elementor-size-default\"><span class=\"color-mauve\">Menciones<\/span> legales<\/h1>\t\t\t\t<\/div>\n\t\t\t\t<\/div>\n\t\t\t\t<\/section>\n\t\t<main class=\"elementor-element elementor-element-09fce87 e-flex e-con-boxed e-con e-parent\" data-id=\"09fce87\" data-element_type=\"container\" data-e-type=\"container\">\n\t\t\t\t\t<div class=\"e-con-inner\">\n\t\t\t\t<div class=\"elementor-element elementor-element-0a6a18b elementor-widget elementor-widget-text-editor\" data-id=\"0a6a18b\" data-element_type=\"widget\" data-e-type=\"widget\" data-widget_type=\"text-editor.default\">\n\t\t\t\t\t\t\t\t\t<h2>Nuestras condiciones legales<\/h2><p><b>Editor del sitio web<\/b> : Liver Holding (Diabet&#8217;)<\/p><p><b>Sede social<\/b> : 149 Avenida de Maine, 75014 Paris<\/p><p><b>Capital social<\/b> : 500 \u20ac<br><b>SIREN<\/b> : 934816570 R.C.S. Paris<br><b>N\u00b0TVA intracomunitario<\/b> : FR 78934816570<\/p><p><b>Correo electr\u00f3nico<\/b> : webmaster@diabet.fr<br><b>N\u00famero de tel\u00e9fono<\/b> : XX XX XX XX XX<\/p><p><b>Director de la publicaci\u00f3n<\/b> : Eliott Hergat<\/p><p><b>Anfitri\u00f3n del sitio web<\/b> : Google Cloud Francia<br><b>Sede social<\/b> : 8 rue de Londres, 75009 Par\u00eds<\/p><p><b>Lugar de alojamiento de los datos<\/b> : Par\u00eds, Francia, Uni\u00f3n Europea<\/p>\t\t\t\t\t\t\t\t<\/div>\n\t\t\t\t\t<\/div>\n\t\t\t\t<\/main>\n\t\t\t\t<\/div>\n\t\t","protected":false},"excerpt":{"rendered":"<p>Diabet&#039; Menciones legales Nuestras condiciones legales Editor del sitio web : Liver Holding (Diabet&#8217;) Sede social : 149 Avenida de Maine, 75014 Paris Capital social : 500 \u20acSIREN : 934816570 R.C.S. ParisN\u00b0TVA intracomunitario : FR 78934816570 Correo electr\u00f3nico : webmaster@diabet.frN\u00famero de tel\u00e9fono : XX XX XX XX XX Director de la publicaci\u00f3n : Eliott Hergat [&hellip;]<\/p>\n","protected":false},"author":1,"featured_media":0,"parent":0,"menu_order":83,"comment_status":"closed","ping_status":"closed","template":"","meta":{"_acf_changed":false,"_lmt_disableupdate":"","_lmt_disable":"","footnotes":""},"tags":[4],"folder":[101],"class_list":["post-18290","page","type-page","status-publish","hentry","tag-legal"],"acf":[],"_links":{"self":[{"href":"https:\/\/diabet.fr\/es\/wp-json\/wp\/v2\/pages\/18290","targetHints":{"allow":["GET"]}}],"collection":[{"href":"https:\/\/diabet.fr\/es\/wp-json\/wp\/v2\/pages"}],"about":[{"href":"https:\/\/diabet.fr\/es\/wp-json\/wp\/v2\/types\/page"}],"author":[{"embeddable":true,"href":"https:\/\/diabet.fr\/es\/wp-json\/wp\/v2\/users\/1"}],"replies":[{"embeddable":true,"href":"https:\/\/diabet.fr\/es\/wp-json\/wp\/v2\/comments?post=18290"}],"version-history":[{"count":0,"href":"https:\/\/diabet.fr\/es\/wp-json\/wp\/v2\/pages\/18290\/revisions"}],"wp:attachment":[{"href":"https:\/\/diabet.fr\/es\/wp-json\/wp\/v2\/media?parent=18290"}],"wp:term":[{"taxonomy":"post_tag","embeddable":true,"href":"https:\/\/diabet.fr\/es\/wp-json\/wp\/v2\/tags?post=18290"},{"taxonomy":"folder","embeddable":true,"href":"https:\/\/diabet.fr\/es\/wp-json\/wp\/v2\/folder?post=18290"}],"curies":[{"name":"wp","href":"https:\/\/api.w.org\/{rel}","templated":true}]}}