{"id":18260,"date":"2023-11-19T13:41:47","date_gmt":"2023-11-19T12:41:47","guid":{"rendered":"https:\/\/diabet.fr\/condiciones-generales-de-uso\/"},"modified":"2024-12-23T23:19:38","modified_gmt":"2024-12-23T22:19:38","slug":"condiciones-generales-de-uso","status":"publish","type":"page","link":"https:\/\/diabet.fr\/es\/condiciones-generales-de-uso\/","title":{"rendered":"Condiciones Generales de Uso"},"content":{"rendered":"\t\t<div data-elementor-type=\"wp-page\" data-elementor-id=\"18260\" class=\"elementor elementor-18260 elementor-157\" data-elementor-post-type=\"page\">\n\t\t\t\t<section class=\"elementor-element elementor-element-cbfc4d1 e-con-full e-flex e-con e-parent\" data-id=\"cbfc4d1\" data-element_type=\"container\" data-e-type=\"container\">\n\t\t<div class=\"elementor-element elementor-element-4616f0d e-con-full e-flex e-con e-child\" data-id=\"4616f0d\" data-element_type=\"container\" data-e-type=\"container\" data-settings=\"{&quot;background_background&quot;:&quot;classic&quot;}\">\n\t\t\t\t<div class=\"elementor-element elementor-element-eaafb77 elementor-align-center elementor-widget elementor-widget-breadcrumbs\" data-id=\"eaafb77\" data-element_type=\"widget\" data-e-type=\"widget\" data-widget_type=\"breadcrumbs.default\">\n\t\t\t\t<div class=\"elementor-widget-container\">\n\t\t\t\t\t<nav aria-label=\"breadcrumbs\" class=\"rank-math-breadcrumb\"><p><span class=\"last\">Diabet&#039;<\/span><\/p><\/nav>\t\t\t\t<\/div>\n\t\t\t\t<\/div>\n\t\t\t\t<div class=\"elementor-element elementor-element-f7e5159 elementor-widget elementor-widget-highlighted-heading\" data-id=\"f7e5159\" data-element_type=\"widget\" data-e-type=\"widget\" data-widget_type=\"highlighted-heading.default\">\n\t\t\t\t<div class=\"elementor-widget-container\">\n\t\t\t\t\t<h1 class=\"silicon-elementor-highlighted-heading__title\"><span class=\"si-multipurpose-text__before\">Conditions G\u00e9n\u00e9rales d'<\/span><span class=\"silicon-elementor-highlighted-heading__highlighted-text\">Utilisation<\/span><\/h1>\t\t\t\t<\/div>\n\t\t\t\t<\/div>\n\t\t\t\t<\/div>\n\t\t\t\t<\/section>\n\t\t<div class=\"elementor-element elementor-element-4b34fad e-flex e-con-boxed e-con e-parent\" data-id=\"4b34fad\" data-element_type=\"container\" data-e-type=\"container\">\n\t\t\t\t\t<div class=\"e-con-inner\">\n\t\t\t\t<div class=\"elementor-element elementor-element-fa6ff6f elementor-widget elementor-widget-text-editor\" data-id=\"fa6ff6f\" data-element_type=\"widget\" data-e-type=\"widget\" data-widget_type=\"text-editor.default\">\n\t\t\t\t\t\t\t\t\t<p>El sitio web diabet.fr (el \u00ab <b>Sitio<\/b> \u00bb), editado por la sociedad Liver Holding (Diabet&#8217;) (\u00ab <b>Diabet\u2019<\/b> \u00bb o \u00ab <b>nosotros<\/b> \u00bb), presenta las actividades del consultorio m\u00e9dico dedicado a la diabetes Diabet\u2019.<br \/>El acceso, la consulta, la navegaci\u00f3n y\/o el uso del Sitio y sus servicios implica la aceptaci\u00f3n plena e incondicional de las presentes condiciones generales de uso (las \u00ab <b>CGU<\/b> \u00bb) cuyo objetivo es definir las modalidades de uso del Sitio y sus servicios por cualquier persona que acceda, consulte, navegue y\/o utilice todo o parte del Sitio y sus servicios (un \u00ab <b>Usuario<\/b> \u00bb).<br \/>En consecuencia, antes de cualquier uso del Sitio y sus servicios, se invita al Usuario a conocer los presentes T\u00e9rminos y Condiciones de Uso (TCU). Si el Usuario rechaza, total o parcialmente, cualquiera de las estipulaciones de estos TCU, se le solicita que no utilice el Sitio y sus servicios. <br \/>Estos T\u00e9rminos y Condiciones Generales est\u00e1n disponibles en cualquier momento en el Sitio y prevalecer\u00e1n, si corresponde, sobre cualquier otra versi\u00f3n o cualquier otro documento contradictorio.<br \/>Se informa al Usuario que cualquier cita en l\u00ednea con Diabet&#8217; realizada a trav\u00e9s de la plataforma Doctolib a la que redirige el Sitio est\u00e1 sujeta a las Condiciones de Uso de los Servicios de Doctolib y a la pol\u00edtica de protecci\u00f3n de datos personales de Doctolib.<br \/>Puede hacer todas sus preguntas directamente a Diabet \u00bb enviando un correo electr\u00f3nico a la siguiente direcci\u00f3n: webmaster@diabet.fr.<\/p>\n<h2>Acceso al sitio y servicios<\/h2>\n<p>El acceso al Sitio y a sus servicios es t\u00e9cnicamente posible veinticuatro (24) horas al d\u00eda, siete (7) d\u00edas a la semana, sujeto a la ocurrencia de un caso de fuerza mayor, posibles fallas o cualquier operaci\u00f3n de mantenimiento necesaria para el buen funcionamiento del Sitio y sus servicios.<br \/>En cualquier caso, el Usuario reconoce tener la competencia y los medios necesarios para acceder y utilizar el Sitio y sus servicios. A este respecto, el Usuario debe tener una computadora, un tel\u00e9fono m\u00f3vil, una tableta o cualquier otro dispositivo con conexi\u00f3n a internet, cuyas configuraciones permitan el buen funcionamiento del Sitio y sus servicios. <\/p>\n<p>En t\u00e9rminos generales, el Usuario declara conocer los riesgos asociados con la navegaci\u00f3n en sitios de internet y con el uso de servicios en l\u00ednea y los acepta. El Usuario reconoce especialmente que la informaci\u00f3n que se transmite o se almacena puede ser interceptada o alterada independientemente de la voluntad de Diabet&#8217;. <\/p>\n<p>En este sentido, se recomienda encarecidamente al Usuario que tome todas las precauciones necesarias para protegerse contra los efectos de posibles ataques inform\u00e1ticos, en particular adoptando una configuraci\u00f3n inform\u00e1tica segura y adaptada de su ordenador, tel\u00e9fono m\u00f3vil, tableta o cualquier otro dispositivo utilizado (por ejemplo, mediante la instalaci\u00f3n de un software de detecci\u00f3n de virus que se actualice regularmente).<\/p>\n<h2>Servicios ofrecidos en el sitio y protecci\u00f3n de datos<\/h2>\n<h3>Condiciones de acceso a los servicios ofrecidos en el Sitio<\/h3>\n<p>Para beneficiarse de los servicios propuestos en el Sitio, el Usuario debe:<\/p>\n<ul>\n<li>ser mayor de edad;<\/li>\n<li>tener la capacidad y la calidad requerida para beneficiarse de los servicios del Sitio ;<\/li>\n<li>utilizar el Sitio y sus servicios de acuerdo con estos T\u00e9rminos y Condiciones de Uso.<\/li>\n<\/ul>\n<p>Adem\u00e1s, el acceso a los servicios ofrecidos en el Sitio a veces implica completar los campos obligatorios del formulario asociado al servicio deseado (por ejemplo, cuestionario de pre-consulta, formulario de contacto, solicitud para una oferta de trabajo).<\/p>\n<p>El Usuario garantiza la veracidad y exactitud de la informaci\u00f3n proporcionada en este contexto. El Usuario se compromete en particular a no crear una falsa identidad que pueda inducir a error a Diabet&#8217; o a terceros y a no usurpar la identidad de otra persona f\u00edsica. En el caso de que el Usuario proporcione informaci\u00f3n falsa, inexacta, obsoleta, incompleta, enga\u00f1osa o de naturaleza que pueda inducir a error, Diabet&#8217; podr\u00e1, inmediatamente y sin previo aviso ni indemnizaci\u00f3n, denegarle el acceso, de manera temporal o permanente, a todo o parte del Sitio y de sus servicios.  <\/p>\n<p>Se informa y acepta el Usuario que sus datos personales sean comunicados al m\u00e9dico o profesional de la salud que ejerza en el centro Diabet&#8217; (el \u00ab<b>Profesional de Salud<\/b>\u00ab) con quien reserva una consulta, as\u00ed como a todos los proveedores de servicios inform\u00e1ticos de Diabet&#8217; cuya intervenci\u00f3n sea necesaria para la correcta realizaci\u00f3n de los servicios.<\/p>\n<p>Para obtener m\u00e1s informaci\u00f3n sobre el uso de sus datos personales por Diabet&#8217; y sobre c\u00f3mo ejercer sus derechos al respecto, se invita al Usuario a consultar la Pol\u00edtica de Confidencialidad.<\/p>\n<p>Para todo lo relacionado con las cookies, se invita al Usuario a consultar la <a href=\"https:\/\/diabet.fr\/cookies\/\">Pol\u00edtica de cookies<\/a>.<\/p>\n<h3>Servicios ofrecidos en el Sitio<\/h3>\n<p>Desde el Sitio, el Usuario puede:<\/p>\n<ul>\n<li>Acceder a la informaci\u00f3n disponible sobre Diabet&#8217; y el centro;<\/li>\n<li>Rellenar cuestionarios ;<\/li>\n<li>Programar una cita en l\u00ednea con un Profesional de la Salud a trav\u00e9s de la plataforma Doctolib, a la que redirige el Sitio;<\/li>\n<li>Contactar a Diabet\u2019 para cualquier solicitud de informaci\u00f3n ;<\/li>\n<li>Consulta las ofertas de empleo disponibles en Diabet&#8217; y post\u00falate si corresponde.<\/li>\n<\/ul>\n<h2>Obligaciones generales del usuario<\/h2>\n<p>El Usuario se proh\u00edbe especialmente:<\/p>\n<ul>\n<li>Usar el Sitio y sus servicios con fines comerciales, de prospecci\u00f3n, de solicitud o de publicidad;<\/li>\n<li>Cualquier comportamiento que pueda da\u00f1ar la integridad, el funcionamiento o la seguridad del sistema de informaci\u00f3n en la base del funcionamiento del Sitio y sus servicios;<\/li>\n<li>Cualquier intrusi\u00f3n o intento de intrusi\u00f3n en los sistemas de informaci\u00f3n de Diabet&#8217; ;<\/li>\n<li>Cualquier infracci\u00f3n o intento de infracci\u00f3n a las medidas de seguridad del Sitio;<\/li>\n<li>Cualquier recolecci\u00f3n, extracci\u00f3n o uso, de cualquier manera, de la informaci\u00f3n presente en el Sitio;<\/li>\n<li>Y, en general, cualquier acto que pueda da\u00f1ar los derechos e intereses de Diabet\u2019 o de terceros.<\/li>\n<\/ul>\n<p>En caso de incumplimiento de estos T\u00e9rminos y Condiciones Generales o de la normativa vigente, incluyendo cualquier uso no autorizado del Sitio y sus servicios detectado por Diabet&#8217;, esta \u00faltima se reserva el derecho de terminar la presente relaci\u00f3n contractual, de pleno derecho, sin previo aviso ni indemnizaci\u00f3n, as\u00ed como de bloquear cualquier acceso futuro del Usuario a todo o parte del Sitio y sus servicios.<\/p>\n<h2>Propiedad intelectual<\/h2>\n<p>El Sitio y todos los elementos que lo componen o que se ponen a disposici\u00f3n de los Usuarios, incluyendo el cuestionario de pre-consulta, las marcas, logotipos, fotograf\u00edas, programas, c\u00f3digos fuente, c\u00f3digos objeto, datos, base de datos, im\u00e1genes animadas o no, sonidos, dibujos, gr\u00e1ficos, v\u00eddeos, textos, disposici\u00f3n, apariencia, estructura, as\u00ed como cualquier otro elemento no relacionado con enlaces hipertexto a sitios de terceros, son propiedad de Diabet&#8217; o est\u00e1n sujetos a una licencia otorgada en su beneficio por cualquier titular de derechos de propiedad intelectual.<\/p>\n<p>Todos estos elementos est\u00e1n sujetos a las disposiciones de la regulaci\u00f3n francesa e internacional aplicable en materia de propiedad intelectual, en particular el c\u00f3digo de propiedad intelectual y, por lo tanto, est\u00e1n protegidos contra cualquier uso no autorizado por la ley o los presentes T\u00e9rminos de Uso, bajo pena &#8211; en caso de incumplimiento &#8211; de acciones judiciales.<\/p>\n<p>Diabet&#8217; otorga al Usuario, de manera personal, no exclusiva y gratuita, un derecho de consulta y uso del Sitio y sus servicios para su propio uso y estrictamente dentro del marco de las operaciones autorizadas en virtud de los presentes TCG.<\/p>\n<p>Sujeto a los derechos de uso otorgados al Usuario por Diabet&#8217;, el uso del Sitio y sus servicios no implica ninguna licencia, ni ninguna cesi\u00f3n de los derechos correspondientes a los elementos del Sitio en beneficio del Usuario. En particular, cualquier copia, reproducci\u00f3n, representaci\u00f3n, adaptaci\u00f3n, modificaci\u00f3n, difusi\u00f3n total o parcial del Sitio, as\u00ed como de todo o parte de su contenido, por cualquier medio y en cualquier soporte, es il\u00edcita salvo autorizaci\u00f3n previa, expresa y escrita de Diabet&#8217; o del titular de los derechos de propiedad intelectual. <\/p>\n<p>El incumplimiento de estas estipulaciones, especialmente con fines comerciales, podr\u00eda dar lugar a acciones legales por infracci\u00f3n y\/o competencia desleal y\/o parasitismo por parte de los titulares de los derechos en cuesti\u00f3n. Esto no perjudica los otros derechos de Diabet&#8217;, especialmente el derecho a obtener una indemnizaci\u00f3n por los da\u00f1os sufridos. <\/p>\n<h2>Responsabilidad<\/h2>\n<p>El sitio se proporciona al usuario de forma gratuita. Aunque Diabet&#8217; se esfuerza por proporcionar un sitio confiable, Diabet&#8217; no garantiza que est\u00e9 libre de errores, inexactitudes u omisiones, per\u00edodos de indisponibilidad, fallas o defectos. Adem\u00e1s, Diabet&#8217; no garantiza la exactitud, la calidad, la legalidad o la idoneidad para un uso particular del sitio, los servicios que se ofrecen y los contenidos que se publican en \u00e9l. En consecuencia, el usuario reconoce que utiliza el sitio, los servicios ofrecidos y los contenidos que se publican bajo su exclusiva responsabilidad.   <\/p>\n<p>En particular, Diabet&#8217; no podr\u00e1 ser considerada responsable por el Usuario en ning\u00fan caso en caso de error en la entrada de sus datos, especialmente en relaci\u00f3n con la introducci\u00f3n de su n\u00famero de tel\u00e9fono.<\/p>\n<p>Diabet\u2019 llama la atenci\u00f3n del Usuario sobre el hecho de que no garantiza de ninguna manera la disponibilidad del Profesional de la Salud para una consulta. Diabet\u2019 act\u00faa solo como intermediario entre el Usuario y el Profesional de la Salud. Diabet\u2019 no puede ser considerada responsable en ning\u00fan caso por la no disponibilidad de un Profesional de la Salud para una consulta. Cualquier posible disputa que pueda surgir entre el Usuario y el Profesional de la Salud deber\u00e1 ser tratada directamente entre dicho Usuario y el Profesional de la Salud.   <\/p>\n<p>En ning\u00fan caso la informaci\u00f3n disponible en el Sitio puede reemplazar la opini\u00f3n y el diagn\u00f3stico de un profesional de la salud, ni evitar una consulta m\u00e9dica si es necesario. Cualquier decisi\u00f3n tomada a partir de la informaci\u00f3n disponible en el Sitio ser\u00e1 \u00fanicamente responsabilidad de su autor, por lo tanto Diabet&#8217; no es en ning\u00fan caso responsable de estas decisiones, de forma directa o indirecta, ni de los da\u00f1os, directos o indirectos, que pudieran derivarse de ello. <\/p>\n<p>El sitio presenta, entre otras cosas, las tarifas o rangos de tarifas que los profesionales de la salud del consultorio m\u00e9dico aplican, as\u00ed como la tarifa de reembolso vigente por el seguro de enfermedad correspondiente a los servicios ofrecidos. Se informa al Usuario que el precio final del servicio de atenci\u00f3n puede variar seg\u00fan el tipo de consulta que se realice en realidad y que esta informaci\u00f3n se proporciona, por lo tanto, solo con fines informativos. <\/p>\n<p>Adem\u00e1s, Diabet&#8217; no podr\u00eda ser considerada responsable de los da\u00f1os directos o indirectos que pudieran resultar:<\/p>\n<ul>\n<li>De cualquier mal funcionamiento o contaminaci\u00f3n del ordenador, tel\u00e9fono m\u00f3vil, tableta o cualquier otro equipo utilizado por el Usuario durante o despu\u00e9s de navegar por el Sitio, imposibilidad de acceso o malas condiciones de uso atribuibles a estos equipos, al proveedor de acceso a Internet, a la congesti\u00f3n de la red de Internet, o a cualquier otra raz\u00f3n exterior a Diabet&#8217; ;<\/li>\n<li>Los costos de comunicaciones electr\u00f3nicas o telef\u00f3nicas que conlleva el uso de estos equipos y que son responsabilidad exclusiva del Usuario y no ser\u00e1n asumidos por Diabet&#8217; ;<\/li>\n<li>De cualquier interrupci\u00f3n, temporal o permanente, de todas o algunas de las funciones del Sitio, especialmente en caso de mantenimiento, modificaci\u00f3n o actualizaci\u00f3n del Sitio, en caso de incidente t\u00e9cnico y, en general, en caso de un evento externo fuera del control de Diabet\u2019 ;<\/li>\n<li>De cualquier consecuencia que pueda surgir de los contenidos de los sitios web de terceros a los que se refieren los enlaces hipertexto que pueden estar presentes en el Sitio;<\/li>\n<li>Posibles da\u00f1os indirectos que puedan sufrir el Usuario;<\/li>\n<li>De cualquier da\u00f1o sufrido por el Usuario o un tercero que resulte de un uso del Sitio no conforme con estos TCU;<\/li>\n<li>De cualquier incumplimiento de las obligaciones previstas en estos T\u00e9rminos y Condiciones que ser\u00eda debido o encontrar\u00eda su origen en un caso fortuito o un caso de fuerza mayor tal como est\u00e1 definido por el art\u00edculo 1218 del c\u00f3digo civil.<\/li>\n<\/ul>\n<p>En el supuesto de que Diabet&#8217; fuera considerada responsable de un da\u00f1o no previsto en este art\u00edculo, su responsabilidad se limitar\u00e1 a los da\u00f1os ciertos, reales y directos.<\/p>\n<p>Posteriormente, en ning\u00fan caso Diabet&#8217;, sus representantes y sus socios podr\u00edan ser considerados responsables de los da\u00f1os indirectos derivados del uso del Sitio, de los servicios que se ofrecen en \u00e9l, as\u00ed como de los contenidos que se publican en \u00e9l, y en particular de la p\u00e9rdida de beneficios, de la p\u00e9rdida de ganancias, de la p\u00e9rdida de oportunidades o de los da\u00f1os derivados de la p\u00e9rdida de datos causada por la imposibilidad de utilizar el Sitio y sus servicios.<\/p>\n<h2>Modificaci\u00f3n<\/h2>\n<p>Las presentes CGU est\u00e1n fechadas de manera precisa y podr\u00e1n ser modificadas y actualizadas por Diabet en cualquier momento, especialmente en caso de evoluci\u00f3n del Sitio o de la regulaci\u00f3n aplicable.<\/p>\n<p>Las CGU aplicables son las que se publican en el Sitio en el momento del acceso al Sitio por el Usuario. Por lo tanto, se invita al Usuario a consultar las CGU cada vez que acceda nuevamente al Sitio. <\/p>\n<p>La presente versi\u00f3n de los TCG reemplaza todas las versiones anteriores.<\/p>\n<h2>Cese del sitio<\/h2>\n<p>Diabet&#8217; se reserva el derecho de interrumpir, temporal o permanentemente, el acceso a todo o parte del sitio o los servicios que se ofrecen en \u00e9l, especialmente en caso de cese de la actividad relacionada con la disponibilidad del sitio o en caso de procedimiento colectivo.<\/p>\n<h2>Cesi\u00f3n<\/h2>\n<p>Con sujeto a la ley aplicable, el Usuario consiente que estos T\u00e9rminos de Uso que lo vinculan a Diabet&#8217; pueden ser cedidos, transferidos o aportados, de cualquier manera. En el caso de la transferencia de la empresa a un tercero, estos T\u00e9rminos de Uso que vinculan al Usuario con Diabet&#8217; se transferir\u00e1n autom\u00e1ticamente al cesionario. <\/p>\n<h2>Enlaces hipertexto<\/h2>\n<p>El sitio puede incluir enlaces de hipertexto a sitios o fuentes externas, que no sean los editados por Diabet&#8217;. En la medida en que Diabet&#8217; no puede controlar estos sitios y fuentes externas, Diabet&#8217; no puede ser considerada responsable de la disponibilidad de estos sitios y fuentes externas, y rechaza cualquier responsabilidad con respecto a los contenidos, publicidad, productos, servicios o cualquier otro material disponible en o desde estos sitios o fuentes externas. Adem\u00e1s, la decisi\u00f3n de activar los enlaces de hipertexto corresponde exclusivamente al Usuario.  <\/p>\n<p>Diabet\u2019 recuerda al Usuario que los sitios o fuentes externas no afiliados est\u00e1n sujetos a sus propias condiciones generales de uso.<\/p>\n<p>Si el Usuario desea crear un enlace hipertexto que remita al Sitio, debe obtener la autorizaci\u00f3n escrita y previa de Diabet&#8217; enviando un correo electr\u00f3nico a la siguiente direcci\u00f3n: webmaster@diabet.fr.<\/p>\n<p>Diabet&#8217; puede, a su entera discreci\u00f3n, aceptar o rechazar cualquier solicitud que se le haga a tal efecto. Diabet&#8217; no tiene ninguna obligaci\u00f3n de aceptar tal solicitud, ni de proporcionar ninguna raz\u00f3n para rechazar tal solicitud en su caso. <\/p>\n<h2>Validez de los T\u00e9rminos y Condiciones de Uso<\/h2>\n<p>Cada uno de los art\u00edculos de estos T\u00e9rminos y Condiciones de Uso se aplica por separado. Cualquier cambio en la regulaci\u00f3n vigente, o cualquier decisi\u00f3n de un tribunal o autoridad competente que invalide uno o m\u00e1s art\u00edculos de estos T\u00e9rminos y Condiciones de Uso no puede afectar la validez del conjunto de los T\u00e9rminos y Condiciones de Uso. Tal modificaci\u00f3n o decisi\u00f3n no autoriza en ning\u00fan caso al Usuario a ignorar las disposiciones v\u00e1lidas de estos T\u00e9rminos y Condiciones de Uso.  <\/p>\n<h2>Lengua<\/h2>\n<p>Las presentes CGU est\u00e1n redactadas en lengua francesa. En caso de que se traduzcan a uno o m\u00e1s idiomas, solo el texto franc\u00e9s prevalecer\u00e1 en caso de disputa. <\/p>\n<h2>Ley aplicable \/ Atribuci\u00f3n de jurisdicci\u00f3n<\/h2>\n<p>Las presentes CGU y las operaciones que de ellas derivan se rigen, se interpretan y se aplican de acuerdo con la ley francesa.<\/p>\n<p>En caso de discrepancia relacionada con su interpretaci\u00f3n o ejecuci\u00f3n, Diabet&#8217; y el Usuario buscar\u00e1n, antes de cualquier acci\u00f3n contenciosa, un acuerdo amigable y se comunicar\u00e1n para este prop\u00f3sito todos los elementos de informaci\u00f3n necesarios.<\/p>\n<p>En ausencia de un acuerdo amistoso entre Diabet&#8217; y el Usuario dentro de un plazo de dos (2) meses a partir de la notificaci\u00f3n del conflicto a la otra parte, se otorga competencia expresa a los tribunales de Par\u00eds.<\/p>\n\t\t\t\t\t\t\t\t<\/div>\n\t\t\t\t\t<\/div>\n\t\t\t\t<\/div>\n\t\t\t\t<\/div>\n\t\t","protected":false},"excerpt":{"rendered":"<p>Diabet&#039; Conditions G\u00e9n\u00e9rales d&#8217;Utilisation El sitio web diabet.fr (el \u00ab Sitio \u00bb), editado por la sociedad Liver Holding (Diabet&#8217;) (\u00ab Diabet\u2019 \u00bb o \u00ab nosotros \u00bb), presenta las actividades del consultorio m\u00e9dico dedicado a la diabetes Diabet\u2019.El acceso, la consulta, la navegaci\u00f3n y\/o el uso del Sitio y sus servicios implica la aceptaci\u00f3n plena e [&hellip;]<\/p>\n","protected":false},"author":1,"featured_media":0,"parent":0,"menu_order":80,"comment_status":"closed","ping_status":"closed","template":"","meta":{"_acf_changed":false,"_lmt_disableupdate":"","_lmt_disable":"","footnotes":""},"tags":[4],"folder":[101],"class_list":["post-18260","page","type-page","status-publish","hentry","tag-legal"],"acf":[],"_links":{"self":[{"href":"https:\/\/diabet.fr\/es\/wp-json\/wp\/v2\/pages\/18260","targetHints":{"allow":["GET"]}}],"collection":[{"href":"https:\/\/diabet.fr\/es\/wp-json\/wp\/v2\/pages"}],"about":[{"href":"https:\/\/diabet.fr\/es\/wp-json\/wp\/v2\/types\/page"}],"author":[{"embeddable":true,"href":"https:\/\/diabet.fr\/es\/wp-json\/wp\/v2\/users\/1"}],"replies":[{"embeddable":true,"href":"https:\/\/diabet.fr\/es\/wp-json\/wp\/v2\/comments?post=18260"}],"version-history":[{"count":0,"href":"https:\/\/diabet.fr\/es\/wp-json\/wp\/v2\/pages\/18260\/revisions"}],"wp:attachment":[{"href":"https:\/\/diabet.fr\/es\/wp-json\/wp\/v2\/media?parent=18260"}],"wp:term":[{"taxonomy":"post_tag","embeddable":true,"href":"https:\/\/diabet.fr\/es\/wp-json\/wp\/v2\/tags?post=18260"},{"taxonomy":"folder","embeddable":true,"href":"https:\/\/diabet.fr\/es\/wp-json\/wp\/v2\/folder?post=18260"}],"curies":[{"name":"wp","href":"https:\/\/api.w.org\/{rel}","templated":true}]}}