{"id":18332,"date":"2023-11-19T13:42:19","date_gmt":"2023-11-19T12:42:19","guid":{"rendered":"https:\/\/diabet.fr\/cookie-richtlinie\/"},"modified":"2026-02-07T15:10:09","modified_gmt":"2026-02-07T14:10:09","slug":"cookie-richtlinie","status":"publish","type":"page","link":"https:\/\/diabet.fr\/de\/cookie-richtlinie\/","title":{"rendered":"Cookie-Richtlinie"},"content":{"rendered":"\t\t<div data-elementor-type=\"wp-page\" data-elementor-id=\"18332\" class=\"elementor elementor-18332 elementor-159\" data-elementor-post-type=\"page\">\n\t\t\t\t<section class=\"elementor-element elementor-element-638cbcc e-con-full e-flex e-con e-parent\" data-id=\"638cbcc\" data-element_type=\"container\" data-e-type=\"container\">\n\t\t<div class=\"elementor-element elementor-element-5f41e02 e-con-full e-flex e-con e-child\" data-id=\"5f41e02\" data-element_type=\"container\" data-e-type=\"container\" data-settings=\"{&quot;background_background&quot;:&quot;classic&quot;}\">\n\t\t\t\t<div class=\"elementor-element elementor-element-7fd30e0 elementor-align-center elementor-widget elementor-widget-breadcrumbs\" data-id=\"7fd30e0\" data-element_type=\"widget\" data-e-type=\"widget\" data-widget_type=\"breadcrumbs.default\">\n\t\t\t\t<div class=\"elementor-widget-container\">\n\t\t\t\t\t<nav aria-label=\"breadcrumbs\" class=\"rank-math-breadcrumb\"><p><span class=\"last\">Diabet&#039;<\/span><\/p><\/nav>\t\t\t\t<\/div>\n\t\t\t\t<\/div>\n\t\t\t\t<div class=\"elementor-element elementor-element-7454ace elementor-widget elementor-widget-heading\" data-id=\"7454ace\" data-element_type=\"widget\" data-e-type=\"widget\" data-widget_type=\"heading.default\">\n\t\t\t\t\t<h1 class=\"elementor-heading-title elementor-size-default\"><span class=\"color-mauve\">Richtlinie zu <\/span>Cookies<\/h1>\t\t\t\t<\/div>\n\t\t\t\t<\/div>\n\t\t\t\t<\/section>\n\t\t<main class=\"elementor-element elementor-element-6c84584 e-flex e-con-boxed e-con e-parent\" data-id=\"6c84584\" data-element_type=\"container\" data-e-type=\"container\">\n\t\t\t\t\t<div class=\"e-con-inner\">\n\t\t\t\t<div class=\"elementor-element elementor-element-f50c015 elementor-widget elementor-widget-text-editor\" data-id=\"f50c015\" data-element_type=\"widget\" data-e-type=\"widget\" data-widget_type=\"text-editor.default\">\n\t\t\t\t\t\t\t\t\t<h2>Was ist der Nutzen dieser Politik?<\/h2>\n<p><b>Diabet\u2019, der die Website diabet.fr verwaltet, legt gro\u00dfen Wert auf die Vertraulichkeit Ihrer Daten, die f\u00fcr uns ein Zeichen von Seriosit\u00e4t und Vertrauen darstellt, unabh\u00e4ngig davon, ob es sich um Cookies oder pers\u00f6nliche Daten handelt.<\/b> Die <b>Cookies<\/b>-Richtlinie soll Ihnen erkl\u00e4ren, warum wir Cookies sowie andere Arten von <b>Trackern<\/b> verwenden, w\u00e4hrend Sie auf unserer Website diabet.fr surfen. Diese Cookies-Richtlinie betrifft jedoch nur die Verfahren im Zusammenhang mit dem <b>Setzen von Cookies und Trackern<\/b>. F\u00fcr andere Verfahren, die wir durchf\u00fchren, bitten wir Sie, unsere <b>Datenschutzrichtlinie<\/b> zu konsultieren, <b>die jederzeit<\/b> auf unserer Website diabet.fr zug\u00e4nglich ist.  <\/p>\n<h2>Was ist ein Cookie und welchen Nutzen hat er?<\/h2>\n<p>Cookies und andere Tracker sind <b>kleine &#8222;Text&#8220;-Dateien<\/b>, die von einem Server auf Ihrem <b>Smartphone, Tablet oder Computer<\/b> platziert und gehostet werden, wenn Sie eine Internetseite besuchen. Cookies <b>erm\u00f6glichen es nicht, Sie pers\u00f6nlich zu identifizieren<\/b>, sondern identifizieren Ihr Terminal (z. B. Smartphone, Tablet usw.) \u00fcber Ihre IP-Adresse sowie verschiedene Informationen, die mit Ihrem Surfverhalten verbunden sind (z. B. Surfzeit, besuchte Seiten usw.), um: <\/p>\n<ul>\n<li>Merken Sie sich Ihre Identifikation, damit Sie bei der erneuten Anmeldung auf einer Website erkannt werden und Ihre Auswahl beibehalten wird (z.B.: Sprachen, Ablehnung von Cookies, Ihren Warenkorb behalten usw.).<\/li>\n<li>Verfolgen und analysieren Sie die Nutzung einer Website zu statistischen Zwecken, um Ihre Erfahrung zu verbessern und Ihnen einen auf Ihre Bed\u00fcrfnisse zugeschnittenen Service anzubieten.<\/li>\n<li>Erm\u00f6glichen Sie das Surfen und die Nutzung einer Website unter optimalen Bedingungen.<\/li>\n<li>Analysieren Sie die Nutzung, die Sie einer Website machen, um Ihnen auf dieser Website oder auf anderen Websites gezielte Werbung anzubieten, die Ihren Bed\u00fcrfnissen entspricht.<\/li>\n<\/ul>\n<p>F\u00fcr weitere Informationen zu diesem Thema k\u00f6nnen Sie die folgenden Websites besuchen: www.cnil.fr, www.allaboutcookies.org und www.youronlinechoices.eu.<\/p>\n<h2>Warum verwenden wir \u201eCookies\u201c und wie lange?<\/h2>\n<p>Wenn Sie sich auf unserer Website diabet.fr anmelden, sind wir verpflichtet, Cookies auf Ihrem Endger\u00e4t <b>ausschlie\u00dflich<\/b> aus den <b>folgenden Gr\u00fcnden und Grundlagen<\/b> abzulegen:<\/p>\n<ul>\n<li><b>Technische Cookies<\/b> die es erm\u00f6glichen, unsere Seite diabet.fr sicher zu nutzen, basierend auf unserem berechtigten Interesse, Ihnen eine qualitativ hochwertige Internetseite anzubieten.<\/li>\n<li><b>Technische Cookies<\/b>, die es erm\u00f6glichen, die auf unserer Seite diabet.fr ausgestrahlten Videos auf der Grundlage Ihrer vorherigen Zustimmung abzuspielen. <\/li>\n<li><b>Statistische Cookies<\/b>, die es erm\u00f6glichen, die Nutzung unserer Website zu verstehen (z. B. die Verweildauer auf einer Seite, aufgerufene Seiten usw.) auf der Grundlage Ihrer vorherigen Zustimmung, um Ihnen einen angepassten und qualitativ hochwertigen Dienst anzubieten.<\/li>\n<li><b>Statistische Cookies<\/b> werden von der <b>CNIL als vollst\u00e4ndig konform mit der DSGVO anerkannt<\/b> und sind daher <b>von der Einwilligung befreit<\/b>. Diese statistischen Cookies erm\u00f6glichen es uns, die Nutzung unserer Website diabet.fr (z. B.: Verweildauer auf einer Seite, aufgerufene Seiten usw.) zu verstehen, basierend auf unserem berechtigten Interesse, Ihnen einen angepassten und qualitativ hochwertigen Service anzubieten. <\/li>\n<\/ul>\n<p>In allen F\u00e4llen werden die hinterlegten Cookies, unabh\u00e4ngig von ihrer Art, f\u00fcr eine <b>maximale Dauer von 13 Monaten<\/b> ab dem Zeitpunkt ihrer Installation aufbewahrt und erneuern sich nur bei einer neuen Verbindung zu unserer Website nach Ablauf dieser Frist. Wenn Sie weitere Informationen zu den Nutzungsdauern unserer Cookies w\u00fcnschen, z\u00f6gern Sie nicht, uns unter webmaster@diabet.fr zu kontaktieren. <\/p>\n<h2>Welche Kontrolle haben Sie \u00fcber diese &#8222;Cookies&#8220;?<\/h2>\n<p>Sie k\u00f6nnen sich nicht <b>gegen das Setzen von technischen Cookies<\/b> wehren, da diese f\u00fcr das ordnungsgem\u00e4\u00dfe Funktionieren unserer Website notwendig sind, andernfalls w\u00e4re sie m\u00f6glicherweise nicht nutzbar. Wie bereits erw\u00e4hnt, gilt diese Ausnahme nicht f\u00fcr die technischen Cookies, die auf Ihrem Endger\u00e4t gesetzt werden, um <b>Videos<\/b> abzuspielen. In diesem speziellen Fall ist das Setzen von Cookies nur m\u00f6glich, wenn Sie zuvor <b>zugestimmt haben<\/b>. Dar\u00fcber hinaus verwenden wir, wie bereits erl\u00e4utert, auch statistische Cookies, die die <b>CNIL<\/b> als <b>ausreichend sch\u00fctzend<\/b> betrachtet, sodass wir keine vorherige Zustimmung ben\u00f6tigen, um sie legal verwenden zu k\u00f6nnen. F\u00fcr weitere Informationen zu diesem Thema k\u00f6nnen Sie die entsprechende Seite der CNIL besuchen, die <a href=\"https:\/\/www.cnil.fr\/fr\/cookies-et-autres-traceurs\/regles\/cookies-solutions-pour-les-outils-de-mesure-daudience\" target=\"_blank\" rel=\"noopener\"><b>hier<\/b><\/a> zug\u00e4nglich ist. Dar\u00fcber hinaus haben Sie nat\u00fcrlich das Recht, <b>Ihre Zustimmung zu verweigern oder zu widerrufen<\/b>, dass alle anderen Arten von Cookies auf Ihrem Endger\u00e4t installiert werden. Das Recht, Cookies abzulehnen, kann jederzeit \u00fcber unser Cookie-Banner ausge\u00fcbt werden.       In der Hypothese wo das Banner Cookies nicht mehr angezeigt wird, k\u00f6nnen Sie auch die Cookies direkt in Ihrem Browser gem\u00e4\u00df den folgenden Anweisungen: <a href=\"https:\/\/support.google.com\/chrome\/answer\/95647?hl=fr&amp;hlrm=en%20%22Chrome%22\" target=\"_blank\" rel=\"noopener\"><b>Chrome<\/b><\/a>, <a href=\"https:\/\/support.google.com\/chrome\/answer\/95647?hl=fr&amp;hlrm=en%20%22Chrome%22\" target=\"_blank\" rel=\"noopener\"><b>Microsoft Edge<\/b><\/a>, <a href=\"https:\/\/support.google.com\/chrome\/answer\/95647?hl=fr&amp;hlrm=en%20%22Chrome%22\" target=\"_blank\" rel=\"noopener\"><b>Safari<\/b><\/a>, <a href=\"https:\/\/support.google.com\/chrome\/answer\/95647?hl=fr&amp;hlrm=en%20%22Chrome%22\" target=\"_blank\" rel=\"noopener\"><b>Firefox<\/b><\/a> und <a href=\"https:\/\/support.google.com\/chrome\/answer\/95647?hl=fr&amp;hlrm=en%20%22Chrome%22\" target=\"_blank\" rel=\"noopener\"><b>Opera<\/b><\/a>.<\/p>\n<h2>Wer k\u00f6nnen Sie f\u00fcr weitere Informationen kontaktieren?<\/h2>\n<p>Sie k\u00f6nnen jederzeit und kostenlos unseren Webmaster unter der Adresse webmaster@diabet.fr kontaktieren, um weitere Informationen oder Details dar\u00fcber zu erhalten, wie wir Ihre Daten verarbeiten.<\/p>\n<h2>Wie k\u00f6nnen Sie die CNIL kontaktieren?<\/h2>\n<p>Sie k\u00f6nnen jederzeit die <b>\u201cNationale Kommission f\u00fcr Informationstechnologie und Freiheitsrechte\u201d<\/b> oder <b>\u201cCNIL\u201d<\/b> unter folgenden Kontaktdaten erreichen: CNIL-Beschwerdedienst, 3 Place de Fontenoy &#8211; TSA 80751, 75334 Paris Cedex 07 oder telefonisch unter 01.53.73.22.22.<\/p>\n<h2>Kann die Politik ge\u00e4ndert werden?<\/h2>\n<p>Wir k\u00f6nnen unsere Cookie-Richtlinie jederzeit \u00e4ndern, um sie an neue gesetzliche Anforderungen sowie an neue Verfahren, die wir in Zukunft umsetzen k\u00f6nnten, anzupassen. Sie werden selbstverst\u00e4ndlich \u00fcber jede \u00c4nderung dieser Richtlinie informiert. <\/p>\n\t\t\t\t\t\t\t\t<\/div>\n\t\t\t\t\t<\/div>\n\t\t\t\t<\/main>\n\t\t\t\t<\/div>\n\t\t","protected":false},"excerpt":{"rendered":"<p>Diabet&#039; Richtlinie zu Cookies Was ist der Nutzen dieser Politik? Diabet\u2019, der die Website diabet.fr verwaltet, legt gro\u00dfen Wert auf die Vertraulichkeit Ihrer Daten, die f\u00fcr uns ein Zeichen von Seriosit\u00e4t und Vertrauen darstellt, unabh\u00e4ngig davon, ob es sich um Cookies oder pers\u00f6nliche Daten handelt. Die Cookies-Richtlinie soll Ihnen erkl\u00e4ren, warum wir Cookies sowie andere [&hellip;]<\/p>\n","protected":false},"author":1,"featured_media":0,"parent":0,"menu_order":85,"comment_status":"closed","ping_status":"closed","template":"","meta":{"_acf_changed":false,"_lmt_disableupdate":"","_lmt_disable":"","footnotes":""},"tags":[4],"folder":[101],"class_list":["post-18332","page","type-page","status-publish","hentry","tag-legal"],"acf":[],"_links":{"self":[{"href":"https:\/\/diabet.fr\/de\/wp-json\/wp\/v2\/pages\/18332","targetHints":{"allow":["GET"]}}],"collection":[{"href":"https:\/\/diabet.fr\/de\/wp-json\/wp\/v2\/pages"}],"about":[{"href":"https:\/\/diabet.fr\/de\/wp-json\/wp\/v2\/types\/page"}],"author":[{"embeddable":true,"href":"https:\/\/diabet.fr\/de\/wp-json\/wp\/v2\/users\/1"}],"replies":[{"embeddable":true,"href":"https:\/\/diabet.fr\/de\/wp-json\/wp\/v2\/comments?post=18332"}],"version-history":[{"count":0,"href":"https:\/\/diabet.fr\/de\/wp-json\/wp\/v2\/pages\/18332\/revisions"}],"wp:attachment":[{"href":"https:\/\/diabet.fr\/de\/wp-json\/wp\/v2\/media?parent=18332"}],"wp:term":[{"taxonomy":"post_tag","embeddable":true,"href":"https:\/\/diabet.fr\/de\/wp-json\/wp\/v2\/tags?post=18332"},{"taxonomy":"folder","embeddable":true,"href":"https:\/\/diabet.fr\/de\/wp-json\/wp\/v2\/folder?post=18332"}],"curies":[{"name":"wp","href":"https:\/\/api.w.org\/{rel}","templated":true}]}}