{"id":18449,"date":"2023-11-19T13:39:48","date_gmt":"2023-11-19T12:39:48","guid":{"rendered":"https:\/\/diabet.fr\/centre\/"},"modified":"2026-05-14T11:59:18","modified_gmt":"2026-05-14T10:59:18","slug":"centre","status":"publish","type":"page","link":"https:\/\/diabet.fr\/da\/centre\/","title":{"rendered":"Centre"},"content":{"rendered":"\t\t<div data-elementor-type=\"wp-page\" data-elementor-id=\"18449\" class=\"elementor elementor-18449 elementor-153\" data-elementor-post-type=\"page\">\n\t\t\t\t<section class=\"elementor-element elementor-element-be4ace6 e-con-full e-flex e-con e-parent\" data-id=\"be4ace6\" data-element_type=\"container\" data-e-type=\"container\">\n\t\t<div class=\"elementor-element elementor-element-f9ace1b e-con-full e-flex e-con e-child\" data-id=\"f9ace1b\" data-element_type=\"container\" data-e-type=\"container\" data-settings=\"{&quot;background_background&quot;:&quot;classic&quot;}\">\n\t\t\t\t<div class=\"elementor-element elementor-element-df4764d elementor-align-left elementor-widget elementor-widget-breadcrumbs\" data-id=\"df4764d\" data-element_type=\"widget\" data-e-type=\"widget\" data-widget_type=\"breadcrumbs.default\">\n\t\t\t\t<div class=\"elementor-widget-container\">\n\t\t\t\t\t<nav aria-label=\"breadcrumbs\" class=\"rank-math-breadcrumb\"><p><span class=\"last\">Diabet&#039;<\/span><\/p><\/nav>\t\t\t\t<\/div>\n\t\t\t\t<\/div>\n\t\t\t\t<div class=\"elementor-element elementor-element-cab1fe2 elementor-widget elementor-widget-heading\" data-id=\"cab1fe2\" data-element_type=\"widget\" data-e-type=\"widget\" data-widget_type=\"heading.default\">\n\t\t\t\t\t<h1 class=\"elementor-heading-title elementor-size-default\"><span class=\"color-mauve\">Vores plan mod <\/span> diabetes<\/h1>\t\t\t\t<\/div>\n\t\t\t\t<\/div>\n\t\t<div class=\"elementor-element elementor-element-71e2a0e e-con-full e-flex e-con e-child\" data-id=\"71e2a0e\" data-element_type=\"container\" data-e-type=\"container\" data-no-lazy=\"\">\n\t\t\t\t<div class=\"elementor-element elementor-element-f9ce955 elementor-widget elementor-widget-image\" data-id=\"f9ce955\" data-element_type=\"widget\" data-e-type=\"widget\" data-widget_type=\"image.default\">\n\t\t\t\t\t\t\t\t\t\t\t\t\t\t\t<img fetchpriority=\"high\" decoding=\"async\" width=\"800\" height=\"533\" src=\"https:\/\/diabet.fr\/wp-content\/uploads\/nurse-injecting-insulin-in-diabetic-girl-belly-abdomen-close-up-of-young-girl-with-type-1-diabetes.webp\" class=\"attachment-large size-large wp-image-18429\" alt=\"centres diab\u00e9tologie\" srcset=\"https:\/\/diabet.fr\/wp-content\/uploads\/nurse-injecting-insulin-in-diabetic-girl-belly-abdomen-close-up-of-young-girl-with-type-1-diabetes.webp 2000w, https:\/\/diabet.fr\/wp-content\/uploads\/nurse-injecting-insulin-in-diabetic-girl-belly-abdomen-close-up-of-young-girl-with-type-1-diabetes-300x200.webp 300w, https:\/\/diabet.fr\/wp-content\/uploads\/nurse-injecting-insulin-in-diabetic-girl-belly-abdomen-close-up-of-young-girl-with-type-1-diabetes-768x512.webp 768w, https:\/\/diabet.fr\/wp-content\/uploads\/nurse-injecting-insulin-in-diabetic-girl-belly-abdomen-close-up-of-young-girl-with-type-1-diabetes-1536x1024.webp 1536w\" sizes=\"(max-width: 800px) 100vw, 800px\" title=\"\">\t\t\t\t\t\t\t\t\t\t\t\t\t\t\t<\/div>\n\t\t\t\t<\/div>\n\t\t\t\t<\/section>\n\t\t<div class=\"elementor-element elementor-element-ffbf8bc e-flex e-con-boxed e-con e-parent\" data-id=\"ffbf8bc\" data-element_type=\"container\" data-e-type=\"container\">\n\t\t\t\t\t<div class=\"e-con-inner\">\n\t\t<div class=\"elementor-element elementor-element-86cae45 e-flex e-con-boxed e-con e-child\" data-id=\"86cae45\" data-element_type=\"container\" data-e-type=\"container\">\n\t\t\t\t\t<div class=\"e-con-inner\">\n\t\t<div class=\"elementor-element elementor-element-430aa0d e-flex e-con-boxed e-con e-child\" data-id=\"430aa0d\" data-element_type=\"container\" data-e-type=\"container\">\n\t\t\t\t\t<div class=\"e-con-inner\">\n\t\t\t\t<div class=\"elementor-element elementor-element-071698c elementor-invisible elementor-widget elementor-widget-heading\" data-id=\"071698c\" data-element_type=\"widget\" data-e-type=\"widget\" data-settings=\"{&quot;_animation&quot;:&quot;fadeInUp&quot;}\" data-widget_type=\"heading.default\">\n\t\t\t\t\t<h2 class=\"elementor-heading-title elementor-size-default\">Vores <span class=\"color-violet\">medicinske projekt<\/span><\/h2>\t\t\t\t<\/div>\n\t\t\t\t\t<\/div>\n\t\t\t\t<\/div>\n\t\t<div class=\"elementor-element elementor-element-d609c63 e-flex e-con-boxed e-con e-child\" data-id=\"d609c63\" data-element_type=\"container\" data-e-type=\"container\">\n\t\t\t\t\t<div class=\"e-con-inner\">\n\t\t\t\t<div class=\"elementor-element elementor-element-b52a923 elementor-widget elementor-widget-text-editor\" data-id=\"b52a923\" data-element_type=\"widget\" data-e-type=\"widget\" data-widget_type=\"text-editor.default\">\n\t\t\t\t\t\t\t\t\t<p>Et tv\u00e6rfagligt team dedikeret til din behandling og forbedring af din livskvalitet.<\/p>\t\t\t\t\t\t\t\t<\/div>\n\t\t\t\t\t<\/div>\n\t\t\t\t<\/div>\n\t\t\t\t\t<\/div>\n\t\t\t\t<\/div>\n\t\t<div class=\"elementor-element elementor-element-b74754d e-con-full e-flex e-con e-child\" data-id=\"b74754d\" data-element_type=\"container\" data-e-type=\"container\">\n\t\t<div class=\"elementor-element elementor-element-2c54f80 e-con-full e-flex e-con e-child\" data-id=\"2c54f80\" data-element_type=\"container\" data-e-type=\"container\" data-settings=\"{&quot;background_background&quot;:&quot;classic&quot;}\">\n\t\t\t\t<\/div>\n\t\t<div class=\"elementor-element elementor-element-fbd909d e-con-full e-flex e-con e-child\" data-id=\"fbd909d\" data-element_type=\"container\" data-e-type=\"container\">\n\t\t<div class=\"elementor-element elementor-element-d6ecf3a e-con-full e-flex e-con e-child\" data-id=\"d6ecf3a\" data-element_type=\"container\" data-e-type=\"container\">\n\t\t<div class=\"elementor-element elementor-element-c78cca1 e-con-full e-flex e-con e-child\" data-id=\"c78cca1\" data-element_type=\"container\" data-e-type=\"container\" data-settings=\"{&quot;background_background&quot;:&quot;classic&quot;}\">\n\t\t\t\t<div class=\"elementor-element elementor-element-56da045 elementor-widget elementor-widget-heading\" data-id=\"56da045\" data-element_type=\"widget\" data-e-type=\"widget\" data-widget_type=\"heading.default\">\n\t\t\t\t\t<h3 class=\"elementor-heading-title elementor-size-default\">Forebyggelse<\/h3>\t\t\t\t<\/div>\n\t\t\t\t<div class=\"elementor-element elementor-element-5e2e723 elementor-widget elementor-widget-text-editor\" data-id=\"5e2e723\" data-element_type=\"widget\" data-e-type=\"widget\" data-widget_type=\"text-editor.default\">\n\t\t\t\t\t\t\t\t\t<p>Undg\u00e5 forv\u00e6rring af sygdommen og fremme en positiv tilgang gennem dedikerede konsultationer og koordinering af de forskellige specialister, der er involveret i din behandling.<\/p>\t\t\t\t\t\t\t\t<\/div>\n\t\t\t\t<\/div>\n\t\t\t\t<div class=\"elementor-element elementor-element-909148e elementor-widget elementor-widget-image\" data-id=\"909148e\" data-element_type=\"widget\" data-e-type=\"widget\" data-widget_type=\"image.default\">\n\t\t\t\t\t\t\t\t\t\t\t\t\t\t\t<img decoding=\"async\" width=\"800\" height=\"533\" src=\"https:\/\/diabet.fr\/wp-content\/uploads\/female-doctor-talking-to-senior-patient-during-medical-exam-at-the-clinic-.webp\" class=\"attachment-large size-large wp-image-15122 not-transparent\" alt=\"pr\u00e9vention en centre de diab\u00e9tologie\" srcset=\"https:\/\/diabet.fr\/wp-content\/uploads\/female-doctor-talking-to-senior-patient-during-medical-exam-at-the-clinic-.webp 2000w, https:\/\/diabet.fr\/wp-content\/uploads\/female-doctor-talking-to-senior-patient-during-medical-exam-at-the-clinic--300x200.webp 300w, https:\/\/diabet.fr\/wp-content\/uploads\/female-doctor-talking-to-senior-patient-during-medical-exam-at-the-clinic--768x512.webp 768w, https:\/\/diabet.fr\/wp-content\/uploads\/female-doctor-talking-to-senior-patient-during-medical-exam-at-the-clinic--1536x1024.webp 1536w\" sizes=\"(max-width: 800px) 100vw, 800px\" data-has-transparency=\"false\" data-dominant-color=\"a6aca8\" style=\"--dominant-color: #a6aca8\" title=\"\">\t\t\t\t\t\t\t\t\t\t\t\t\t\t\t<\/div>\n\t\t\t\t<\/div>\n\t\t\t\t<\/div>\n\t\t\t\t<\/div>\n\t\t<div class=\"elementor-element elementor-element-abd443d e-con-full e-flex e-con e-child\" data-id=\"abd443d\" data-element_type=\"container\" data-e-type=\"container\">\n\t\t<div class=\"elementor-element elementor-element-bd164e2 e-con-full e-flex e-con e-child\" data-id=\"bd164e2\" data-element_type=\"container\" data-e-type=\"container\">\n\t\t<div class=\"elementor-element elementor-element-2628609 e-con-full e-flex e-con e-child\" data-id=\"2628609\" data-element_type=\"container\" data-e-type=\"container\">\n\t\t<div class=\"elementor-element elementor-element-fc440d8 e-con-full e-flex e-con e-child\" data-id=\"fc440d8\" data-element_type=\"container\" data-e-type=\"container\" data-settings=\"{&quot;background_background&quot;:&quot;classic&quot;}\">\n\t\t\t\t<div class=\"elementor-element elementor-element-b2fddf3 elementor-widget elementor-widget-heading\" data-id=\"b2fddf3\" data-element_type=\"widget\" data-e-type=\"widget\" data-widget_type=\"heading.default\">\n\t\t\t\t\t<h3 class=\"elementor-heading-title elementor-size-default\">Uddannelse<\/h3>\t\t\t\t<\/div>\n\t\t\t\t<div class=\"elementor-element elementor-element-325b44b elementor-widget elementor-widget-text-editor\" data-id=\"325b44b\" data-element_type=\"widget\" data-e-type=\"widget\" data-widget_type=\"text-editor.default\">\n\t\t\t\t\t\t\t\t\t<p>Udvikle f\u00e6rdigheder, der er specifikke for behovene i sin sygdom, under sessioner med terapeutisk uddannelse, der er tilpasset de individuelle komplikationer og personlige behov.<\/p>\t\t\t\t\t\t\t\t<\/div>\n\t\t\t\t<\/div>\n\t\t\t\t<div class=\"elementor-element elementor-element-58e809d elementor-widget elementor-widget-image\" data-id=\"58e809d\" data-element_type=\"widget\" data-e-type=\"widget\" data-widget_type=\"image.default\">\n\t\t\t\t\t\t\t\t\t\t\t\t\t\t\t<img decoding=\"async\" width=\"800\" height=\"533\" src=\"https:\/\/diabet.fr\/wp-content\/uploads\/doctors-explaining-symptoms-and-treatment-to-patients-.webp\" class=\"attachment-large size-large wp-image-15123 not-transparent\" alt=\"\u00e9ducation du patient diab\u00e9tique\" srcset=\"https:\/\/diabet.fr\/wp-content\/uploads\/doctors-explaining-symptoms-and-treatment-to-patients-.webp 2000w, https:\/\/diabet.fr\/wp-content\/uploads\/doctors-explaining-symptoms-and-treatment-to-patients--300x200.webp 300w, https:\/\/diabet.fr\/wp-content\/uploads\/doctors-explaining-symptoms-and-treatment-to-patients--768x512.webp 768w, https:\/\/diabet.fr\/wp-content\/uploads\/doctors-explaining-symptoms-and-treatment-to-patients--1536x1024.webp 1536w\" sizes=\"(max-width: 800px) 100vw, 800px\" data-has-transparency=\"false\" data-dominant-color=\"6f6e6c\" style=\"--dominant-color: #6f6e6c\" title=\"\">\t\t\t\t\t\t\t\t\t\t\t\t\t\t\t<\/div>\n\t\t\t\t<\/div>\n\t\t\t\t<\/div>\n\t\t<div class=\"elementor-element elementor-element-0240316 e-con-full elementor-hidden-mobile e-flex e-con e-child\" data-id=\"0240316\" data-element_type=\"container\" data-e-type=\"container\" data-settings=\"{&quot;background_background&quot;:&quot;classic&quot;}\">\n\t\t\t\t<\/div>\n\t\t\t\t<\/div>\n\t\t<div class=\"elementor-element elementor-element-431f91a e-con-full e-flex e-con e-child\" data-id=\"431f91a\" data-element_type=\"container\" data-e-type=\"container\">\n\t\t<div class=\"elementor-element elementor-element-6bd78b0 e-con-full elementor-hidden-mobile e-flex e-con e-child\" data-id=\"6bd78b0\" data-element_type=\"container\" data-e-type=\"container\" data-settings=\"{&quot;background_background&quot;:&quot;classic&quot;}\">\n\t\t\t\t<\/div>\n\t\t<div class=\"elementor-element elementor-element-8b481e3 e-con-full e-flex e-con e-child\" data-id=\"8b481e3\" data-element_type=\"container\" data-e-type=\"container\">\n\t\t<div class=\"elementor-element elementor-element-939a8cf e-con-full e-flex e-con e-child\" data-id=\"939a8cf\" data-element_type=\"container\" data-e-type=\"container\">\n\t\t<div class=\"elementor-element elementor-element-4082b52 e-con-full e-flex e-con e-child\" data-id=\"4082b52\" data-element_type=\"container\" data-e-type=\"container\" data-settings=\"{&quot;background_background&quot;:&quot;classic&quot;}\">\n\t\t\t\t<div class=\"elementor-element elementor-element-c7348c1 elementor-widget elementor-widget-heading\" data-id=\"c7348c1\" data-element_type=\"widget\" data-e-type=\"widget\" data-widget_type=\"heading.default\">\n\t\t\t\t\t<h3 class=\"elementor-heading-title elementor-size-default\">Overv\u00e5gning<\/h3>\t\t\t\t<\/div>\n\t\t\t\t<div class=\"elementor-element elementor-element-ed5eb85 elementor-widget elementor-widget-text-editor\" data-id=\"ed5eb85\" data-element_type=\"widget\" data-e-type=\"widget\" data-widget_type=\"text-editor.default\">\n\t\t\t\t\t\t\t\t\t<p>Undg\u00e5 tilbagefald, forebyg ubalancer og komplikationer ved brug af teleoverv\u00e5gning og tilg\u00e6ngeligheden af vores team.<\/p>\t\t\t\t\t\t\t\t<\/div>\n\t\t\t\t<\/div>\n\t\t\t\t<div class=\"elementor-element elementor-element-1b5e786 elementor-widget elementor-widget-image\" data-id=\"1b5e786\" data-element_type=\"widget\" data-e-type=\"widget\" data-widget_type=\"image.default\">\n\t\t\t\t\t\t\t\t\t\t\t\t\t\t\t<img loading=\"lazy\" decoding=\"async\" width=\"800\" height=\"533\" src=\"https:\/\/diabet.fr\/wp-content\/uploads\/female-doctor-working-on-computer-in-the-hospital-.webp\" class=\"attachment-large size-large wp-image-15125 not-transparent\" alt=\"telesurveillance du diab\u00e8te\" srcset=\"https:\/\/diabet.fr\/wp-content\/uploads\/female-doctor-working-on-computer-in-the-hospital-.webp 2000w, https:\/\/diabet.fr\/wp-content\/uploads\/female-doctor-working-on-computer-in-the-hospital--300x200.webp 300w, https:\/\/diabet.fr\/wp-content\/uploads\/female-doctor-working-on-computer-in-the-hospital--768x512.webp 768w, https:\/\/diabet.fr\/wp-content\/uploads\/female-doctor-working-on-computer-in-the-hospital--1536x1024.webp 1536w\" sizes=\"(max-width: 800px) 100vw, 800px\" data-has-transparency=\"false\" data-dominant-color=\"807d7d\" style=\"--dominant-color: #807d7d\" title=\"\">\t\t\t\t\t\t\t\t\t\t\t\t\t\t\t<\/div>\n\t\t\t\t<\/div>\n\t\t\t\t<\/div>\n\t\t\t\t<\/div>\n\t\t<div class=\"elementor-element elementor-element-95a6ae7 e-con-full e-flex e-con e-child\" data-id=\"95a6ae7\" data-element_type=\"container\" data-e-type=\"container\">\n\t\t<div class=\"elementor-element elementor-element-097b025 e-flex e-con-boxed e-con e-child\" data-id=\"097b025\" data-element_type=\"container\" data-e-type=\"container\">\n\t\t\t\t\t<div class=\"e-con-inner\">\n\t\t\t\t<div class=\"elementor-element elementor-element-0711933 elementor-invisible elementor-widget elementor-widget-heading\" data-id=\"0711933\" data-element_type=\"widget\" data-e-type=\"widget\" data-settings=\"{&quot;_animation&quot;:&quot;fadeInUp&quot;}\" data-widget_type=\"heading.default\">\n\t\t\t\t\t<h2 class=\"elementor-heading-title elementor-size-default\">Vores <span class=\"color-violet\">vision<\/span> for din behandling<\/h2>\t\t\t\t<\/div>\n\t\t\t\t\t<\/div>\n\t\t\t\t<\/div>\n\t\t\t\t<\/div>\n\t\t<div class=\"elementor-element elementor-element-5302b83 e-con-full e-flex e-con e-child\" data-id=\"5302b83\" data-element_type=\"container\" data-e-type=\"container\">\n\t\t<div class=\"elementor-element elementor-element-293be45 e-con-full e-flex e-con e-child\" data-id=\"293be45\" data-element_type=\"container\" data-e-type=\"container\">\n\t\t<div class=\"elementor-element elementor-element-40c77a6 e-con-full e-flex e-con e-child\" data-id=\"40c77a6\" data-element_type=\"container\" data-e-type=\"container\">\n\t\t<div class=\"elementor-element elementor-element-6e02749 e-con-full e-flex e-con e-child\" data-id=\"6e02749\" data-element_type=\"container\" data-e-type=\"container\" data-settings=\"{&quot;background_background&quot;:&quot;classic&quot;}\">\n\t\t\t\t<div class=\"elementor-element elementor-element-acf7afa elementor-widget elementor-widget-heading\" data-id=\"acf7afa\" data-element_type=\"widget\" data-e-type=\"widget\" data-widget_type=\"heading.default\">\n\t\t\t\t\t<h3 class=\"elementor-heading-title elementor-size-default\">Ekspertise<\/h3>\t\t\t\t<\/div>\n\t\t\t\t<div class=\"elementor-element elementor-element-08c8496 elementor-widget elementor-widget-text-editor\" data-id=\"08c8496\" data-element_type=\"widget\" data-e-type=\"widget\" data-widget_type=\"text-editor.default\">\n\t\t\t\t\t\t\t\t\t<p>Vores praktiserende l\u00e6ger giver dig den n\u00f8dvendige kvalitet i behandlingen. Vi tilbyder hver af vores medarbejdere et berigende milj\u00f8 og tilskynder til erfaringsudveksling. <\/p>\t\t\t\t\t\t\t\t<\/div>\n\t\t\t\t<\/div>\n\t\t<div class=\"elementor-element elementor-element-d41dbb6 e-con-full e-flex e-con e-child\" data-id=\"d41dbb6\" data-element_type=\"container\" data-e-type=\"container\" data-settings=\"{&quot;background_background&quot;:&quot;classic&quot;}\">\n\t\t\t\t<div class=\"elementor-element elementor-element-4e6c169 elementor-widget elementor-widget-heading\" data-id=\"4e6c169\" data-element_type=\"widget\" data-e-type=\"widget\" data-widget_type=\"heading.default\">\n\t\t\t\t\t<h3 class=\"elementor-heading-title elementor-size-default\">Tillid<\/h3>\t\t\t\t<\/div>\n\t\t\t\t<div class=\"elementor-element elementor-element-8fc4f1e elementor-widget elementor-widget-text-editor\" data-id=\"8fc4f1e\" data-element_type=\"widget\" data-e-type=\"widget\" data-widget_type=\"text-editor.default\">\n\t\t\t\t\t\t\t\t\t<p>Sundhed er kernen i vores liv, b\u00e5de personligt og intimt. Vi leverer sikkerhed og forsikring til alle gennem en etisk plejeoplevelse, der er tilpasset deres behov og m\u00e5l. <\/p>\t\t\t\t\t\t\t\t<\/div>\n\t\t\t\t<\/div>\n\t\t\t\t<\/div>\n\t\t\t\t<\/div>\n\t\t<div class=\"elementor-element elementor-element-284cc77 e-con-full e-flex e-con e-child\" data-id=\"284cc77\" data-element_type=\"container\" data-e-type=\"container\" data-settings=\"{&quot;background_background&quot;:&quot;classic&quot;}\">\n\t\t\t\t<\/div>\n\t\t\t\t<\/div>\n\t\t<div class=\"elementor-element elementor-element-eb9bbe5 e-con-full e-flex e-con e-child\" data-id=\"eb9bbe5\" data-element_type=\"container\" data-e-type=\"container\">\n\t\t<div class=\"elementor-element elementor-element-809b749 e-con-full e-flex e-con e-child\" data-id=\"809b749\" data-element_type=\"container\" data-e-type=\"container\" data-settings=\"{&quot;background_background&quot;:&quot;classic&quot;}\">\n\t\t\t\t<\/div>\n\t\t<div class=\"elementor-element elementor-element-4491eac e-con-full e-flex e-con e-child\" data-id=\"4491eac\" data-element_type=\"container\" data-e-type=\"container\">\n\t\t<div class=\"elementor-element elementor-element-22ad280 e-con-full e-flex e-con e-child\" data-id=\"22ad280\" data-element_type=\"container\" data-e-type=\"container\">\n\t\t<div class=\"elementor-element elementor-element-702c06f e-con-full e-flex e-con e-child\" data-id=\"702c06f\" data-element_type=\"container\" data-e-type=\"container\" data-settings=\"{&quot;background_background&quot;:&quot;classic&quot;}\">\n\t\t\t\t<div class=\"elementor-element elementor-element-4931b61 elementor-widget elementor-widget-heading\" data-id=\"4931b61\" data-element_type=\"widget\" data-e-type=\"widget\" data-widget_type=\"heading.default\">\n\t\t\t\t\t<h3 class=\"elementor-heading-title elementor-size-default\">St\u00f8tte<\/h3>\t\t\t\t<\/div>\n\t\t\t\t<div class=\"elementor-element elementor-element-61996aa elementor-widget elementor-widget-text-editor\" data-id=\"61996aa\" data-element_type=\"widget\" data-e-type=\"widget\" data-widget_type=\"text-editor.default\">\n\t\t\t\t\t\t\t\t\t<p>Vi v\u00e6rds\u00e6tter en sundhedstilgang, der er dynamisk, proaktiv og i konstant udvikling. Vi er til stede p\u00e5 hvert trin af behandlingsforl\u00f8bet og tilbyder de n\u00f8dvendige ressourcer til enhver, der \u00f8nsker at fremme deres sundhed. <\/p>\t\t\t\t\t\t\t\t<\/div>\n\t\t\t\t<\/div>\n\t\t<div class=\"elementor-element elementor-element-7ae2d82 e-con-full e-flex e-con e-child\" data-id=\"7ae2d82\" data-element_type=\"container\" data-e-type=\"container\" data-settings=\"{&quot;background_background&quot;:&quot;classic&quot;}\">\n\t\t\t\t<div class=\"elementor-element elementor-element-4e26e4b elementor-widget elementor-widget-heading\" data-id=\"4e26e4b\" data-element_type=\"widget\" data-e-type=\"widget\" data-widget_type=\"heading.default\">\n\t\t\t\t\t<h3 class=\"elementor-heading-title elementor-size-default\">Innovation<\/h3>\t\t\t\t<\/div>\n\t\t\t\t<div class=\"elementor-element elementor-element-52bf114 elementor-widget elementor-widget-text-editor\" data-id=\"52bf114\" data-element_type=\"widget\" data-e-type=\"widget\" data-widget_type=\"text-editor.default\">\n\t\t\t\t\t\t\t\t\t<p>Vi udvikler effektive v\u00e6rkt\u00f8jer og innovative l\u00f8sninger for at lette adgangen til og kvaliteten af pleje.<br>Vores v\u00e6rkt\u00f8jer er til gavn for vores patienter og sundhedspersonale og forbedrer den menneskelige oplevelse af pleje.<\/p>\t\t\t\t\t\t\t\t<\/div>\n\t\t\t\t<\/div>\n\t\t\t\t<\/div>\n\t\t\t\t<\/div>\n\t\t\t\t<\/div>\n\t\t\t\t\t<\/div>\n\t\t\t\t<\/div>\n\t\t<section class=\"elementor-element elementor-element-d8c9d9d e-flex e-con-boxed e-con e-parent\" data-id=\"d8c9d9d\" data-element_type=\"container\" data-e-type=\"container\">\n\t\t\t\t\t<div class=\"e-con-inner\">\n\t\t<div class=\"elementor-element elementor-element-c38b0f2 e-con-full e-flex e-con e-child\" data-id=\"c38b0f2\" data-element_type=\"container\" data-e-type=\"container\">\n\t\t\t\t<div class=\"elementor-element elementor-element-8c9b09e elementor-widget elementor-widget-heading\" data-id=\"8c9b09e\" data-element_type=\"widget\" data-e-type=\"widget\" data-widget_type=\"heading.default\">\n\t\t\t\t\t<h2 class=\"elementor-heading-title elementor-size-default\">Dine <span class=\"color-violet\">sp\u00f8rgsm\u00e5l<\/span><\/h2>\t\t\t\t<\/div>\n\t\t\t\t<\/div>\n\t\t<div class=\"elementor-element elementor-element-316394b e-con-full e-flex e-con e-child\" data-id=\"316394b\" data-element_type=\"container\" data-e-type=\"container\">\n\t\t\t\t<div class=\"elementor-element elementor-element-b5dc529 elementor-widget elementor-widget-n-accordion\" data-id=\"b5dc529\" data-element_type=\"widget\" data-e-type=\"widget\" data-settings=\"{&quot;default_state&quot;:&quot;expanded&quot;,&quot;max_items_expended&quot;:&quot;one&quot;,&quot;n_accordion_animation_duration&quot;:{&quot;unit&quot;:&quot;ms&quot;,&quot;size&quot;:400,&quot;sizes&quot;:[]}}\" data-widget_type=\"nested-accordion.default\">\n\t\t\t\t\t\t\t<div class=\"e-n-accordion\" aria-label=\"Accordion. Open links with Enter or Space, close with Escape, and navigate with Arrow Keys\">\n\t\t\t\t\t\t<details id=\"e-n-accordion-item-1900\" class=\"e-n-accordion-item\" open>\n\t\t\t\t<summary class=\"e-n-accordion-item-title\" data-accordion-index=\"1\" tabindex=\"0\" aria-expanded=\"true\" aria-controls=\"e-n-accordion-item-1900\" >\n\t\t\t\t\t<span class='e-n-accordion-item-title-header'><h3 class=\"e-n-accordion-item-title-text\"> Hvordan bestiller man en tid hos Diabet'? <\/h3><\/span>\n\t\t\t\t\t\t\t<span class='e-n-accordion-item-title-icon'>\n\t\t\t<span class='e-opened' ><svg aria-hidden=\"true\" class=\"e-font-icon-svg e-fas-angle-up\" viewBox=\"0 0 320 512\" xmlns=\"http:\/\/www.w3.org\/2000\/svg\"><path d=\"M177 159.7l136 136c9.4 9.4 9.4 24.6 0 33.9l-22.6 22.6c-9.4 9.4-24.6 9.4-33.9 0L160 255.9l-96.4 96.4c-9.4 9.4-24.6 9.4-33.9 0L7 329.7c-9.4-9.4-9.4-24.6 0-33.9l136-136c9.4-9.5 24.6-9.5 34-.1z\"><\/path><\/svg><\/span>\n\t\t\t<span class='e-closed'><svg aria-hidden=\"true\" class=\"e-font-icon-svg e-fas-angle-down\" viewBox=\"0 0 320 512\" xmlns=\"http:\/\/www.w3.org\/2000\/svg\"><path d=\"M143 352.3L7 216.3c-9.4-9.4-9.4-24.6 0-33.9l22.6-22.6c9.4-9.4 24.6-9.4 33.9 0l96.4 96.4 96.4-96.4c9.4-9.4 24.6-9.4 33.9 0l22.6 22.6c9.4 9.4 9.4 24.6 0 33.9l-136 136c-9.2 9.4-24.4 9.4-33.8 0z\"><\/path><\/svg><\/span>\n\t\t<\/span>\n\n\t\t\t\t\t\t<\/summary>\n\t\t\t\t<div role=\"region\" aria-labelledby=\"e-n-accordion-item-1900\" class=\"elementor-element elementor-element-66230fb e-flex e-con-boxed e-con e-child\" data-id=\"66230fb\" data-element_type=\"container\" data-e-type=\"container\">\n\t\t\t\t\t<div class=\"e-con-inner\">\n\t\t\t\t<div class=\"elementor-element elementor-element-dd81ff6 elementor-widget elementor-widget-text-editor\" data-id=\"dd81ff6\" data-element_type=\"widget\" data-e-type=\"widget\" data-widget_type=\"text-editor.default\">\n\t\t\t\t\t\t\t\t\t<p>Tidsbestilling er endnu ikke tilg\u00e6ngelig.<\/p>\t\t\t\t\t\t\t\t<\/div>\n\t\t\t\t\t<\/div>\n\t\t\t\t<\/div>\n\t\t\t\t\t<\/details>\n\t\t\t\t\t<\/div>\n\t\t\t\t\t<script type=\"application\/ld+json\">{\"@context\":\"https:\\\/\\\/schema.org\",\"@type\":\"FAQPage\",\"mainEntity\":[{\"@type\":\"Question\",\"name\":\"Hvordan bestiller man en tid hos Diabet'?\",\"acceptedAnswer\":{\"@type\":\"Answer\",\"text\":\"Tidsbestilling er endnu ikke tilg\\u00e6ngelig.\"}}]}<\/script>\n\t\t\t\t\t\t\t<\/div>\n\t\t\t\t<\/div>\n\t\t\t\t\t<\/div>\n\t\t\t\t<\/section>\n\t\t\t\t<\/div>\n\t\t","protected":false},"excerpt":{"rendered":"<p>Diabet&#039; Vores plan mod diabetes Vores medicinske projekt Et tv\u00e6rfagligt team dedikeret til din behandling og forbedring af din livskvalitet. Forebyggelse Undg\u00e5 forv\u00e6rring af sygdommen og fremme en positiv tilgang gennem dedikerede konsultationer og koordinering af de forskellige specialister, der er involveret i din behandling. Uddannelse Udvikle f\u00e6rdigheder, der er specifikke for behovene i sin [&hellip;]<\/p>\n","protected":false},"author":1,"featured_media":18451,"parent":0,"menu_order":78,"comment_status":"closed","ping_status":"closed","template":"","meta":{"_acf_changed":false,"_lmt_disableupdate":"","_lmt_disable":"","footnotes":""},"tags":[10],"folder":[102],"class_list":["post-18449","page","type-page","status-publish","has-post-thumbnail","hentry","tag-global-cabinet"],"acf":[],"_links":{"self":[{"href":"https:\/\/diabet.fr\/da\/wp-json\/wp\/v2\/pages\/18449","targetHints":{"allow":["GET"]}}],"collection":[{"href":"https:\/\/diabet.fr\/da\/wp-json\/wp\/v2\/pages"}],"about":[{"href":"https:\/\/diabet.fr\/da\/wp-json\/wp\/v2\/types\/page"}],"author":[{"embeddable":true,"href":"https:\/\/diabet.fr\/da\/wp-json\/wp\/v2\/users\/1"}],"replies":[{"embeddable":true,"href":"https:\/\/diabet.fr\/da\/wp-json\/wp\/v2\/comments?post=18449"}],"version-history":[{"count":1,"href":"https:\/\/diabet.fr\/da\/wp-json\/wp\/v2\/pages\/18449\/revisions"}],"predecessor-version":[{"id":22869,"href":"https:\/\/diabet.fr\/da\/wp-json\/wp\/v2\/pages\/18449\/revisions\/22869"}],"wp:featuredmedia":[{"embeddable":true,"href":"https:\/\/diabet.fr\/da\/wp-json\/wp\/v2\/media\/18451"}],"wp:attachment":[{"href":"https:\/\/diabet.fr\/da\/wp-json\/wp\/v2\/media?parent=18449"}],"wp:term":[{"taxonomy":"post_tag","embeddable":true,"href":"https:\/\/diabet.fr\/da\/wp-json\/wp\/v2\/tags?post=18449"},{"taxonomy":"folder","embeddable":true,"href":"https:\/\/diabet.fr\/da\/wp-json\/wp\/v2\/folder?post=18449"}],"curies":[{"name":"wp","href":"https:\/\/api.w.org\/{rel}","templated":true}]}}