{"id":18237,"date":"2023-11-19T13:41:47","date_gmt":"2023-11-19T12:41:47","guid":{"rendered":"https:\/\/diabet.fr\/generelle-brugsbetingelser\/"},"modified":"2024-12-23T22:38:40","modified_gmt":"2024-12-23T21:38:40","slug":"generelle-brugsbetingelser","status":"publish","type":"page","link":"https:\/\/diabet.fr\/da\/generelle-brugsbetingelser\/","title":{"rendered":"Generelle Brugsbetingelser"},"content":{"rendered":"\t\t<div data-elementor-type=\"wp-page\" data-elementor-id=\"18237\" class=\"elementor elementor-18237 elementor-157\" data-elementor-post-type=\"page\">\n\t\t\t\t<section class=\"elementor-element elementor-element-cbfc4d1 e-con-full e-flex e-con e-parent\" data-id=\"cbfc4d1\" data-element_type=\"container\" data-e-type=\"container\">\n\t\t<div class=\"elementor-element elementor-element-4616f0d e-con-full e-flex e-con e-child\" data-id=\"4616f0d\" data-element_type=\"container\" data-e-type=\"container\" data-settings=\"{&quot;background_background&quot;:&quot;classic&quot;}\">\n\t\t\t\t<div class=\"elementor-element elementor-element-eaafb77 elementor-align-center elementor-widget elementor-widget-breadcrumbs\" data-id=\"eaafb77\" data-element_type=\"widget\" data-e-type=\"widget\" data-widget_type=\"breadcrumbs.default\">\n\t\t\t\t<div class=\"elementor-widget-container\">\n\t\t\t\t\t<nav aria-label=\"breadcrumbs\" class=\"rank-math-breadcrumb\"><p><span class=\"last\">Diabet&#039;<\/span><\/p><\/nav>\t\t\t\t<\/div>\n\t\t\t\t<\/div>\n\t\t\t\t<div class=\"elementor-element elementor-element-f7e5159 elementor-widget elementor-widget-highlighted-heading\" data-id=\"f7e5159\" data-element_type=\"widget\" data-e-type=\"widget\" data-widget_type=\"highlighted-heading.default\">\n\t\t\t\t<div class=\"elementor-widget-container\">\n\t\t\t\t\t<h1 class=\"silicon-elementor-highlighted-heading__title\"><span class=\"si-multipurpose-text__before\">Conditions G\u00e9n\u00e9rales d'<\/span><span class=\"silicon-elementor-highlighted-heading__highlighted-text\">Utilisation<\/span><\/h1>\t\t\t\t<\/div>\n\t\t\t\t<\/div>\n\t\t\t\t<\/div>\n\t\t\t\t<\/section>\n\t\t<div class=\"elementor-element elementor-element-4b34fad e-flex e-con-boxed e-con e-parent\" data-id=\"4b34fad\" data-element_type=\"container\" data-e-type=\"container\">\n\t\t\t\t\t<div class=\"e-con-inner\">\n\t\t\t\t<div class=\"elementor-element elementor-element-fa6ff6f elementor-widget elementor-widget-text-editor\" data-id=\"fa6ff6f\" data-element_type=\"widget\" data-e-type=\"widget\" data-widget_type=\"text-editor.default\">\n\t\t\t\t\t\t\t\t\t<p>Internetstedet diabet.fr (det &#8220;<b>Site<\/b>&#8220;), udgivet af selskabet Liver Holding (Diabet&#8217;) (&#8220;<b>Diabet\u2019<\/b>&#8221; eller &#8220;<b>os<\/b>&#8220;), pr\u00e6senterer aktiviteterne i det medicinske klinik dedikeret til diabetes Diabet\u2019.<br \/>Adgang, konsultation, navigation og\/eller brug af webstedet og dets tjenester betyder fuld og hel accept af disse generelle brugsbetingelser (de &#8220;<b>CGU<\/b>&#8220;) der har til form\u00e5l at definere betingelserne for brug af webstedet og dets tjenester af enhver person, der har adgang til, konsulterer, navigerer og\/eller bruger hele eller dele af webstedet og dets tjenester (en &#8220;<b>Bruger<\/b>&#8220;).<br \/>Som f\u00f8lge heraf opfordres Brugeren til at l\u00e6se disse Generelle Brugsbetingelser (CGU) inden brug af webstedet og dets tjenester. Hvis brugeren afviser helt eller delvist nogen af bestemmelserne i disse CGU, bedes han eller hun undlade at bruge webstedet og dets tjenester. <br \/>Disse Betingelser og Vilk\u00e5r er tilg\u00e6ngelige til enhver tid p\u00e5 hjemmesiden og vil i givet fald have forrang frem for enhver anden version eller ethvert andet modstridende dokument.<br \/>Brugeren informeres om, at enhver online aftale med Diabet&#8217;, der er foretaget via Doctolib-platformen, som webstedet omdirigerer til, er underlagt Doctolib&#8217;s Servicevilk\u00e5r og Doctolib&#8217;s persondatapolitik.<br \/>Du kan stille alle dine sp\u00f8rgsm\u00e5l direkte til Diabet \u00bb ved at sende en e-mail til f\u00f8lgende adresse: webmaster@diabet.fr.<\/p>\n<h2>Adgang til hjemmeside og tjenester<\/h2>\n<p>Adgang til webstedet og dets tjenester er teknisk muligt fireogtyve (24) timer i d\u00f8gnet og syv (7) dage om ugen, forbeholdt for tilf\u00e6lde af force majeure, eventuelle nedbrud eller enhver vedligeholdelsesoperation n\u00f8dvendig for webstedets og dets tjenesters korrekte funktion.<br \/>I alle tilf\u00e6lde anerkender Brugeren at have den n\u00f8dvendige kompetence og midler til at f\u00e5 adgang til og bruge webstedet og dets tjenester. I denne forbindelse skal Brugeren have en computer, en mobiltelefon, en tablet eller enhver anden enhed med en internetforbindelse, hvis indstillinger tillader webstedet og dets tjenester at fungere korrekt. <\/p>\n<p>Generelt set erkl\u00e6rer Brugeren at v\u00e6re bekendt med risiciene forbundet med at navigere p\u00e5 internetsider og brugen af online tjenester, og accepterer dem. Brugeren anerkender is\u00e6r, at de oplysninger, der overf\u00f8res eller opbevares der, kan blive aflyttet eller \u00e6ndret uafh\u00e6ngigt af Diabet&#8217;s vilje. <\/p>\n<p>I den forbindelse anbefales det kraftigt, at Brugeren tager alle n\u00f8dvendige forholdsregler for at beskytte sig mod virkningerne af eventuelle computernedbrud, is\u00e6r ved at have en sikker og passende computerkonfiguration p\u00e5 sin computer, mobiltelefon, tablet eller ethvert andet brugt apparat (for eksempel ved at installere en virusdetekteringssoftware, der regelm\u00e6ssigt opdateres).<\/p>\n<h2>Tjenester tilbudt p\u00e5 hjemmesiden og databeskyttelse<\/h2>\n<h3>Betingelser for adgang til de tjenester, der tilbydes p\u00e5 siden<\/h3>\n<p>For at drage fordel af de tjenester, der tilbydes p\u00e5 webstedet, skal Brugeren:<\/p>\n<ul>\n<li>V\u00e6re myndig ;<\/li>\n<li>Have evnen og kvaliteten kr\u00e6vet for at kunne drage fordel af webstedets tjenester ;<\/li>\n<li>Brug webstedet og dets tjenester i overensstemmelse med disse Vilk\u00e5r og Betingelser.<\/li>\n<\/ul>\n<p>Desuden indeb\u00e6rer adgang til de tjenester, der tilbydes p\u00e5 webstedet, undertiden at udfylde de obligatoriske felter i formularen forbundet med den \u00f8nskede service (for eksempel for-konsultationssp\u00f8rgeskema, kontaktformular, ans\u00f8gning om en ledig stilling).<\/p>\n<p>Brugeren garanterer sandheden og n\u00f8jagtigheden af de oplysninger, der gives i denne forbindelse. Brugeren forpligter sig is\u00e6r til ikke at skabe en falsk identitet, der kan f\u00f8re Diabet&#8217; eller tredjeparter til fejl, og til ikke at tilegne sig identiteten af en anden fysisk person. Hvis brugeren giver falske, un\u00f8jagtige, for\u00e6ldede, ufuldst\u00e6ndige, vildledende oplysninger eller oplysninger, der kan f\u00f8re til fejl, kan Diabet&#8217;, straks og uden varsel eller kompensation, n\u00e6gte brugeren adgang, midlertidigt eller permanent, til hele eller dele af webstedet og dets tjenester.  <\/p>\n<p>Brugeren er informeret og accepterer at hans\/hendes data af karakter personligt er kommunikeret til l\u00e6gen eller sundhedsprofessionel ud\u00f8vende i centret Diabet&#8217; (den \u00ab <b>Sundhedsprofessionel<\/b> \u00bb) som han\/hun booker en konsultation hos, samt til alle udbydere af it tjenester fra Diabet&#8217; hvis indsats ville v\u00e6re n\u00f8dvendig for at godt gennemf\u00f8re tjenesterne.<\/p>\n<p>For at f\u00e5 mere at vide om, hvordan Diabet&#8217; bruger dine personlige data, og hvordan du kan ud\u00f8ve dine rettigheder i denne henseende, anbefales brugeren at l\u00e6se Privatlivspolitikken.<\/p>\n<p>For alt, der vedr\u00f8rer cookies, opfordres Brugeren til at konsultere <a href=\"https:\/\/diabet.fr\/cookies\/\">Cookiepolitikken<\/a>.<\/p>\n<h3>Tjenester tilbudt p\u00e5 webstedet<\/h3>\n<p>Fra webstedet kan brugeren :<\/p>\n<ul>\n<li>F\u00e5 adgang til de tilg\u00e6ngelige oplysninger om Diabet&#8217; og centret ;<\/li>\n<li>Udfyldelse af sp\u00f8rgeskemaer ;<\/li>\n<li>Bestil en aftale online hos en Sundhedsprofessionel via Doctolib-platformen, som webstedet omdirigerer til ;<\/li>\n<li>Kontakt Diabet&#8217; for enhver informationsforesp\u00f8rgsel ;<\/li>\n<li>Se de ledige jobtilbud hos Diabet&#8217; og ans\u00f8g om n\u00f8dvendigt.<\/li>\n<\/ul>\n<h2>Generelle forpligtelser for brugeren<\/h2>\n<p>Brugeren forbyder is\u00e6r:<\/p>\n<ul>\n<li>At bruge hjemmesiden og dens tjenester til kommercielle form\u00e5l, efterforskning, anmodning eller reklame ;<\/li>\n<li>Enhver adf\u00e6rd af natur til at skade integriteten, til driften eller til sikkerheden af informationssystemet, der er grundlaget for driften af webstedet og dets tjenester ;<\/li>\n<li>Enhver indtr\u00e6ngen eller fors\u00f8g p\u00e5 indtr\u00e6ngen i Diabet&#8217;s informationssystemer ;<\/li>\n<li>Enhver overtr\u00e6delse eller fors\u00f8g p\u00e5 overtr\u00e6delse af sikkerhedsforanstaltningerne p\u00e5 webstedet ;<\/li>\n<li>Enhver indsamling, udtr\u00e6kning eller brug, p\u00e5 nogen m\u00e5de, af informationerne p\u00e5 webstedet ;<\/li>\n<li>Og mere generelt, enhver handling, der er egnet til at skade rettighederne og interesserne for Diabet&#8217; eller tredjeparter.<\/li>\n<\/ul>\n<p>I tilf\u00e6lde af overtr\u00e6delse af disse Vilk\u00e5r og Betingelser eller g\u00e6ldende lovgivning, herunder enhver uautoriseret brug af webstedet og dets tjenester konstateret af Diabet&#8217;, forbeholder denne sig retten til at opsige denne kontraktforhold, uden varsel eller erstatning, samt at blokere brugerens fremtidige adgang til hele eller dele af webstedet og dets tjenester.<\/p>\n<h2>Intellektuel ejendomsret<\/h2>\n<p>Webstedet og alle elementer, der udg\u00f8r det eller stilles til r\u00e5dighed for brugerne, herunder for-konsultationssp\u00f8rgeskemaet, m\u00e6rker, logoer, fotografier, programmer, kildekoder, objektkoder, data, databaser, animerede eller ikke-animerede billeder, lyde, tegninger, grafik, videoer, tekster, layout, udseende, struktur, samt ethvert andet element, der ikke er relateret til hyperlinks til tredjepartssider, er ejendom af Diabet&#8217; eller er genstand for en licens tildeles til dens fordel af enhver indehaver af intellektuelle ejendomsrettigheder.<\/p>\n<p>Alle disse elementer er underlagt bestemmelserne i den g\u00e6ldende franske og internationale lovgivning om intellektuel ejendomsret, herunder loven om intellektuel ejendomsret, og er derfor beskyttet mod enhver uautoriseret brug i henhold til loven eller disse Generelle Betingelser og Vilk\u00e5r, med risiko for &#8211; i tilf\u00e6lde af manglende overholdelse &#8211; retsforf\u00f8lgelse.<\/p>\n<p>Diabet&#8217; giver Brugeren en personlig, ikke-eksklusiv og gratis ret til at konsultere og bruge webstedet og dets tjenester til eget brug og strengt inden for rammerne af de operationer, der er tilladt i henhold til disse Vilk\u00e5r og Betingelser.<\/p>\n<p>Under forbehold af de brugsrettigheder, der er givet til Brugeren af Diabet&#8217;, medf\u00f8rer brugen af webstedet og dets tjenester ingen licens, ej heller nogen overdragelse af de rettigheder, der h\u00f8rer til elementerne p\u00e5 webstedet, til fordel for Brugeren. Is\u00e6r er enhver kopi, reproduktion, fremstilling, tilpasning, \u00e6ndring, fuldst\u00e6ndig eller delvis spredning af webstedet, samt alt eller en del af dets indhold, ved enhver proces og p\u00e5 ethvert medium, ulovlig undtagen forudg\u00e5ende, udtrykkelig og skriftlig tilladelse fra Diabet&#8217; eller indehaveren af de intellektuelle ejendomsrettigheder. <\/p>\n<p>Overtr\u00e6delse af disse bestemmelser, is\u00e6r for kommercielle form\u00e5l, kan medf\u00f8re retsforf\u00f8lgning p\u00e5 grundlag af en kr\u00e6nkelse og\/eller en uretf\u00e6rdig konkurrence handling og\/eller parasitisk adf\u00e6rd fra rettighedshavernes side. Dette er uden forringelse af andre rettigheder fra Diabet&#8217;, is\u00e6r retten til at opn\u00e5 erstatning for lidt skade. <\/p>\n<h2>Ansvarlighed<\/h2>\n<p>Webstedet stilles gratis til r\u00e5dighed for brugeren. Selvom Diabet&#8217; bestr\u00e6ber sig p\u00e5 at levere et p\u00e5lideligt websted, garanterer Diabet&#8217; ikke, at det er fri for fejl, un\u00f8jagtigheder eller udeladelser, perioder med utilg\u00e6ngelighed, svagheder eller mangler. Derudover garanterer Diabet&#8217; ikke for n\u00f8jagtigheden, kvaliteten, lovligheden eller egnetheden til et bestemt form\u00e5l af webstedet, de tjenester, der tilbydes der, og indholdet, der er offentliggjort der. Som en konsekvens anerkender brugeren, at han\/hun bruger webstedet, de tilbudte tjenester og det offentliggjorte indhold under sin egen fulde ansvar.   <\/p>\n<p>I s\u00e6rdeleshed kan Diabet&#8217; under ingen omst\u00e6ndigheder holdes ansvarlig af Brugeren i tilf\u00e6lde af fejl i indtastning af hans kontaktoplysninger, is\u00e6r med hensyn til indtastning af hans telefonnummer.<\/p>\n<p>Diabet&#8217; g\u00f8r Brugeren opm\u00e6rksom p\u00e5, at den p\u00e5 ingen m\u00e5de garanterer sundhedsprofessionelles tilg\u00e6ngelighed til en konsultation. Diabet&#8217; fungerer kun som mellemmand mellem Brugeren og sundhedsprofessionel. Diabet&#8217; kan under ingen omst\u00e6ndigheder holdes ansvarlig for en sundhedsprofessionels manglende tilg\u00e6ngelighed til en konsultation. Enhver eventuel tvist, der kan opst\u00e5 mellem Brugeren og sundhedsprofessionel, skal h\u00e5ndteres direkte mellem den p\u00e5g\u00e6ldende Bruger og sundhedsprofessionel.   <\/p>\n<p>Under ingen omst\u00e6ndigheder kan oplysningerne p\u00e5 webstedet erstatte r\u00e5d og diagnose fra en sundhedsprofessionel eller erstatte en l\u00e6gekonsultation om n\u00f8dvendigt. Enhver beslutning truffet p\u00e5 baggrund af oplysningerne p\u00e5 webstedet vil kun v\u00e6re forfatterens ansvar. Diabet&#8217; er derfor p\u00e5 ingen m\u00e5de ansvarlig for disse beslutninger, hverken direkte eller indirekte, eller for skader, direkte eller indirekte, der kunne opst\u00e5 som f\u00f8lge heraf. <\/p>\n<p>Webstedet pr\u00e6senterer navnlig taksterne eller prisintervallerne for de honorarer, som sundhedsprofessionelle fra l\u00e6geklinikken praktiserer, samt refusionstaksten fra den g\u00e6ldende sygesikring, der svarer til de tilbudte ydelser. Brugeren informeres om, at den endelige pris for sundhedsydelsen kan variere afh\u00e6ngigt af hvilken type konsultation, der faktisk er gennemf\u00f8rt, og at disse oplysninger derfor kun gives vejledende. <\/p>\n<p>Desuden kan Diabet&#8217; ikke holdes ansvarlig for direkte eller indirekte skader, der kan opst\u00e5:<\/p>\n<ul>\n<li>Om enhver funktionsfejl eller forurening af computeren, mobiltelefonen, tabletten eller andet udstyr, som Brugeren bruger under eller efter navigation p\u00e5 siden, umulighed for adgang eller d\u00e5rlige brugsforhold tilskrevet disse udstyr, internetudbyderen, internetnettets overbelastning, eller enhver anden \u00e5rsag uden for Diabet&#8217;;<\/li>\n<li>Elektroniske eller telefoniske kommunikationsomkostninger, som opst\u00e5r ved brug af disse udstyr, og som udelukkende er brugerens ansvar og ikke vil blive d\u00e6kket af Diabet&#8217;;<\/li>\n<li>Af enhver afbrydelse, midlertidig eller permanent, af hele eller dele af webstedets funktioner, is\u00e6r i tilf\u00e6lde af vedligeholdelse, \u00e6ndring eller opdatering af webstedet, i tilf\u00e6lde af tekniske h\u00e6ndelser og, mere generelt, i tilf\u00e6lde af begivenheder uden for Diabet&#8217; kontrol ;<\/li>\n<li>For enhver konsekvens der kan opst\u00e5 p\u00e5 grund af indholdet p\u00e5 tredjepartswebsites, som der kan v\u00e6re hyperlinker til p\u00e5 webstedet ;<\/li>\n<li>Eventuelle indirekte skader, der ville blive lidt af Brugeren ;<\/li>\n<li>For enhver skade, der er lidt af Brugeren eller en tredjepart, der skyldes brug af webstedet, der ikke overholder disse Vilk\u00e5r og Betingelser;<\/li>\n<li>Enhver manglende opfyldelse af forpligtelserne i disse Vilk\u00e5r og Betingelser, der skyldes eller har sin oprindelse i en tilf\u00e6ldighed eller en h\u00e6ndelse af st\u00f8rre magt, som defineret i artikel 1218 i civilretten.<\/li>\n<\/ul>\n<p>I det tilf\u00e6lde, hvor Diabet&#8217; ville blive holdt ansvarlig for en skade, der ikke er forudset i denne artikel, vil dens ansvar v\u00e6re begr\u00e6nset til visse, reelle og direkte skader.<\/p>\n<p>I det f\u00f8lgende kan Diabet&#8217;, dets repr\u00e6sentanter og partnere under ingen omst\u00e6ndigheder holdes ansvarlige for indirekte skader, der opst\u00e5r som f\u00f8lge af brugen af webstedet, de tjenester, der tilbydes der, og indholdet, der er offentliggjort der, herunder tab af indtjening, tab af fortjeneste, tab af mulighed eller skader, der opst\u00e5r fra tab af data for\u00e5rsaget af manglende evne til at bruge webstedet og dets tjenester.<\/p>\n<h2>\u00c6ndring<\/h2>\n<p>Disse Vilk\u00e5r og Betingelser er dateret pr\u00e6cist og kan blive \u00e6ndret og opdateret af Diabet&#8217; p\u00e5 ethvert tidspunkt, is\u00e6r i tilf\u00e6lde af udvikling af hjemmesiden eller \u00e6ndringer i den g\u00e6ldende lovgivning.<\/p>\n<p>De g\u00e6ldende Vilk\u00e5r og Betingelser er dem, der er offentliggjort p\u00e5 webstedet p\u00e5 det tidspunkt, brugeren f\u00e5r adgang til webstedet. Derfor anbefales brugeren at gennemse Vilk\u00e5r og Betingelser hver gang ved ny adgang til webstedet. <\/p>\n<p>Denne version af Vilk\u00e5r og Betingelser erstatter alle tidligere versioner.<\/p>\n<h2>Oph\u00f8r af webstedet<\/h2>\n<p>Diabet\u2019 forbeholder sig retten til midlertidigt eller permanent at afbryde adgangen til hele eller dele af webstedet eller de tjenester, der tilbydes der, is\u00e6r i tilf\u00e6lde af oph\u00f8r af aktiviteten relateret til tilvejebringelsen af webstedet eller i tilf\u00e6lde af kollektiv procedure.<\/p>\n<h2>Overdragelse<\/h2>\n<p>I henhold til g\u00e6ldende lov accepterer Brugeren, at disse Vilk\u00e5r og Betingelser, der binder ham til Diabet&#8217;, kan overdrages, overf\u00f8res eller bidrages p\u00e5 nogen m\u00e5de. I forbindelse med overf\u00f8rsel af virksomheden til en tredjepart, vil disse Vilk\u00e5r og Betingelser, der binder Brugeren til Diabet&#8217;, automatisk blive overf\u00f8rt til erhververen. <\/p>\n<h2>Hypertekstlinks<\/h2>\n<p>Websitet kan indeholde hyperlinks til eksterne websites eller kilder, der ikke er udgivet af Diabet\u2019. I det omfang Diabet\u2019 ikke kan kontrollere disse websites og eksterne kilder, kan Diabet\u2019 ikke holdes ansvarlig for tilg\u00e6ngeligheden af disse websites og eksterne kilder, og fral\u00e6gger sig derfor ethvert ansvar i forhold til indhold, reklamer, produkter, tjenester eller andet materiale tilg\u00e6ngeligt p\u00e5 eller fra disse websites eller eksterne kilder. Beslutningen om at aktivere hyperlinks ligger udelukkende hos Brugeren.  <\/p>\n<p>Diabet\u2019 minder Brugeren om, at eksterne websteder eller kilder, der ikke er tilknyttet, er underlagt deres egne generelle brugsbetingelser.<\/p>\n<p>Hvis Brugeren \u00f8nsker at oprette et hyperlink, der henviser til webstedet, skal han\/hun opn\u00e5 skriftlig og forudg\u00e5ende tilladelse fra Diabet&#8217; ved at sende en email til f\u00f8lgende adresse: webmaster@diabet.fr.<\/p>\n<p>Diabet&#8217; kan efter eget sk\u00f8n acceptere eller afvise enhver anmodning, der er rettet til dette form\u00e5l. Diabet&#8217; har ingen forpligtelse til at acceptere en s\u00e5dan anmodning, eller til at give nogen grund til at afvise en s\u00e5dan anmodning om n\u00f8dvendigt. <\/p>\n<h2>Gyldighed af Vilk\u00e5r og Betingelser<\/h2>\n<p>Hver af artiklerne i disse Vilk\u00e5r og Betingelser g\u00e6lder separat. Enhver \u00e6ndring af g\u00e6ldende lovgivning, eller enhver afg\u00f8relse fra en domstol eller en kompetent myndighed, der ugyldigg\u00f8r en eller flere artikler i disse Vilk\u00e5r og Betingelser, kan p\u00e5 ingen m\u00e5de p\u00e5virke gyldigheden af de samlede Vilk\u00e5r og Betingelser. En s\u00e5dan \u00e6ndring eller afg\u00f8relse giver under ingen omst\u00e6ndigheder Brugeren ret til at overse de gyldige bestemmelser i disse Vilk\u00e5r og Betingelser.  <\/p>\n<h2>Sprog<\/h2>\n<p>Disse Vilk\u00e5r og Betingelser er skrevet p\u00e5 fransk. I tilf\u00e6lde af, at de er oversat til et eller flere sprog, er det kun den franske tekst, der er g\u00e6ldende i tilf\u00e6lde af en tvist. <\/p>\n<h2>G\u00e6ldende lov \/ Jurisdiktions tildeling<\/h2>\n<p>De n\u00e6rv\u00e6rende Betingelser og de operationer, der f\u00f8lger heraf, er underlagt, fortolket og anvendt i overensstemmelse med fransk lov.<\/p>\n<p>I tilf\u00e6lde af uenighed omkring fortolkningen eller udf\u00f8relsen, vil Diabet&#8217; og Brugeren s\u00f8ge, f\u00f8r enhver retssag, en fredelig l\u00f8sning og udveksle alle n\u00f8dvendige oplysninger til dette form\u00e5l.<\/p>\n<p>Hvis der ikke opn\u00e5s enighed mellem Diabet&#8217; og Brugeren inden for to (2) m\u00e5neder efter at tvisten er blevet meddelt den anden part, gives der udtrykkeligt kompetence til domstolene i Paris.<\/p>\n\t\t\t\t\t\t\t\t<\/div>\n\t\t\t\t\t<\/div>\n\t\t\t\t<\/div>\n\t\t\t\t<\/div>\n\t\t","protected":false},"excerpt":{"rendered":"<p>Diabet&#039; Conditions G\u00e9n\u00e9rales d&#8217;Utilisation Internetstedet diabet.fr (det &#8220;Site&#8220;), udgivet af selskabet Liver Holding (Diabet&#8217;) (&#8220;Diabet\u2019&#8221; eller &#8220;os&#8220;), pr\u00e6senterer aktiviteterne i det medicinske klinik dedikeret til diabetes Diabet\u2019.Adgang, konsultation, navigation og\/eller brug af webstedet og dets tjenester betyder fuld og hel accept af disse generelle brugsbetingelser (de &#8220;CGU&#8220;) der har til form\u00e5l at definere betingelserne for [&hellip;]<\/p>\n","protected":false},"author":1,"featured_media":0,"parent":0,"menu_order":80,"comment_status":"closed","ping_status":"closed","template":"","meta":{"_acf_changed":false,"_lmt_disableupdate":"","_lmt_disable":"","footnotes":""},"tags":[4],"folder":[101],"class_list":["post-18237","page","type-page","status-publish","hentry","tag-legal"],"acf":[],"_links":{"self":[{"href":"https:\/\/diabet.fr\/da\/wp-json\/wp\/v2\/pages\/18237","targetHints":{"allow":["GET"]}}],"collection":[{"href":"https:\/\/diabet.fr\/da\/wp-json\/wp\/v2\/pages"}],"about":[{"href":"https:\/\/diabet.fr\/da\/wp-json\/wp\/v2\/types\/page"}],"author":[{"embeddable":true,"href":"https:\/\/diabet.fr\/da\/wp-json\/wp\/v2\/users\/1"}],"replies":[{"embeddable":true,"href":"https:\/\/diabet.fr\/da\/wp-json\/wp\/v2\/comments?post=18237"}],"version-history":[{"count":0,"href":"https:\/\/diabet.fr\/da\/wp-json\/wp\/v2\/pages\/18237\/revisions"}],"wp:attachment":[{"href":"https:\/\/diabet.fr\/da\/wp-json\/wp\/v2\/media?parent=18237"}],"wp:term":[{"taxonomy":"post_tag","embeddable":true,"href":"https:\/\/diabet.fr\/da\/wp-json\/wp\/v2\/tags?post=18237"},{"taxonomy":"folder","embeddable":true,"href":"https:\/\/diabet.fr\/da\/wp-json\/wp\/v2\/folder?post=18237"}],"curies":[{"name":"wp","href":"https:\/\/api.w.org\/{rel}","templated":true}]}}